{"id":573,"date":"2022-12-21T10:19:40","date_gmt":"2022-12-21T10:19:40","guid":{"rendered":"https:\/\/xlab-stiftung.de\/?page_id=573"},"modified":"2022-12-21T10:19:40","modified_gmt":"2022-12-21T10:19:40","slug":"sf-2014-planetarische-parameter-fuer-intelligenz-der-thermostat-der-erde","status":"publish","type":"page","link":"https:\/\/xlab-stiftung.de\/en\/science-festival-2004-2017-2\/sf-2014-planetarische-parameter-fuer-intelligenz-der-thermostat-der-erde\/","title":{"rendered":"SF-2014 <strong><a href=\"\/en\/5539555.html\/?&amp;L=1%20%20%20%20%20%20%20%20%20%20%20%20%20%20%20%20%20%20%20%20%20%20%20%20%20%20%20%20%20Result%3A%20%3F%3F%20%3F%3F%3F%3F%3F%3F%3F%20%3F%3F%3F%3F%3F%20%3F%3F%3Fkursname%3DAnatomie\">Planetarische Parameter f\u00fcr Intelligenz: der Thermostat der Erde<\/a><\/strong>"},"content":{"rendered":"<p><em>rof. Dr. Gerhard W\u00f6rner,<br><\/em><em>Georg-August-Universit\u00e4t G\u00f6ttingen<\/em><\/p>\n\n\n\n<p>Wer meint, der richtige Abstand zur Sonne sei die wesentliche Voraussetzung f\u00fcr die Entstehung h\u00f6herer Lebensformen auf unserem Planeten, schaut zu kurz. Viele weitere grundlegende geophysikalische und geochemische Bedingungen m\u00fcssen erf\u00fcllt sein. Im Vortrag werden die wichtigsten Parameter zur langfristigen Stabilisierung der Lebensbedingungen auf unserem Planeten dargestellt. Stabile Klima-Bedingungen m\u00fcssen viele Millionen Jahre lang gegeben sein, damit die Evolution Pflanzen, Tiere und schlie\u00dflich intelligente Lebensformen wie den Menschen hervorbringen kann. Wie funktioniert die langfristige globale Klima-Steuerung? Bei der Wirkung eines stabilen planetaren Thermostaten stehen einerseits geologische Prozesse im Vordergrund, bei denen Plattenverschiebung und Vulkane und sogar unser Mond eine unerwartete Rolle spielen. Andererseits tr\u00e4gt das Leben selbst durch biologisch gesteuerte Prozesse der Gesteinsbildung zur Temperatursteuerung im \u201eSystem Erde\u201c bei.<\/p>\n\n\n\n<p>Einfache Lebensformen mag es auf vielen Planeten und Monden geben, aber der Mensch ist wohl im Kosmos weit und breit alleine.<\/p>","protected":false},"excerpt":{"rendered":"<p>rof. Dr. Gerhard W\u00f6rner,Georg-August-Universit\u00e4t G\u00f6ttingen Wer meint, der richtige Abstand zur Sonne sei die wesentliche Voraussetzung f\u00fcr die Entstehung h\u00f6herer Lebensformen auf unserem&hellip;<\/p>","protected":false},"author":1,"featured_media":0,"parent":133,"menu_order":51,"comment_status":"closed","ping_status":"closed","template":"","meta":[],"yoast_head":"<!-- This site is optimized with the Yoast SEO plugin v21.2 - https:\/\/yoast.com\/wordpress\/plugins\/seo\/ -->\n<title>SF-2014 Planetarische Parameter f\u00fcr Intelligenz: der Thermostat der Erde - XLAB Stiftung<\/title>\n<meta name=\"robots\" content=\"index, follow, max-snippet:-1, max-image-preview:large, max-video-preview:-1\" \/>\n<link rel=\"canonical\" href=\"https:\/\/xlab-stiftung.de\/en\/science-festival-2004-2017-2\/sf-2014-planetarische-parameter-fuer-intelligenz-der-thermostat-der-erde\/\" \/>\n<meta property=\"og:locale\" content=\"en_US\" \/>\n<meta property=\"og:type\" content=\"article\" \/>\n<meta property=\"og:title\" content=\"SF-2014 Planetarische Parameter f\u00fcr Intelligenz: der Thermostat der Erde - XLAB Stiftung\" \/>\n<meta property=\"og:description\" content=\"rof. Dr. Gerhard W\u00f6rner,Georg-August-Universit\u00e4t G\u00f6ttingen Wer meint, der richtige Abstand zur Sonne sei die wesentliche Voraussetzung f\u00fcr die Entstehung h\u00f6herer Lebensformen auf unserem&hellip;\" \/>\n<meta property=\"og:url\" content=\"https:\/\/xlab-stiftung.de\/en\/science-festival-2004-2017-2\/sf-2014-planetarische-parameter-fuer-intelligenz-der-thermostat-der-erde\/\" \/>\n<meta property=\"og:site_name\" content=\"XLAB Stiftung\" \/>\n<meta name=\"twitter:card\" content=\"summary_large_image\" \/>\n<meta name=\"twitter:label1\" content=\"Est. reading time\" \/>\n\t<meta name=\"twitter:data1\" content=\"1 minute\" \/>\n<script type=\"application\/ld+json\" class=\"yoast-schema-graph\">{\"@context\":\"https:\/\/schema.org\",\"@graph\":[{\"@type\":\"WebPage\",\"@id\":\"https:\/\/xlab-stiftung.de\/science-festival-2004-2017-2\/sf-2014-planetarische-parameter-fuer-intelligenz-der-thermostat-der-erde\/\",\"url\":\"https:\/\/xlab-stiftung.de\/science-festival-2004-2017-2\/sf-2014-planetarische-parameter-fuer-intelligenz-der-thermostat-der-erde\/\",\"name\":\"SF-2014 Planetarische Parameter f\u00fcr Intelligenz: der Thermostat der Erde - XLAB Stiftung\",\"isPartOf\":{\"@id\":\"https:\/\/xlab-stiftung.de\/#website\"},\"datePublished\":\"2022-12-21T10:19:40+00:00\",\"dateModified\":\"2022-12-21T10:19:40+00:00\",\"breadcrumb\":{\"@id\":\"https:\/\/xlab-stiftung.de\/science-festival-2004-2017-2\/sf-2014-planetarische-parameter-fuer-intelligenz-der-thermostat-der-erde\/#breadcrumb\"},\"inLanguage\":\"en-US\",\"potentialAction\":[{\"@type\":\"ReadAction\",\"target\":[\"https:\/\/xlab-stiftung.de\/science-festival-2004-2017-2\/sf-2014-planetarische-parameter-fuer-intelligenz-der-thermostat-der-erde\/\"]}]},{\"@type\":\"BreadcrumbList\",\"@id\":\"https:\/\/xlab-stiftung.de\/science-festival-2004-2017-2\/sf-2014-planetarische-parameter-fuer-intelligenz-der-thermostat-der-erde\/#breadcrumb\",\"itemListElement\":[{\"@type\":\"ListItem\",\"position\":1,\"name\":\"Startseite\",\"item\":\"https:\/\/xlab-stiftung.de\/\"},{\"@type\":\"ListItem\",\"position\":2,\"name\":\"Science Festival 2004-2023\",\"item\":\"https:\/\/xlab-stiftung.de\/science-festival-2004-2017-2\/\"},{\"@type\":\"ListItem\",\"position\":3,\"name\":\"SF-2014 Planetarische Parameter f\u00fcr Intelligenz: der Thermostat der Erde\"}]},{\"@type\":\"WebSite\",\"@id\":\"https:\/\/xlab-stiftung.de\/#website\",\"url\":\"https:\/\/xlab-stiftung.de\/\",\"name\":\"XLAB Stiftung\",\"description\":\"\",\"publisher\":{\"@id\":\"https:\/\/xlab-stiftung.de\/#organization\"},\"potentialAction\":[{\"@type\":\"SearchAction\",\"target\":{\"@type\":\"EntryPoint\",\"urlTemplate\":\"https:\/\/xlab-stiftung.de\/?s={search_term_string}\"},\"query-input\":\"required name=search_term_string\"}],\"inLanguage\":\"en-US\"},{\"@type\":\"Organization\",\"@id\":\"https:\/\/xlab-stiftung.de\/#organization\",\"name\":\"XLAB Stiftung\",\"url\":\"https:\/\/xlab-stiftung.de\/\",\"logo\":{\"@type\":\"ImageObject\",\"inLanguage\":\"en-US\",\"@id\":\"https:\/\/xlab-stiftung.de\/#\/schema\/logo\/image\/\",\"url\":\"https:\/\/xlab-stiftung.de\/wp-content\/uploads\/2023\/01\/ezgif.com-gif-maker-5.gif\",\"contentUrl\":\"https:\/\/xlab-stiftung.de\/wp-content\/uploads\/2023\/01\/ezgif.com-gif-maker-5.gif\",\"width\":2048,\"height\":230,\"caption\":\"XLAB Stiftung\"},\"image\":{\"@id\":\"https:\/\/xlab-stiftung.de\/#\/schema\/logo\/image\/\"}}]}<\/script>\n<!-- \/ Yoast SEO plugin. -->","yoast_head_json":{"title":"SF-2014 Planetarische Parameter f\u00fcr Intelligenz: der Thermostat der Erde - XLAB Stiftung","robots":{"index":"index","follow":"follow","max-snippet":"max-snippet:-1","max-image-preview":"max-image-preview:large","max-video-preview":"max-video-preview:-1"},"canonical":"https:\/\/xlab-stiftung.de\/en\/science-festival-2004-2017-2\/sf-2014-planetarische-parameter-fuer-intelligenz-der-thermostat-der-erde\/","og_locale":"en_US","og_type":"article","og_title":"SF-2014 Planetarische Parameter f\u00fcr Intelligenz: der Thermostat der Erde - XLAB Stiftung","og_description":"rof. Dr. Gerhard W\u00f6rner,Georg-August-Universit\u00e4t G\u00f6ttingen Wer meint, der richtige Abstand zur Sonne sei die wesentliche Voraussetzung f\u00fcr die Entstehung h\u00f6herer Lebensformen auf unserem&hellip;","og_url":"https:\/\/xlab-stiftung.de\/en\/science-festival-2004-2017-2\/sf-2014-planetarische-parameter-fuer-intelligenz-der-thermostat-der-erde\/","og_site_name":"XLAB Stiftung","twitter_card":"summary_large_image","twitter_misc":{"Est. reading time":"1 minute"},"schema":{"@context":"https:\/\/schema.org","@graph":[{"@type":"WebPage","@id":"https:\/\/xlab-stiftung.de\/science-festival-2004-2017-2\/sf-2014-planetarische-parameter-fuer-intelligenz-der-thermostat-der-erde\/","url":"https:\/\/xlab-stiftung.de\/science-festival-2004-2017-2\/sf-2014-planetarische-parameter-fuer-intelligenz-der-thermostat-der-erde\/","name":"SF-2014 Planetarische Parameter f\u00fcr Intelligenz: der Thermostat der Erde - XLAB Stiftung","isPartOf":{"@id":"https:\/\/xlab-stiftung.de\/#website"},"datePublished":"2022-12-21T10:19:40+00:00","dateModified":"2022-12-21T10:19:40+00:00","breadcrumb":{"@id":"https:\/\/xlab-stiftung.de\/science-festival-2004-2017-2\/sf-2014-planetarische-parameter-fuer-intelligenz-der-thermostat-der-erde\/#breadcrumb"},"inLanguage":"en-US","potentialAction":[{"@type":"ReadAction","target":["https:\/\/xlab-stiftung.de\/science-festival-2004-2017-2\/sf-2014-planetarische-parameter-fuer-intelligenz-der-thermostat-der-erde\/"]}]},{"@type":"BreadcrumbList","@id":"https:\/\/xlab-stiftung.de\/science-festival-2004-2017-2\/sf-2014-planetarische-parameter-fuer-intelligenz-der-thermostat-der-erde\/#breadcrumb","itemListElement":[{"@type":"ListItem","position":1,"name":"Startseite","item":"https:\/\/xlab-stiftung.de\/"},{"@type":"ListItem","position":2,"name":"Science Festival 2004-2023","item":"https:\/\/xlab-stiftung.de\/science-festival-2004-2017-2\/"},{"@type":"ListItem","position":3,"name":"SF-2014 Planetarische Parameter f\u00fcr Intelligenz: der Thermostat der Erde"}]},{"@type":"WebSite","@id":"https:\/\/xlab-stiftung.de\/#website","url":"https:\/\/xlab-stiftung.de\/","name":"XLAB Stiftung","description":"","publisher":{"@id":"https:\/\/xlab-stiftung.de\/#organization"},"potentialAction":[{"@type":"SearchAction","target":{"@type":"EntryPoint","urlTemplate":"https:\/\/xlab-stiftung.de\/?s={search_term_string}"},"query-input":"required name=search_term_string"}],"inLanguage":"en-US"},{"@type":"Organization","@id":"https:\/\/xlab-stiftung.de\/#organization","name":"XLAB Stiftung","url":"https:\/\/xlab-stiftung.de\/","logo":{"@type":"ImageObject","inLanguage":"en-US","@id":"https:\/\/xlab-stiftung.de\/#\/schema\/logo\/image\/","url":"https:\/\/xlab-stiftung.de\/wp-content\/uploads\/2023\/01\/ezgif.com-gif-maker-5.gif","contentUrl":"https:\/\/xlab-stiftung.de\/wp-content\/uploads\/2023\/01\/ezgif.com-gif-maker-5.gif","width":2048,"height":230,"caption":"XLAB Stiftung"},"image":{"@id":"https:\/\/xlab-stiftung.de\/#\/schema\/logo\/image\/"}}]}},"_links":{"self":[{"href":"https:\/\/xlab-stiftung.de\/en\/wp-json\/wp\/v2\/pages\/573"}],"collection":[{"href":"https:\/\/xlab-stiftung.de\/en\/wp-json\/wp\/v2\/pages"}],"about":[{"href":"https:\/\/xlab-stiftung.de\/en\/wp-json\/wp\/v2\/types\/page"}],"author":[{"embeddable":true,"href":"https:\/\/xlab-stiftung.de\/en\/wp-json\/wp\/v2\/users\/1"}],"replies":[{"embeddable":true,"href":"https:\/\/xlab-stiftung.de\/en\/wp-json\/wp\/v2\/comments?post=573"}],"version-history":[{"count":1,"href":"https:\/\/xlab-stiftung.de\/en\/wp-json\/wp\/v2\/pages\/573\/revisions"}],"predecessor-version":[{"id":575,"href":"https:\/\/xlab-stiftung.de\/en\/wp-json\/wp\/v2\/pages\/573\/revisions\/575"}],"up":[{"embeddable":true,"href":"https:\/\/xlab-stiftung.de\/en\/wp-json\/wp\/v2\/pages\/133"}],"wp:attachment":[{"href":"https:\/\/xlab-stiftung.de\/en\/wp-json\/wp\/v2\/media?parent=573"}],"curies":[{"name":"wp","href":"https:\/\/api.w.org\/{rel}","templated":true}]}}