{"id":577,"date":"2022-12-21T10:20:05","date_gmt":"2022-12-21T10:20:05","guid":{"rendered":"https:\/\/xlab-stiftung.de\/?page_id=577"},"modified":"2022-12-21T10:20:13","modified_gmt":"2022-12-21T10:20:13","slug":"sf-2014-lichtmikroskopie-in-ungekannter-schaerfe","status":"publish","type":"page","link":"https:\/\/xlab-stiftung.de\/en\/science-festival-2004-2017-2\/sf-2014-lichtmikroskopie-in-ungekannter-schaerfe\/","title":{"rendered":"SF-2014 Lichtmikroskopie in ungekannter Sch\u00e4rfe"},"content":{"rendered":"<p><em>Prof. Dr. Stefan W. Hell<br><\/em><em>Max-Planck-Institut f\u00fcr biophysikalische Chemie, G\u00f6ttingen<\/em><\/p>\n\n\n\n<p>Im Jahre 1873 entdeckte Ernst Abbe, dass die Aufl\u00f6sung von Lichtmikroskopen auf 200 nm begrenzt ist. Wir haben einen Weg gefunden, die 130 Jahre alte Abbesche Grenze im Fluoreszenzmikroskop zu \u00fcberwinden. Das Neue an unserem Verfahren ist, dass die Sch\u00e4rfe nicht mehr durch die Lichtwellenl\u00e4nge begrenzt ist. Wir erg\u00e4nzten dazu die Abbesche Formel um einen entscheidenden Wurzelterm, der nun auch molekulare Aufl\u00f6sungen zul\u00e4sst.&nbsp;<\/p>\n\n\n\n<p>So erzielten meine Mitarbeiter und ich bereits Aufl\u00f6sungen von 20 Nanometern, also 10fach \u00fcber Abbes Grenze. Da Proteinkomplexe im Bereich 0,01 bis 0,2 Mikrometer liegen, hat dieses Mikroskop das Potenzial, in die molekulare Skala des Lebens vorzudringen und Krankheiten besser auf die Spur zu kommen. Erste wichtige Erkenntnisse wurden bereits gemacht: So konnte die STED-Mikroskopie einzelne Bl\u00e4schen mit Nervenbotenstoffen (synaptische Vesikel) aufl\u00f6sen und damit eine wichtige Frage der Neurobiologie kl\u00e4ren.<\/p>\n\n\n\n<p>Abbes Beugungsgrenze behindert aber nicht nur den Einblick in die Zelle, sondern auch die Herstellung kleinster elektronischer Schaltkreise. Mit geeigneten schaltbaren Molek\u00fclen lie\u00dfe sich unser Prinzip umkehren und zum Herstellen feinster Nanostrukturen verwenden. Obwohl das Verfahren vermutlich f\u00fcr Massenspeicher zu langsam w\u00e4re, k\u00f6nnte man beliebig kleine Strukturen kundenorientiert anfertigen \u2013 und zwar mit sichtbarem Licht.<\/p>","protected":false},"excerpt":{"rendered":"<p>Prof. Dr. Stefan W. HellMax-Planck-Institut f\u00fcr biophysikalische Chemie, G\u00f6ttingen Im Jahre 1873 entdeckte Ernst Abbe, dass die Aufl\u00f6sung von Lichtmikroskopen auf 200 nm&hellip;<\/p>","protected":false},"author":1,"featured_media":0,"parent":133,"menu_order":34,"comment_status":"closed","ping_status":"closed","template":"","meta":[],"yoast_head":"<!-- This site is optimized with the Yoast SEO plugin v21.2 - https:\/\/yoast.com\/wordpress\/plugins\/seo\/ -->\n<title>SF-2014 Lichtmikroskopie in ungekannter Sch\u00e4rfe - XLAB Stiftung<\/title>\n<meta name=\"robots\" content=\"index, follow, max-snippet:-1, max-image-preview:large, max-video-preview:-1\" \/>\n<link rel=\"canonical\" href=\"https:\/\/xlab-stiftung.de\/en\/science-festival-2004-2017-2\/sf-2014-lichtmikroskopie-in-ungekannter-schaerfe\/\" \/>\n<meta property=\"og:locale\" content=\"en_US\" \/>\n<meta property=\"og:type\" content=\"article\" \/>\n<meta property=\"og:title\" content=\"SF-2014 Lichtmikroskopie in ungekannter Sch\u00e4rfe - XLAB Stiftung\" \/>\n<meta property=\"og:description\" content=\"Prof. Dr. Stefan W. HellMax-Planck-Institut f\u00fcr biophysikalische Chemie, G\u00f6ttingen Im Jahre 1873 entdeckte Ernst Abbe, dass die Aufl\u00f6sung von Lichtmikroskopen auf 200 nm&hellip;\" \/>\n<meta property=\"og:url\" content=\"https:\/\/xlab-stiftung.de\/en\/science-festival-2004-2017-2\/sf-2014-lichtmikroskopie-in-ungekannter-schaerfe\/\" \/>\n<meta property=\"og:site_name\" content=\"XLAB Stiftung\" \/>\n<meta property=\"article:modified_time\" content=\"2022-12-21T10:20:13+00:00\" \/>\n<meta name=\"twitter:card\" content=\"summary_large_image\" \/>\n<meta name=\"twitter:label1\" content=\"Est. reading time\" \/>\n\t<meta name=\"twitter:data1\" content=\"1 minute\" \/>\n<script type=\"application\/ld+json\" class=\"yoast-schema-graph\">{\"@context\":\"https:\/\/schema.org\",\"@graph\":[{\"@type\":\"WebPage\",\"@id\":\"https:\/\/xlab-stiftung.de\/science-festival-2004-2017-2\/sf-2014-lichtmikroskopie-in-ungekannter-schaerfe\/\",\"url\":\"https:\/\/xlab-stiftung.de\/science-festival-2004-2017-2\/sf-2014-lichtmikroskopie-in-ungekannter-schaerfe\/\",\"name\":\"SF-2014 Lichtmikroskopie in ungekannter Sch\u00e4rfe - XLAB Stiftung\",\"isPartOf\":{\"@id\":\"https:\/\/xlab-stiftung.de\/#website\"},\"datePublished\":\"2022-12-21T10:20:05+00:00\",\"dateModified\":\"2022-12-21T10:20:13+00:00\",\"breadcrumb\":{\"@id\":\"https:\/\/xlab-stiftung.de\/science-festival-2004-2017-2\/sf-2014-lichtmikroskopie-in-ungekannter-schaerfe\/#breadcrumb\"},\"inLanguage\":\"en-US\",\"potentialAction\":[{\"@type\":\"ReadAction\",\"target\":[\"https:\/\/xlab-stiftung.de\/science-festival-2004-2017-2\/sf-2014-lichtmikroskopie-in-ungekannter-schaerfe\/\"]}]},{\"@type\":\"BreadcrumbList\",\"@id\":\"https:\/\/xlab-stiftung.de\/science-festival-2004-2017-2\/sf-2014-lichtmikroskopie-in-ungekannter-schaerfe\/#breadcrumb\",\"itemListElement\":[{\"@type\":\"ListItem\",\"position\":1,\"name\":\"Startseite\",\"item\":\"https:\/\/xlab-stiftung.de\/\"},{\"@type\":\"ListItem\",\"position\":2,\"name\":\"Science Festival 2004-2023\",\"item\":\"https:\/\/xlab-stiftung.de\/science-festival-2004-2017-2\/\"},{\"@type\":\"ListItem\",\"position\":3,\"name\":\"SF-2014 Lichtmikroskopie in ungekannter Sch\u00e4rfe\"}]},{\"@type\":\"WebSite\",\"@id\":\"https:\/\/xlab-stiftung.de\/#website\",\"url\":\"https:\/\/xlab-stiftung.de\/\",\"name\":\"XLAB Stiftung\",\"description\":\"\",\"publisher\":{\"@id\":\"https:\/\/xlab-stiftung.de\/#organization\"},\"potentialAction\":[{\"@type\":\"SearchAction\",\"target\":{\"@type\":\"EntryPoint\",\"urlTemplate\":\"https:\/\/xlab-stiftung.de\/?s={search_term_string}\"},\"query-input\":\"required name=search_term_string\"}],\"inLanguage\":\"en-US\"},{\"@type\":\"Organization\",\"@id\":\"https:\/\/xlab-stiftung.de\/#organization\",\"name\":\"XLAB Stiftung\",\"url\":\"https:\/\/xlab-stiftung.de\/\",\"logo\":{\"@type\":\"ImageObject\",\"inLanguage\":\"en-US\",\"@id\":\"https:\/\/xlab-stiftung.de\/#\/schema\/logo\/image\/\",\"url\":\"https:\/\/xlab-stiftung.de\/wp-content\/uploads\/2023\/01\/ezgif.com-gif-maker-5.gif\",\"contentUrl\":\"https:\/\/xlab-stiftung.de\/wp-content\/uploads\/2023\/01\/ezgif.com-gif-maker-5.gif\",\"width\":2048,\"height\":230,\"caption\":\"XLAB Stiftung\"},\"image\":{\"@id\":\"https:\/\/xlab-stiftung.de\/#\/schema\/logo\/image\/\"}}]}<\/script>\n<!-- \/ Yoast SEO plugin. -->","yoast_head_json":{"title":"SF-2014 Lichtmikroskopie in ungekannter Sch\u00e4rfe - XLAB Stiftung","robots":{"index":"index","follow":"follow","max-snippet":"max-snippet:-1","max-image-preview":"max-image-preview:large","max-video-preview":"max-video-preview:-1"},"canonical":"https:\/\/xlab-stiftung.de\/en\/science-festival-2004-2017-2\/sf-2014-lichtmikroskopie-in-ungekannter-schaerfe\/","og_locale":"en_US","og_type":"article","og_title":"SF-2014 Lichtmikroskopie in ungekannter Sch\u00e4rfe - XLAB Stiftung","og_description":"Prof. Dr. Stefan W. HellMax-Planck-Institut f\u00fcr biophysikalische Chemie, G\u00f6ttingen Im Jahre 1873 entdeckte Ernst Abbe, dass die Aufl\u00f6sung von Lichtmikroskopen auf 200 nm&hellip;","og_url":"https:\/\/xlab-stiftung.de\/en\/science-festival-2004-2017-2\/sf-2014-lichtmikroskopie-in-ungekannter-schaerfe\/","og_site_name":"XLAB Stiftung","article_modified_time":"2022-12-21T10:20:13+00:00","twitter_card":"summary_large_image","twitter_misc":{"Est. reading time":"1 minute"},"schema":{"@context":"https:\/\/schema.org","@graph":[{"@type":"WebPage","@id":"https:\/\/xlab-stiftung.de\/science-festival-2004-2017-2\/sf-2014-lichtmikroskopie-in-ungekannter-schaerfe\/","url":"https:\/\/xlab-stiftung.de\/science-festival-2004-2017-2\/sf-2014-lichtmikroskopie-in-ungekannter-schaerfe\/","name":"SF-2014 Lichtmikroskopie in ungekannter Sch\u00e4rfe - XLAB Stiftung","isPartOf":{"@id":"https:\/\/xlab-stiftung.de\/#website"},"datePublished":"2022-12-21T10:20:05+00:00","dateModified":"2022-12-21T10:20:13+00:00","breadcrumb":{"@id":"https:\/\/xlab-stiftung.de\/science-festival-2004-2017-2\/sf-2014-lichtmikroskopie-in-ungekannter-schaerfe\/#breadcrumb"},"inLanguage":"en-US","potentialAction":[{"@type":"ReadAction","target":["https:\/\/xlab-stiftung.de\/science-festival-2004-2017-2\/sf-2014-lichtmikroskopie-in-ungekannter-schaerfe\/"]}]},{"@type":"BreadcrumbList","@id":"https:\/\/xlab-stiftung.de\/science-festival-2004-2017-2\/sf-2014-lichtmikroskopie-in-ungekannter-schaerfe\/#breadcrumb","itemListElement":[{"@type":"ListItem","position":1,"name":"Startseite","item":"https:\/\/xlab-stiftung.de\/"},{"@type":"ListItem","position":2,"name":"Science Festival 2004-2023","item":"https:\/\/xlab-stiftung.de\/science-festival-2004-2017-2\/"},{"@type":"ListItem","position":3,"name":"SF-2014 Lichtmikroskopie in ungekannter Sch\u00e4rfe"}]},{"@type":"WebSite","@id":"https:\/\/xlab-stiftung.de\/#website","url":"https:\/\/xlab-stiftung.de\/","name":"XLAB Stiftung","description":"","publisher":{"@id":"https:\/\/xlab-stiftung.de\/#organization"},"potentialAction":[{"@type":"SearchAction","target":{"@type":"EntryPoint","urlTemplate":"https:\/\/xlab-stiftung.de\/?s={search_term_string}"},"query-input":"required name=search_term_string"}],"inLanguage":"en-US"},{"@type":"Organization","@id":"https:\/\/xlab-stiftung.de\/#organization","name":"XLAB Stiftung","url":"https:\/\/xlab-stiftung.de\/","logo":{"@type":"ImageObject","inLanguage":"en-US","@id":"https:\/\/xlab-stiftung.de\/#\/schema\/logo\/image\/","url":"https:\/\/xlab-stiftung.de\/wp-content\/uploads\/2023\/01\/ezgif.com-gif-maker-5.gif","contentUrl":"https:\/\/xlab-stiftung.de\/wp-content\/uploads\/2023\/01\/ezgif.com-gif-maker-5.gif","width":2048,"height":230,"caption":"XLAB Stiftung"},"image":{"@id":"https:\/\/xlab-stiftung.de\/#\/schema\/logo\/image\/"}}]}},"_links":{"self":[{"href":"https:\/\/xlab-stiftung.de\/en\/wp-json\/wp\/v2\/pages\/577"}],"collection":[{"href":"https:\/\/xlab-stiftung.de\/en\/wp-json\/wp\/v2\/pages"}],"about":[{"href":"https:\/\/xlab-stiftung.de\/en\/wp-json\/wp\/v2\/types\/page"}],"author":[{"embeddable":true,"href":"https:\/\/xlab-stiftung.de\/en\/wp-json\/wp\/v2\/users\/1"}],"replies":[{"embeddable":true,"href":"https:\/\/xlab-stiftung.de\/en\/wp-json\/wp\/v2\/comments?post=577"}],"version-history":[{"count":2,"href":"https:\/\/xlab-stiftung.de\/en\/wp-json\/wp\/v2\/pages\/577\/revisions"}],"predecessor-version":[{"id":581,"href":"https:\/\/xlab-stiftung.de\/en\/wp-json\/wp\/v2\/pages\/577\/revisions\/581"}],"up":[{"embeddable":true,"href":"https:\/\/xlab-stiftung.de\/en\/wp-json\/wp\/v2\/pages\/133"}],"wp:attachment":[{"href":"https:\/\/xlab-stiftung.de\/en\/wp-json\/wp\/v2\/media?parent=577"}],"curies":[{"name":"wp","href":"https:\/\/api.w.org\/{rel}","templated":true}]}}