{"id":583,"date":"2022-12-21T10:20:38","date_gmt":"2022-12-21T10:20:38","guid":{"rendered":"https:\/\/xlab-stiftung.de\/?page_id=583"},"modified":"2022-12-21T10:20:38","modified_gmt":"2022-12-21T10:20:38","slug":"sf-2014-energiequellen-fuer-extreme-lebensgemeinschaften-der-tiefsee","status":"publish","type":"page","link":"https:\/\/xlab-stiftung.de\/en\/science-festival-2004-2017-2\/sf-2014-energiequellen-fuer-extreme-lebensgemeinschaften-der-tiefsee\/","title":{"rendered":"SF-2014 Energiequellen f\u00fcr extreme Lebensgemeinschaften der Tiefsee"},"content":{"rendered":"<p><em>Prof. Dr. Antje Boetius,<br>Max-Planck-Institut f\u00fcr Marine Mikrobiologie und Universit\u00e4t Bremen, Alfred-Wegener-Institut f\u00fcr Polar- und Meeresforschung, Bremerhaven<\/em><\/p>\n\n\n\n<p>Kein anderer Lebensraum der Erde hat so sehr Forscher, Abenteurer und Laien fasziniert wie die Tiefsee. Sie umfasst 98 % des belebten Raumes unseres Planeten. Bis in eine Wassertiefe von \u00fcber 10.000 m und bis in \u00fcber 2 km Tiefe unter dem Meeresboden existieren vielf\u00e4ltige Lebewesen. Dank einer F\u00fclle von Anpassungen kommen sie mit Bedingungen zurecht, die sogar f\u00fcr Mikroorganismen als lebensfeindlich gelten: Wasserdr\u00fccke bis \u00fcber 1000 bar, Wassertemperaturen von -1,9 \u00b0C bis 130 \u00b0C und oft extremer Energiemangel, weil eindringendes Sonnenlicht Photosynthese nur bis in eine Wassertiefe von ca. 200 m erm\u00f6glicht.&nbsp;<\/p>\n\n\n\n<p>In den letzten Jahrzehnten wurden in der Tiefsee an \u201eOasen der Energieverf\u00fcgbarkeit\u201c hochproduktive \u00d6kosysteme entdeckt, die vollkommen unabh\u00e4ngig vom Sonnenlicht sind. Die chemosynthetischen Lebensgemeinschaften an Hydrothermalquellen, bekannt als schwarze und wei\u00dfe Raucher, sind daf\u00fcr ein Beispiel: Basierend auf der Veratmung chemischer Energie entstehen dort ganze Nahrungsnetze. Nat\u00fcrliche Austritte von Methan und Erd\u00f6l, so genannte kalte Quellen, ern\u00e4hren andere symbiontische Lebensgemeinschaften aus Archaeen und Bakterien, die zusammen eine anaerobe Oxidation von Methan durchf\u00fchren. Auch der Kadaver eines verendeten Wales, oder ein abgesunkener Baumstamm kann den Tiefseebewohnern lokal zwar f\u00fcr Jahrzehnte Energie liefern, doch gibt es riesige Bereiche der Weltmeere, in die so wenig Nahrung absinkt, dass man immer noch nicht versteht, wie die vielf\u00e4ltigen Lebensformen sich ern\u00e4hren k\u00f6nnen.<\/p>\n\n\n\n<p>So fremdartig und weit entfernt diese extremen Lebensr\u00e4ume zu sein scheinen, sind sie f\u00fcr den Menschen doch von gro\u00dfer Bedeutung. Der Vortrag widmet sich den Fragen, wie das Leben in der Tiefsee funktioniert, wie die Stoffwechselleistungen von Tiefseebewohnern zum globalen Klima beitragen und inwiefern sie anthropogene Verschmutzungen, z.B. nach dem Austritt von \u00d6l und Gas aus einem havarierten Bohrloch, beseitigen k\u00f6nnen.<\/p>","protected":false},"excerpt":{"rendered":"<p>Prof. Dr. Antje Boetius,Max-Planck-Institut f\u00fcr Marine Mikrobiologie und Universit\u00e4t Bremen, Alfred-Wegener-Institut f\u00fcr Polar- und Meeresforschung, Bremerhaven Kein anderer Lebensraum der Erde hat so&hellip;<\/p>","protected":false},"author":1,"featured_media":0,"parent":133,"menu_order":60,"comment_status":"closed","ping_status":"closed","template":"","meta":[],"yoast_head":"<!-- This site is optimized with the Yoast SEO plugin v21.2 - https:\/\/yoast.com\/wordpress\/plugins\/seo\/ -->\n<title>SF-2014 Energiequellen f\u00fcr extreme Lebensgemeinschaften der Tiefsee - XLAB Stiftung<\/title>\n<meta name=\"robots\" content=\"index, follow, max-snippet:-1, max-image-preview:large, max-video-preview:-1\" \/>\n<link rel=\"canonical\" href=\"https:\/\/xlab-stiftung.de\/en\/science-festival-2004-2017-2\/sf-2014-energiequellen-fuer-extreme-lebensgemeinschaften-der-tiefsee\/\" \/>\n<meta property=\"og:locale\" content=\"en_US\" \/>\n<meta property=\"og:type\" content=\"article\" \/>\n<meta property=\"og:title\" content=\"SF-2014 Energiequellen f\u00fcr extreme Lebensgemeinschaften der Tiefsee - XLAB Stiftung\" \/>\n<meta property=\"og:description\" content=\"Prof. Dr. Antje Boetius,Max-Planck-Institut f\u00fcr Marine Mikrobiologie und Universit\u00e4t Bremen, Alfred-Wegener-Institut f\u00fcr Polar- und Meeresforschung, Bremerhaven Kein anderer Lebensraum der Erde hat so&hellip;\" \/>\n<meta property=\"og:url\" content=\"https:\/\/xlab-stiftung.de\/en\/science-festival-2004-2017-2\/sf-2014-energiequellen-fuer-extreme-lebensgemeinschaften-der-tiefsee\/\" \/>\n<meta property=\"og:site_name\" content=\"XLAB Stiftung\" \/>\n<meta name=\"twitter:card\" content=\"summary_large_image\" \/>\n<meta name=\"twitter:label1\" content=\"Est. reading time\" \/>\n\t<meta name=\"twitter:data1\" content=\"2 minutes\" \/>\n<script type=\"application\/ld+json\" class=\"yoast-schema-graph\">{\"@context\":\"https:\/\/schema.org\",\"@graph\":[{\"@type\":\"WebPage\",\"@id\":\"https:\/\/xlab-stiftung.de\/science-festival-2004-2017-2\/sf-2014-energiequellen-fuer-extreme-lebensgemeinschaften-der-tiefsee\/\",\"url\":\"https:\/\/xlab-stiftung.de\/science-festival-2004-2017-2\/sf-2014-energiequellen-fuer-extreme-lebensgemeinschaften-der-tiefsee\/\",\"name\":\"SF-2014 Energiequellen f\u00fcr extreme Lebensgemeinschaften der Tiefsee - XLAB Stiftung\",\"isPartOf\":{\"@id\":\"https:\/\/xlab-stiftung.de\/#website\"},\"datePublished\":\"2022-12-21T10:20:38+00:00\",\"dateModified\":\"2022-12-21T10:20:38+00:00\",\"breadcrumb\":{\"@id\":\"https:\/\/xlab-stiftung.de\/science-festival-2004-2017-2\/sf-2014-energiequellen-fuer-extreme-lebensgemeinschaften-der-tiefsee\/#breadcrumb\"},\"inLanguage\":\"en-US\",\"potentialAction\":[{\"@type\":\"ReadAction\",\"target\":[\"https:\/\/xlab-stiftung.de\/science-festival-2004-2017-2\/sf-2014-energiequellen-fuer-extreme-lebensgemeinschaften-der-tiefsee\/\"]}]},{\"@type\":\"BreadcrumbList\",\"@id\":\"https:\/\/xlab-stiftung.de\/science-festival-2004-2017-2\/sf-2014-energiequellen-fuer-extreme-lebensgemeinschaften-der-tiefsee\/#breadcrumb\",\"itemListElement\":[{\"@type\":\"ListItem\",\"position\":1,\"name\":\"Startseite\",\"item\":\"https:\/\/xlab-stiftung.de\/\"},{\"@type\":\"ListItem\",\"position\":2,\"name\":\"Science Festival 2004-2023\",\"item\":\"https:\/\/xlab-stiftung.de\/science-festival-2004-2017-2\/\"},{\"@type\":\"ListItem\",\"position\":3,\"name\":\"SF-2014 Energiequellen f\u00fcr extreme Lebensgemeinschaften der Tiefsee\"}]},{\"@type\":\"WebSite\",\"@id\":\"https:\/\/xlab-stiftung.de\/#website\",\"url\":\"https:\/\/xlab-stiftung.de\/\",\"name\":\"XLAB Stiftung\",\"description\":\"\",\"publisher\":{\"@id\":\"https:\/\/xlab-stiftung.de\/#organization\"},\"potentialAction\":[{\"@type\":\"SearchAction\",\"target\":{\"@type\":\"EntryPoint\",\"urlTemplate\":\"https:\/\/xlab-stiftung.de\/?s={search_term_string}\"},\"query-input\":\"required name=search_term_string\"}],\"inLanguage\":\"en-US\"},{\"@type\":\"Organization\",\"@id\":\"https:\/\/xlab-stiftung.de\/#organization\",\"name\":\"XLAB Stiftung\",\"url\":\"https:\/\/xlab-stiftung.de\/\",\"logo\":{\"@type\":\"ImageObject\",\"inLanguage\":\"en-US\",\"@id\":\"https:\/\/xlab-stiftung.de\/#\/schema\/logo\/image\/\",\"url\":\"https:\/\/xlab-stiftung.de\/wp-content\/uploads\/2023\/01\/ezgif.com-gif-maker-5.gif\",\"contentUrl\":\"https:\/\/xlab-stiftung.de\/wp-content\/uploads\/2023\/01\/ezgif.com-gif-maker-5.gif\",\"width\":2048,\"height\":230,\"caption\":\"XLAB Stiftung\"},\"image\":{\"@id\":\"https:\/\/xlab-stiftung.de\/#\/schema\/logo\/image\/\"}}]}<\/script>\n<!-- \/ Yoast SEO plugin. -->","yoast_head_json":{"title":"SF-2014 Energiequellen f\u00fcr extreme Lebensgemeinschaften der Tiefsee - XLAB Stiftung","robots":{"index":"index","follow":"follow","max-snippet":"max-snippet:-1","max-image-preview":"max-image-preview:large","max-video-preview":"max-video-preview:-1"},"canonical":"https:\/\/xlab-stiftung.de\/en\/science-festival-2004-2017-2\/sf-2014-energiequellen-fuer-extreme-lebensgemeinschaften-der-tiefsee\/","og_locale":"en_US","og_type":"article","og_title":"SF-2014 Energiequellen f\u00fcr extreme Lebensgemeinschaften der Tiefsee - XLAB Stiftung","og_description":"Prof. Dr. Antje Boetius,Max-Planck-Institut f\u00fcr Marine Mikrobiologie und Universit\u00e4t Bremen, Alfred-Wegener-Institut f\u00fcr Polar- und Meeresforschung, Bremerhaven Kein anderer Lebensraum der Erde hat so&hellip;","og_url":"https:\/\/xlab-stiftung.de\/en\/science-festival-2004-2017-2\/sf-2014-energiequellen-fuer-extreme-lebensgemeinschaften-der-tiefsee\/","og_site_name":"XLAB Stiftung","twitter_card":"summary_large_image","twitter_misc":{"Est. reading time":"2 minutes"},"schema":{"@context":"https:\/\/schema.org","@graph":[{"@type":"WebPage","@id":"https:\/\/xlab-stiftung.de\/science-festival-2004-2017-2\/sf-2014-energiequellen-fuer-extreme-lebensgemeinschaften-der-tiefsee\/","url":"https:\/\/xlab-stiftung.de\/science-festival-2004-2017-2\/sf-2014-energiequellen-fuer-extreme-lebensgemeinschaften-der-tiefsee\/","name":"SF-2014 Energiequellen f\u00fcr extreme Lebensgemeinschaften der Tiefsee - XLAB Stiftung","isPartOf":{"@id":"https:\/\/xlab-stiftung.de\/#website"},"datePublished":"2022-12-21T10:20:38+00:00","dateModified":"2022-12-21T10:20:38+00:00","breadcrumb":{"@id":"https:\/\/xlab-stiftung.de\/science-festival-2004-2017-2\/sf-2014-energiequellen-fuer-extreme-lebensgemeinschaften-der-tiefsee\/#breadcrumb"},"inLanguage":"en-US","potentialAction":[{"@type":"ReadAction","target":["https:\/\/xlab-stiftung.de\/science-festival-2004-2017-2\/sf-2014-energiequellen-fuer-extreme-lebensgemeinschaften-der-tiefsee\/"]}]},{"@type":"BreadcrumbList","@id":"https:\/\/xlab-stiftung.de\/science-festival-2004-2017-2\/sf-2014-energiequellen-fuer-extreme-lebensgemeinschaften-der-tiefsee\/#breadcrumb","itemListElement":[{"@type":"ListItem","position":1,"name":"Startseite","item":"https:\/\/xlab-stiftung.de\/"},{"@type":"ListItem","position":2,"name":"Science Festival 2004-2023","item":"https:\/\/xlab-stiftung.de\/science-festival-2004-2017-2\/"},{"@type":"ListItem","position":3,"name":"SF-2014 Energiequellen f\u00fcr extreme Lebensgemeinschaften der Tiefsee"}]},{"@type":"WebSite","@id":"https:\/\/xlab-stiftung.de\/#website","url":"https:\/\/xlab-stiftung.de\/","name":"XLAB Stiftung","description":"","publisher":{"@id":"https:\/\/xlab-stiftung.de\/#organization"},"potentialAction":[{"@type":"SearchAction","target":{"@type":"EntryPoint","urlTemplate":"https:\/\/xlab-stiftung.de\/?s={search_term_string}"},"query-input":"required name=search_term_string"}],"inLanguage":"en-US"},{"@type":"Organization","@id":"https:\/\/xlab-stiftung.de\/#organization","name":"XLAB Stiftung","url":"https:\/\/xlab-stiftung.de\/","logo":{"@type":"ImageObject","inLanguage":"en-US","@id":"https:\/\/xlab-stiftung.de\/#\/schema\/logo\/image\/","url":"https:\/\/xlab-stiftung.de\/wp-content\/uploads\/2023\/01\/ezgif.com-gif-maker-5.gif","contentUrl":"https:\/\/xlab-stiftung.de\/wp-content\/uploads\/2023\/01\/ezgif.com-gif-maker-5.gif","width":2048,"height":230,"caption":"XLAB Stiftung"},"image":{"@id":"https:\/\/xlab-stiftung.de\/#\/schema\/logo\/image\/"}}]}},"_links":{"self":[{"href":"https:\/\/xlab-stiftung.de\/en\/wp-json\/wp\/v2\/pages\/583"}],"collection":[{"href":"https:\/\/xlab-stiftung.de\/en\/wp-json\/wp\/v2\/pages"}],"about":[{"href":"https:\/\/xlab-stiftung.de\/en\/wp-json\/wp\/v2\/types\/page"}],"author":[{"embeddable":true,"href":"https:\/\/xlab-stiftung.de\/en\/wp-json\/wp\/v2\/users\/1"}],"replies":[{"embeddable":true,"href":"https:\/\/xlab-stiftung.de\/en\/wp-json\/wp\/v2\/comments?post=583"}],"version-history":[{"count":1,"href":"https:\/\/xlab-stiftung.de\/en\/wp-json\/wp\/v2\/pages\/583\/revisions"}],"predecessor-version":[{"id":585,"href":"https:\/\/xlab-stiftung.de\/en\/wp-json\/wp\/v2\/pages\/583\/revisions\/585"}],"up":[{"embeddable":true,"href":"https:\/\/xlab-stiftung.de\/en\/wp-json\/wp\/v2\/pages\/133"}],"wp:attachment":[{"href":"https:\/\/xlab-stiftung.de\/en\/wp-json\/wp\/v2\/media?parent=583"}],"curies":[{"name":"wp","href":"https:\/\/api.w.org\/{rel}","templated":true}]}}