{"id":5842,"date":"2025-02-17T09:53:21","date_gmt":"2025-02-17T09:53:21","guid":{"rendered":"https:\/\/xlab-stiftung.de\/?page_id=5842"},"modified":"2025-07-21T14:59:43","modified_gmt":"2025-07-21T14:59:43","slug":"stellenausschreibungen","status":"publish","type":"page","link":"https:\/\/xlab-stiftung.de\/en\/stellenausschreibungen\/","title":{"rendered":"Stellenausschreibungen"},"content":{"rendered":"<p><strong>Stellenanzeige: Engagierte Teammitglieder f\u00fcr das Begegnungszentrum<\/strong><\/p>\n\n\n\n<p class=\"block\">Die XLAB-Stiftung hat ein modernes Begegnungszentrum fast fertiggestellt \u2013 der Innenausbau ist nahezu abgeschlossen. Das Objekt umfasst 40 Betten, zwei ger\u00e4umige Seminarr\u00e4ume mit moderner Technik, eine gro\u00dfz\u00fcgige K\u00fcche, einen Speiseraum sowie mehrere B\u00fcros und einen Besprechungsraum. Zus\u00e4tzlich ist das Geb\u00e4ude mit einem Blockheizkraftwerk und zeitgem\u00e4\u00dfer Computer- und Medienausstattung ausgestattet.<\/p>\n\n\n\n<p class=\"block\"><strong>Ihre Aufgaben:<\/strong><br>Wir suchen mehrere engagierte Teammitglieder, die gemeinsam die vielf\u00e4ltigen Aufgaben im Begegnungszentrum \u00fcbernehmen. Die konkrete Aufgabenverteilung erfolgt flexibel und wird vor T\u00e4tigkeitsantritt eindeutig definiert \u2013 eine feste Abgrenzung der Arbeitsfelder erfolgt erst nach der Kontaktaufnahme, wenn wir Ihre individuellen St\u00e4rken und Neigungen ber\u00fccksichtigen. M\u00f6gliche Aufgabenbereiche umfassen:<\/p>\n\n\n\n<ul>\n<li><strong>Technikmanagement:<\/strong> Hausmeistert\u00e4tigkeiten, Ansprechpartner\/in f\u00fcr Fachfirmen und Versorgungsanbieter.<\/li>\n\n\n\n<li><strong>Veranstaltungsmanagement:<\/strong> Koordination der G\u00e4ste, Kommunikation mit nationalen und internationalen Anfragenden sowie Vermietung von Seminarr\u00e4umen, Speiseraum etc.<\/li>\n\n\n\n<li><strong>Assistenz der Gesch\u00e4ftsf\u00fchrung:<\/strong> Unterst\u00fctzung in administrativen und organisatorischen Aufgaben.<\/li>\n\n\n\n<li><strong>Rechnungswesen:<\/strong> Einkauf, Buchf\u00fchrung und weitere buchhalterische T\u00e4tigkeiten.<\/li>\n\n\n\n<li><strong>IT &amp; EDV-Service:<\/strong> Betreuung von Hard- und Software sowie Pflege der Kontakte zur GWDG und zu Medienversorgern.<\/li>\n\n\n\n<li><strong>Service im \u00dcbernachtungsbetrieb und Restaurant:<\/strong> Operative Unterst\u00fctzung im G\u00e4ste- und Bewirtungsbereich.<\/li>\n<\/ul>\n\n\n\n<p><strong>Start:<\/strong><br>Zum n\u00e4chstm\u00f6glichen Zeitpunkt<\/p>\n\n\n\n<p><strong>Bewerbungsunterlagen:<\/strong><br>Bitte senden Sie Ihre vollst\u00e4ndigen Bewerbungsunterlagen \u2013 gern auch in elektronischer Form \u2013 an:<\/p>\n\n\n\n<p>XLAB-Stiftung<br>Prof. Dr. Eva-Maria Neher<br>Stumpfe Eiche 20<br>37077 G\u00f6ttingen<\/p>\n\n\n\n<p>E-Mail: <a>Neher@xlab-stiftung.de<\/a><\/p>\n\n\n\n<p>Wir freuen uns darauf, gemeinsam im Team die vielf\u00e4ltigen Aufgaben im Begegnungszentrum flexibel und entsprechend Ihrer St\u00e4rken zu gestalten!<\/p>","protected":false},"excerpt":{"rendered":"<p>Stellenanzeige: Engagierte Teammitglieder f\u00fcr das Begegnungszentrum Die XLAB-Stiftung hat ein modernes Begegnungszentrum fast fertiggestellt \u2013 der Innenausbau ist nahezu abgeschlossen. Das Objekt umfasst&hellip;<\/p>","protected":false},"author":1,"featured_media":0,"parent":0,"menu_order":0,"comment_status":"closed","ping_status":"closed","template":"","meta":[],"yoast_head":"<!-- This site is optimized with the Yoast SEO plugin v21.2 - https:\/\/yoast.com\/wordpress\/plugins\/seo\/ -->\n<title>Stellenausschreibungen - XLAB Stiftung<\/title>\n<meta name=\"robots\" content=\"index, follow, max-snippet:-1, max-image-preview:large, max-video-preview:-1\" \/>\n<link rel=\"canonical\" href=\"https:\/\/xlab-stiftung.de\/en\/stellenausschreibungen\/\" \/>\n<meta property=\"og:locale\" content=\"en_US\" \/>\n<meta property=\"og:type\" content=\"article\" \/>\n<meta property=\"og:title\" content=\"Stellenausschreibungen - XLAB Stiftung\" \/>\n<meta property=\"og:description\" content=\"Stellenanzeige: Engagierte Teammitglieder f\u00fcr das Begegnungszentrum Die XLAB-Stiftung hat ein modernes Begegnungszentrum fast fertiggestellt \u2013 der Innenausbau ist nahezu abgeschlossen. Das Objekt umfasst&hellip;\" \/>\n<meta property=\"og:url\" content=\"https:\/\/xlab-stiftung.de\/en\/stellenausschreibungen\/\" \/>\n<meta property=\"og:site_name\" content=\"XLAB Stiftung\" \/>\n<meta property=\"article:modified_time\" content=\"2025-07-21T14:59:43+00:00\" \/>\n<meta name=\"twitter:card\" content=\"summary_large_image\" \/>\n<meta name=\"twitter:label1\" content=\"Est. reading time\" \/>\n\t<meta name=\"twitter:data1\" content=\"2 minutes\" \/>\n<script type=\"application\/ld+json\" class=\"yoast-schema-graph\">{\"@context\":\"https:\/\/schema.org\",\"@graph\":[{\"@type\":\"WebPage\",\"@id\":\"https:\/\/xlab-stiftung.de\/stellenausschreibungen\/\",\"url\":\"https:\/\/xlab-stiftung.de\/stellenausschreibungen\/\",\"name\":\"Stellenausschreibungen - XLAB Stiftung\",\"isPartOf\":{\"@id\":\"https:\/\/xlab-stiftung.de\/#website\"},\"datePublished\":\"2025-02-17T09:53:21+00:00\",\"dateModified\":\"2025-07-21T14:59:43+00:00\",\"breadcrumb\":{\"@id\":\"https:\/\/xlab-stiftung.de\/stellenausschreibungen\/#breadcrumb\"},\"inLanguage\":\"en-US\",\"potentialAction\":[{\"@type\":\"ReadAction\",\"target\":[\"https:\/\/xlab-stiftung.de\/stellenausschreibungen\/\"]}]},{\"@type\":\"BreadcrumbList\",\"@id\":\"https:\/\/xlab-stiftung.de\/stellenausschreibungen\/#breadcrumb\",\"itemListElement\":[{\"@type\":\"ListItem\",\"position\":1,\"name\":\"Startseite\",\"item\":\"https:\/\/xlab-stiftung.de\/\"},{\"@type\":\"ListItem\",\"position\":2,\"name\":\"Stellenausschreibungen\"}]},{\"@type\":\"WebSite\",\"@id\":\"https:\/\/xlab-stiftung.de\/#website\",\"url\":\"https:\/\/xlab-stiftung.de\/\",\"name\":\"XLAB Stiftung\",\"description\":\"\",\"publisher\":{\"@id\":\"https:\/\/xlab-stiftung.de\/#organization\"},\"potentialAction\":[{\"@type\":\"SearchAction\",\"target\":{\"@type\":\"EntryPoint\",\"urlTemplate\":\"https:\/\/xlab-stiftung.de\/?s={search_term_string}\"},\"query-input\":\"required name=search_term_string\"}],\"inLanguage\":\"en-US\"},{\"@type\":\"Organization\",\"@id\":\"https:\/\/xlab-stiftung.de\/#organization\",\"name\":\"XLAB Stiftung\",\"url\":\"https:\/\/xlab-stiftung.de\/\",\"logo\":{\"@type\":\"ImageObject\",\"inLanguage\":\"en-US\",\"@id\":\"https:\/\/xlab-stiftung.de\/#\/schema\/logo\/image\/\",\"url\":\"https:\/\/xlab-stiftung.de\/wp-content\/uploads\/2023\/01\/ezgif.com-gif-maker-5.gif\",\"contentUrl\":\"https:\/\/xlab-stiftung.de\/wp-content\/uploads\/2023\/01\/ezgif.com-gif-maker-5.gif\",\"width\":2048,\"height\":230,\"caption\":\"XLAB Stiftung\"},\"image\":{\"@id\":\"https:\/\/xlab-stiftung.de\/#\/schema\/logo\/image\/\"}}]}<\/script>\n<!-- \/ Yoast SEO plugin. -->","yoast_head_json":{"title":"Stellenausschreibungen - XLAB Stiftung","robots":{"index":"index","follow":"follow","max-snippet":"max-snippet:-1","max-image-preview":"max-image-preview:large","max-video-preview":"max-video-preview:-1"},"canonical":"https:\/\/xlab-stiftung.de\/en\/stellenausschreibungen\/","og_locale":"en_US","og_type":"article","og_title":"Stellenausschreibungen - XLAB Stiftung","og_description":"Stellenanzeige: Engagierte Teammitglieder f\u00fcr das Begegnungszentrum Die XLAB-Stiftung hat ein modernes Begegnungszentrum fast fertiggestellt \u2013 der Innenausbau ist nahezu abgeschlossen. Das Objekt umfasst&hellip;","og_url":"https:\/\/xlab-stiftung.de\/en\/stellenausschreibungen\/","og_site_name":"XLAB Stiftung","article_modified_time":"2025-07-21T14:59:43+00:00","twitter_card":"summary_large_image","twitter_misc":{"Est. reading time":"2 minutes"},"schema":{"@context":"https:\/\/schema.org","@graph":[{"@type":"WebPage","@id":"https:\/\/xlab-stiftung.de\/stellenausschreibungen\/","url":"https:\/\/xlab-stiftung.de\/stellenausschreibungen\/","name":"Stellenausschreibungen - XLAB Stiftung","isPartOf":{"@id":"https:\/\/xlab-stiftung.de\/#website"},"datePublished":"2025-02-17T09:53:21+00:00","dateModified":"2025-07-21T14:59:43+00:00","breadcrumb":{"@id":"https:\/\/xlab-stiftung.de\/stellenausschreibungen\/#breadcrumb"},"inLanguage":"en-US","potentialAction":[{"@type":"ReadAction","target":["https:\/\/xlab-stiftung.de\/stellenausschreibungen\/"]}]},{"@type":"BreadcrumbList","@id":"https:\/\/xlab-stiftung.de\/stellenausschreibungen\/#breadcrumb","itemListElement":[{"@type":"ListItem","position":1,"name":"Startseite","item":"https:\/\/xlab-stiftung.de\/"},{"@type":"ListItem","position":2,"name":"Stellenausschreibungen"}]},{"@type":"WebSite","@id":"https:\/\/xlab-stiftung.de\/#website","url":"https:\/\/xlab-stiftung.de\/","name":"XLAB Stiftung","description":"","publisher":{"@id":"https:\/\/xlab-stiftung.de\/#organization"},"potentialAction":[{"@type":"SearchAction","target":{"@type":"EntryPoint","urlTemplate":"https:\/\/xlab-stiftung.de\/?s={search_term_string}"},"query-input":"required name=search_term_string"}],"inLanguage":"en-US"},{"@type":"Organization","@id":"https:\/\/xlab-stiftung.de\/#organization","name":"XLAB Stiftung","url":"https:\/\/xlab-stiftung.de\/","logo":{"@type":"ImageObject","inLanguage":"en-US","@id":"https:\/\/xlab-stiftung.de\/#\/schema\/logo\/image\/","url":"https:\/\/xlab-stiftung.de\/wp-content\/uploads\/2023\/01\/ezgif.com-gif-maker-5.gif","contentUrl":"https:\/\/xlab-stiftung.de\/wp-content\/uploads\/2023\/01\/ezgif.com-gif-maker-5.gif","width":2048,"height":230,"caption":"XLAB Stiftung"},"image":{"@id":"https:\/\/xlab-stiftung.de\/#\/schema\/logo\/image\/"}}]}},"_links":{"self":[{"href":"https:\/\/xlab-stiftung.de\/en\/wp-json\/wp\/v2\/pages\/5842"}],"collection":[{"href":"https:\/\/xlab-stiftung.de\/en\/wp-json\/wp\/v2\/pages"}],"about":[{"href":"https:\/\/xlab-stiftung.de\/en\/wp-json\/wp\/v2\/types\/page"}],"author":[{"embeddable":true,"href":"https:\/\/xlab-stiftung.de\/en\/wp-json\/wp\/v2\/users\/1"}],"replies":[{"embeddable":true,"href":"https:\/\/xlab-stiftung.de\/en\/wp-json\/wp\/v2\/comments?post=5842"}],"version-history":[{"count":6,"href":"https:\/\/xlab-stiftung.de\/en\/wp-json\/wp\/v2\/pages\/5842\/revisions"}],"predecessor-version":[{"id":5926,"href":"https:\/\/xlab-stiftung.de\/en\/wp-json\/wp\/v2\/pages\/5842\/revisions\/5926"}],"wp:attachment":[{"href":"https:\/\/xlab-stiftung.de\/en\/wp-json\/wp\/v2\/media?parent=5842"}],"curies":[{"name":"wp","href":"https:\/\/api.w.org\/{rel}","templated":true}]}}