{"id":607,"date":"2023-01-19T08:12:41","date_gmt":"2023-01-19T08:12:41","guid":{"rendered":"https:\/\/xlab-stiftung.de\/?page_id=607"},"modified":"2023-02-23T05:38:50","modified_gmt":"2023-02-23T05:38:50","slug":"ein-herz-fuer-viren-ein-spannender-blick-in-einen-immer-noch-weitgehend-unbekannten-nanokosmos","status":"publish","type":"page","link":"https:\/\/xlab-stiftung.de\/en\/science-festival-2023\/ein-herz-fuer-viren-ein-spannender-blick-in-einen-immer-noch-weitgehend-unbekannten-nanokosmos\/","title":{"rendered":"Ein Herz f\u00fcr Viren &#8211; Ein spannender Blick in einen immer noch weitgehend unbekannten Nanokosmos"},"content":{"rendered":"<p>Prof. Dr. Thomas C. Mettenleiter, Friedrich-Loeffler-Institut<\/p>\n\n\n\n<p>Was Viren anrichten k\u00f6nnen, mussten wir alle in den letzten Jahren der COVID-19 Pandemie schmerzlich erleben. Diese infekti\u00f6sen Nanopartikel mit einem Schnipsel genetischen Materials haben uns eine globale Krise beschert und nicht nur direkt, sondern auch indirekt gro\u00dfen Schaden angerichtet. Viren sind also \u201aSch\u00e4dlinge\u2018 wie andere Parasiten auch? Und unsere Aufgabe besteht in ihrer Bek\u00e4mpfung, am besten bis zur globalen Eradikation wie es bei den Pocken und der Rinderpest bereits gelungen ist? Sicher, Viren sind auch die Erreger von Krankheiten bei Pflanze, Tier und Mensch und hier sind Pr\u00e4vention (z.B. Impfung) und Therapie als Teil der Bek\u00e4mpfung angesagt. Aber Viren (oder virus\u00e4hnliche Elemente) sind auch Treiber der Evolution, ja sie stehen am Beginn der Evolution. Ohne sie g\u00e4be es uns nicht. Viren stellen die zahlreichste Lebensform auf diesem Planeten dar, sie repr\u00e4sentieren die gr\u00f6\u00dfte genetische Vielfalt. Es gibt mehr Viren auf der Erde als Sterne am Himmel, 10-mal mehr als Bakterien. Viren geh\u00f6ren zu unserem Lebensraum, sind st\u00e4ndig um uns. Ist das nicht eine apokalyptische Vorstellung? Nein, wenn wir Viren weniger medizinisch sondern mehr aus Sicht der Biologie betrachten, sind sie faszinierende Repr\u00e4sentanten irdischen Lebens mit einem ungeheuren Einfluss auf alles, was sich auf diesem Planeten tut. Diese unterschiedlichen Einblicke in die \u201aWelt der Viren\u2018 sollen im Rahmen dieses Vortrags aufgezeigt werden. Ein spannender Blick in einen immer noch weitgehend unbekannten Nanokosmos!<\/p>\n\n\n\n<figure class=\"wp-block-image size-large\"><img decoding=\"async\" loading=\"lazy\" width=\"884\" height=\"1024\" src=\"https:\/\/xlab-stiftung.de\/wp-content\/uploads\/2023\/01\/Mettenleiter-884x1024.jpg\" alt=\"Prof. Dr. Mettenleiter\" class=\"wp-image-609\" srcset=\"https:\/\/xlab-stiftung.de\/wp-content\/uploads\/2023\/01\/Mettenleiter-884x1024.jpg 884w, https:\/\/xlab-stiftung.de\/wp-content\/uploads\/2023\/01\/Mettenleiter-259x300.jpg 259w, https:\/\/xlab-stiftung.de\/wp-content\/uploads\/2023\/01\/Mettenleiter-768x889.jpg 768w, https:\/\/xlab-stiftung.de\/wp-content\/uploads\/2023\/01\/Mettenleiter-850x984.jpg 850w, https:\/\/xlab-stiftung.de\/wp-content\/uploads\/2023\/01\/Mettenleiter.jpg 1006w\" sizes=\"(max-width: 884px) 100vw, 884px\" \/><figcaption class=\"wp-element-caption\">Prof. Dr. Thomas C. Mettenleiter<\/figcaption><\/figure>\n\n\n\n<p><a href=\"https:\/\/xlab-stiftung.de\/en\/science-festival-2023\/#donnerstag\">Zur\u00fcck zur \u00dcbersicht XLAB Science Festival Donnerstag den 16.03.2023<\/a><\/p>","protected":false},"excerpt":{"rendered":"<p>Prof. Dr. Thomas C. Mettenleiter, Friedrich-Loeffler-Institut Was Viren anrichten k\u00f6nnen, mussten wir alle in den letzten Jahren der COVID-19 Pandemie schmerzlich erleben. Diese&hellip;<\/p>","protected":false},"author":1,"featured_media":609,"parent":129,"menu_order":7,"comment_status":"closed","ping_status":"closed","template":"","meta":[],"yoast_head":"<!-- This site is optimized with the Yoast SEO plugin v21.2 - https:\/\/yoast.com\/wordpress\/plugins\/seo\/ -->\n<title>Ein Herz f\u00fcr Viren - Ein spannender Blick in einen immer noch weitgehend unbekannten Nanokosmos - XLAB Stiftung<\/title>\n<meta name=\"description\" content=\"Was Viren anrichten k\u00f6nnen, mussten wir alle in den letzten Jahren der COVID-19 Pandemie schmerzlich erleben. Diese infekti\u00f6sen Nanopartikel mit einem Schnipsel genetischen Materials haben uns eine globale Krise beschert und nicht nur direkt, sondern auch indirekt gro\u00dfen Schaden angerichtet. Viren sind also \u201aSch\u00e4dlinge\u2018 wie andere Parasiten auch?\" \/>\n<meta name=\"robots\" content=\"index, follow, max-snippet:-1, max-image-preview:large, max-video-preview:-1\" \/>\n<link rel=\"canonical\" href=\"https:\/\/xlab-stiftung.de\/en\/science-festival-2023\/ein-herz-fuer-viren-ein-spannender-blick-in-einen-immer-noch-weitgehend-unbekannten-nanokosmos\/\" \/>\n<meta property=\"og:locale\" content=\"en_US\" \/>\n<meta property=\"og:type\" content=\"article\" \/>\n<meta property=\"og:title\" content=\"Ein Herz f\u00fcr Viren - Ein spannender Blick in einen immer noch weitgehend unbekannten Nanokosmos - XLAB Stiftung\" \/>\n<meta property=\"og:description\" content=\"Was Viren anrichten k\u00f6nnen, mussten wir alle in den letzten Jahren der COVID-19 Pandemie schmerzlich erleben. Diese infekti\u00f6sen Nanopartikel mit einem Schnipsel genetischen Materials haben uns eine globale Krise beschert und nicht nur direkt, sondern auch indirekt gro\u00dfen Schaden angerichtet. Viren sind also \u201aSch\u00e4dlinge\u2018 wie andere Parasiten auch?\" \/>\n<meta property=\"og:url\" content=\"https:\/\/xlab-stiftung.de\/en\/science-festival-2023\/ein-herz-fuer-viren-ein-spannender-blick-in-einen-immer-noch-weitgehend-unbekannten-nanokosmos\/\" \/>\n<meta property=\"og:site_name\" content=\"XLAB Stiftung\" \/>\n<meta property=\"article:modified_time\" content=\"2023-02-23T05:38:50+00:00\" \/>\n<meta property=\"og:image\" content=\"https:\/\/xlab-stiftung.de\/wp-content\/uploads\/2023\/01\/Mettenleiter.jpg\" \/>\n\t<meta property=\"og:image:width\" content=\"1006\" \/>\n\t<meta property=\"og:image:height\" content=\"1165\" \/>\n\t<meta property=\"og:image:type\" content=\"image\/jpeg\" \/>\n<meta name=\"twitter:card\" content=\"summary_large_image\" \/>\n<meta name=\"twitter:label1\" content=\"Est. reading time\" \/>\n\t<meta name=\"twitter:data1\" content=\"2 minutes\" \/>\n<script type=\"application\/ld+json\" class=\"yoast-schema-graph\">{\"@context\":\"https:\/\/schema.org\",\"@graph\":[{\"@type\":\"Article\",\"@id\":\"https:\/\/xlab-stiftung.de\/science-festival-2023\/ein-herz-fuer-viren-ein-spannender-blick-in-einen-immer-noch-weitgehend-unbekannten-nanokosmos\/#article\",\"isPartOf\":{\"@id\":\"https:\/\/xlab-stiftung.de\/science-festival-2023\/ein-herz-fuer-viren-ein-spannender-blick-in-einen-immer-noch-weitgehend-unbekannten-nanokosmos\/\"},\"author\":{\"name\":\"gott\",\"@id\":\"https:\/\/xlab-stiftung.de\/#\/schema\/person\/b5bd3ef0d7fb5ec73256f8f2f556eaeb\"},\"headline\":\"Ein Herz f\u00fcr Viren &#8211; Ein spannender Blick in einen immer noch weitgehend unbekannten Nanokosmos\",\"datePublished\":\"2023-01-19T08:12:41+00:00\",\"dateModified\":\"2023-02-23T05:38:50+00:00\",\"mainEntityOfPage\":{\"@id\":\"https:\/\/xlab-stiftung.de\/science-festival-2023\/ein-herz-fuer-viren-ein-spannender-blick-in-einen-immer-noch-weitgehend-unbekannten-nanokosmos\/\"},\"wordCount\":273,\"publisher\":{\"@id\":\"https:\/\/xlab-stiftung.de\/#organization\"},\"inLanguage\":\"en-US\"},{\"@type\":\"WebPage\",\"@id\":\"https:\/\/xlab-stiftung.de\/science-festival-2023\/ein-herz-fuer-viren-ein-spannender-blick-in-einen-immer-noch-weitgehend-unbekannten-nanokosmos\/\",\"url\":\"https:\/\/xlab-stiftung.de\/science-festival-2023\/ein-herz-fuer-viren-ein-spannender-blick-in-einen-immer-noch-weitgehend-unbekannten-nanokosmos\/\",\"name\":\"Ein Herz f\u00fcr Viren - Ein spannender Blick in einen immer noch weitgehend unbekannten Nanokosmos - XLAB Stiftung\",\"isPartOf\":{\"@id\":\"https:\/\/xlab-stiftung.de\/#website\"},\"datePublished\":\"2023-01-19T08:12:41+00:00\",\"dateModified\":\"2023-02-23T05:38:50+00:00\",\"description\":\"Was Viren anrichten k\u00f6nnen, mussten wir alle in den letzten Jahren der COVID-19 Pandemie schmerzlich erleben. Diese infekti\u00f6sen Nanopartikel mit einem Schnipsel genetischen Materials haben uns eine globale Krise beschert und nicht nur direkt, sondern auch indirekt gro\u00dfen Schaden angerichtet. Viren sind also \u201aSch\u00e4dlinge\u2018 wie andere Parasiten auch?\",\"breadcrumb\":{\"@id\":\"https:\/\/xlab-stiftung.de\/science-festival-2023\/ein-herz-fuer-viren-ein-spannender-blick-in-einen-immer-noch-weitgehend-unbekannten-nanokosmos\/#breadcrumb\"},\"inLanguage\":\"en-US\",\"potentialAction\":[{\"@type\":\"ReadAction\",\"target\":[\"https:\/\/xlab-stiftung.de\/science-festival-2023\/ein-herz-fuer-viren-ein-spannender-blick-in-einen-immer-noch-weitgehend-unbekannten-nanokosmos\/\"]}]},{\"@type\":\"BreadcrumbList\",\"@id\":\"https:\/\/xlab-stiftung.de\/science-festival-2023\/ein-herz-fuer-viren-ein-spannender-blick-in-einen-immer-noch-weitgehend-unbekannten-nanokosmos\/#breadcrumb\",\"itemListElement\":[{\"@type\":\"ListItem\",\"position\":1,\"name\":\"Startseite\",\"item\":\"https:\/\/xlab-stiftung.de\/\"},{\"@type\":\"ListItem\",\"position\":2,\"name\":\"XLAB Science Festival 2023\",\"item\":\"https:\/\/xlab-stiftung.de\/science-festival-2023\/\"},{\"@type\":\"ListItem\",\"position\":3,\"name\":\"Ein Herz f\u00fcr Viren &#8211; Ein spannender Blick in einen immer noch weitgehend unbekannten Nanokosmos\"}]},{\"@type\":\"WebSite\",\"@id\":\"https:\/\/xlab-stiftung.de\/#website\",\"url\":\"https:\/\/xlab-stiftung.de\/\",\"name\":\"XLAB Stiftung\",\"description\":\"\",\"publisher\":{\"@id\":\"https:\/\/xlab-stiftung.de\/#organization\"},\"potentialAction\":[{\"@type\":\"SearchAction\",\"target\":{\"@type\":\"EntryPoint\",\"urlTemplate\":\"https:\/\/xlab-stiftung.de\/?s={search_term_string}\"},\"query-input\":\"required name=search_term_string\"}],\"inLanguage\":\"en-US\"},{\"@type\":\"Organization\",\"@id\":\"https:\/\/xlab-stiftung.de\/#organization\",\"name\":\"XLAB Stiftung\",\"url\":\"https:\/\/xlab-stiftung.de\/\",\"logo\":{\"@type\":\"ImageObject\",\"inLanguage\":\"en-US\",\"@id\":\"https:\/\/xlab-stiftung.de\/#\/schema\/logo\/image\/\",\"url\":\"https:\/\/xlab-stiftung.de\/wp-content\/uploads\/2023\/01\/ezgif.com-gif-maker-5.gif\",\"contentUrl\":\"https:\/\/xlab-stiftung.de\/wp-content\/uploads\/2023\/01\/ezgif.com-gif-maker-5.gif\",\"width\":2048,\"height\":230,\"caption\":\"XLAB Stiftung\"},\"image\":{\"@id\":\"https:\/\/xlab-stiftung.de\/#\/schema\/logo\/image\/\"}},{\"@type\":\"Person\",\"@id\":\"https:\/\/xlab-stiftung.de\/#\/schema\/person\/b5bd3ef0d7fb5ec73256f8f2f556eaeb\",\"name\":\"gott\",\"image\":{\"@type\":\"ImageObject\",\"inLanguage\":\"en-US\",\"@id\":\"https:\/\/xlab-stiftung.de\/#\/schema\/person\/image\/\",\"url\":\"https:\/\/secure.gravatar.com\/avatar\/c23742ab9a570bb797053f2c95e461ea?s=96&d=mm&r=g\",\"contentUrl\":\"https:\/\/secure.gravatar.com\/avatar\/c23742ab9a570bb797053f2c95e461ea?s=96&d=mm&r=g\",\"caption\":\"gott\"},\"sameAs\":[\"http:\/\/xlabstiftung.vwebfile-test.gwdg.de\"],\"url\":\"https:\/\/xlab-stiftung.de\/en\/author\/gott\/\"}]}<\/script>\n<!-- \/ Yoast SEO plugin. -->","yoast_head_json":{"title":"Ein Herz f\u00fcr Viren - Ein spannender Blick in einen immer noch weitgehend unbekannten Nanokosmos - XLAB Stiftung","description":"Was Viren anrichten k\u00f6nnen, mussten wir alle in den letzten Jahren der COVID-19 Pandemie schmerzlich erleben. Diese infekti\u00f6sen Nanopartikel mit einem Schnipsel genetischen Materials haben uns eine globale Krise beschert und nicht nur direkt, sondern auch indirekt gro\u00dfen Schaden angerichtet. Viren sind also \u201aSch\u00e4dlinge\u2018 wie andere Parasiten auch?","robots":{"index":"index","follow":"follow","max-snippet":"max-snippet:-1","max-image-preview":"max-image-preview:large","max-video-preview":"max-video-preview:-1"},"canonical":"https:\/\/xlab-stiftung.de\/en\/science-festival-2023\/ein-herz-fuer-viren-ein-spannender-blick-in-einen-immer-noch-weitgehend-unbekannten-nanokosmos\/","og_locale":"en_US","og_type":"article","og_title":"Ein Herz f\u00fcr Viren - Ein spannender Blick in einen immer noch weitgehend unbekannten Nanokosmos - XLAB Stiftung","og_description":"Was Viren anrichten k\u00f6nnen, mussten wir alle in den letzten Jahren der COVID-19 Pandemie schmerzlich erleben. Diese infekti\u00f6sen Nanopartikel mit einem Schnipsel genetischen Materials haben uns eine globale Krise beschert und nicht nur direkt, sondern auch indirekt gro\u00dfen Schaden angerichtet. Viren sind also \u201aSch\u00e4dlinge\u2018 wie andere Parasiten auch?","og_url":"https:\/\/xlab-stiftung.de\/en\/science-festival-2023\/ein-herz-fuer-viren-ein-spannender-blick-in-einen-immer-noch-weitgehend-unbekannten-nanokosmos\/","og_site_name":"XLAB Stiftung","article_modified_time":"2023-02-23T05:38:50+00:00","og_image":[{"width":1006,"height":1165,"url":"https:\/\/xlab-stiftung.de\/wp-content\/uploads\/2023\/01\/Mettenleiter.jpg","type":"image\/jpeg"}],"twitter_card":"summary_large_image","twitter_misc":{"Est. reading time":"2 minutes"},"schema":{"@context":"https:\/\/schema.org","@graph":[{"@type":"Article","@id":"https:\/\/xlab-stiftung.de\/science-festival-2023\/ein-herz-fuer-viren-ein-spannender-blick-in-einen-immer-noch-weitgehend-unbekannten-nanokosmos\/#article","isPartOf":{"@id":"https:\/\/xlab-stiftung.de\/science-festival-2023\/ein-herz-fuer-viren-ein-spannender-blick-in-einen-immer-noch-weitgehend-unbekannten-nanokosmos\/"},"author":{"name":"gott","@id":"https:\/\/xlab-stiftung.de\/#\/schema\/person\/b5bd3ef0d7fb5ec73256f8f2f556eaeb"},"headline":"Ein Herz f\u00fcr Viren &#8211; Ein spannender Blick in einen immer noch weitgehend unbekannten Nanokosmos","datePublished":"2023-01-19T08:12:41+00:00","dateModified":"2023-02-23T05:38:50+00:00","mainEntityOfPage":{"@id":"https:\/\/xlab-stiftung.de\/science-festival-2023\/ein-herz-fuer-viren-ein-spannender-blick-in-einen-immer-noch-weitgehend-unbekannten-nanokosmos\/"},"wordCount":273,"publisher":{"@id":"https:\/\/xlab-stiftung.de\/#organization"},"inLanguage":"en-US"},{"@type":"WebPage","@id":"https:\/\/xlab-stiftung.de\/science-festival-2023\/ein-herz-fuer-viren-ein-spannender-blick-in-einen-immer-noch-weitgehend-unbekannten-nanokosmos\/","url":"https:\/\/xlab-stiftung.de\/science-festival-2023\/ein-herz-fuer-viren-ein-spannender-blick-in-einen-immer-noch-weitgehend-unbekannten-nanokosmos\/","name":"Ein Herz f\u00fcr Viren - Ein spannender Blick in einen immer noch weitgehend unbekannten Nanokosmos - XLAB Stiftung","isPartOf":{"@id":"https:\/\/xlab-stiftung.de\/#website"},"datePublished":"2023-01-19T08:12:41+00:00","dateModified":"2023-02-23T05:38:50+00:00","description":"Was Viren anrichten k\u00f6nnen, mussten wir alle in den letzten Jahren der COVID-19 Pandemie schmerzlich erleben. Diese infekti\u00f6sen Nanopartikel mit einem Schnipsel genetischen Materials haben uns eine globale Krise beschert und nicht nur direkt, sondern auch indirekt gro\u00dfen Schaden angerichtet. Viren sind also \u201aSch\u00e4dlinge\u2018 wie andere Parasiten auch?","breadcrumb":{"@id":"https:\/\/xlab-stiftung.de\/science-festival-2023\/ein-herz-fuer-viren-ein-spannender-blick-in-einen-immer-noch-weitgehend-unbekannten-nanokosmos\/#breadcrumb"},"inLanguage":"en-US","potentialAction":[{"@type":"ReadAction","target":["https:\/\/xlab-stiftung.de\/science-festival-2023\/ein-herz-fuer-viren-ein-spannender-blick-in-einen-immer-noch-weitgehend-unbekannten-nanokosmos\/"]}]},{"@type":"BreadcrumbList","@id":"https:\/\/xlab-stiftung.de\/science-festival-2023\/ein-herz-fuer-viren-ein-spannender-blick-in-einen-immer-noch-weitgehend-unbekannten-nanokosmos\/#breadcrumb","itemListElement":[{"@type":"ListItem","position":1,"name":"Startseite","item":"https:\/\/xlab-stiftung.de\/"},{"@type":"ListItem","position":2,"name":"XLAB Science Festival 2023","item":"https:\/\/xlab-stiftung.de\/science-festival-2023\/"},{"@type":"ListItem","position":3,"name":"Ein Herz f\u00fcr Viren &#8211; Ein spannender Blick in einen immer noch weitgehend unbekannten Nanokosmos"}]},{"@type":"WebSite","@id":"https:\/\/xlab-stiftung.de\/#website","url":"https:\/\/xlab-stiftung.de\/","name":"XLAB Stiftung","description":"","publisher":{"@id":"https:\/\/xlab-stiftung.de\/#organization"},"potentialAction":[{"@type":"SearchAction","target":{"@type":"EntryPoint","urlTemplate":"https:\/\/xlab-stiftung.de\/?s={search_term_string}"},"query-input":"required name=search_term_string"}],"inLanguage":"en-US"},{"@type":"Organization","@id":"https:\/\/xlab-stiftung.de\/#organization","name":"XLAB Stiftung","url":"https:\/\/xlab-stiftung.de\/","logo":{"@type":"ImageObject","inLanguage":"en-US","@id":"https:\/\/xlab-stiftung.de\/#\/schema\/logo\/image\/","url":"https:\/\/xlab-stiftung.de\/wp-content\/uploads\/2023\/01\/ezgif.com-gif-maker-5.gif","contentUrl":"https:\/\/xlab-stiftung.de\/wp-content\/uploads\/2023\/01\/ezgif.com-gif-maker-5.gif","width":2048,"height":230,"caption":"XLAB Stiftung"},"image":{"@id":"https:\/\/xlab-stiftung.de\/#\/schema\/logo\/image\/"}},{"@type":"Person","@id":"https:\/\/xlab-stiftung.de\/#\/schema\/person\/b5bd3ef0d7fb5ec73256f8f2f556eaeb","name":"gott","image":{"@type":"ImageObject","inLanguage":"en-US","@id":"https:\/\/xlab-stiftung.de\/#\/schema\/person\/image\/","url":"https:\/\/secure.gravatar.com\/avatar\/c23742ab9a570bb797053f2c95e461ea?s=96&d=mm&r=g","contentUrl":"https:\/\/secure.gravatar.com\/avatar\/c23742ab9a570bb797053f2c95e461ea?s=96&d=mm&r=g","caption":"gott"},"sameAs":["http:\/\/xlabstiftung.vwebfile-test.gwdg.de"],"url":"https:\/\/xlab-stiftung.de\/en\/author\/gott\/"}]}},"_links":{"self":[{"href":"https:\/\/xlab-stiftung.de\/en\/wp-json\/wp\/v2\/pages\/607"}],"collection":[{"href":"https:\/\/xlab-stiftung.de\/en\/wp-json\/wp\/v2\/pages"}],"about":[{"href":"https:\/\/xlab-stiftung.de\/en\/wp-json\/wp\/v2\/types\/page"}],"author":[{"embeddable":true,"href":"https:\/\/xlab-stiftung.de\/en\/wp-json\/wp\/v2\/users\/1"}],"replies":[{"embeddable":true,"href":"https:\/\/xlab-stiftung.de\/en\/wp-json\/wp\/v2\/comments?post=607"}],"version-history":[{"count":3,"href":"https:\/\/xlab-stiftung.de\/en\/wp-json\/wp\/v2\/pages\/607\/revisions"}],"predecessor-version":[{"id":3181,"href":"https:\/\/xlab-stiftung.de\/en\/wp-json\/wp\/v2\/pages\/607\/revisions\/3181"}],"up":[{"embeddable":true,"href":"https:\/\/xlab-stiftung.de\/en\/wp-json\/wp\/v2\/pages\/129"}],"wp:featuredmedia":[{"embeddable":true,"href":"https:\/\/xlab-stiftung.de\/en\/wp-json\/wp\/v2\/media\/609"}],"wp:attachment":[{"href":"https:\/\/xlab-stiftung.de\/en\/wp-json\/wp\/v2\/media?parent=607"}],"curies":[{"name":"wp","href":"https:\/\/api.w.org\/{rel}","templated":true}]}}