{"id":623,"date":"2023-01-19T08:27:36","date_gmt":"2023-01-19T08:27:36","guid":{"rendered":"https:\/\/xlab-stiftung.de\/?page_id=623"},"modified":"2023-02-23T21:26:06","modified_gmt":"2023-02-23T21:26:06","slug":"galaxien-und-schwarze-loecher","status":"publish","type":"page","link":"https:\/\/xlab-stiftung.de\/en\/science-festival-2023\/galaxien-und-schwarze-loecher\/","title":{"rendered":"Galaxien und Schwarze L\u00f6cher"},"content":{"rendered":"<p>Prof. Dr. Reinhard Genzel, Max-Planck-Institut f\u00fcr extraterrestrische Physik, Garching<\/p>\n\n\n\n<p>Seit der Entdeckung der Quasare vor etwa 50 Jahren haben sich die Indizien geh\u00e4uft, dass in den Zentren von Milchstra\u00dfensystemen massive Schwarze L\u00f6cher sitzen, die durch Akkretion von Gas und Sternen effizient Gravitationsenergie in Strahlung umwandeln. Durch hochaufl\u00f6sende Messungen im Infrarot- und Radiobereich ist es jetzt im Zentrum unserer eigenen Milchstra\u00dfe gelungen, einen \u00fcberzeugenden Beweis f\u00fcr diese Hypothese zu liefern. Gleichzeitig wurden neue und unerwartete Resultate \u00fcber den dichten Sternhaufen in der unmittelbaren Umgebung des Schwarzen Lochs erbracht.<\/p>\n\n\n\n<p>Hierbei haben neue Entwicklungen in der Infrarotinstrumentierung und der adaptiven Optik und Interferometrie am neuen Gro\u00dfteleskop der ESO, dem VLT, eine wichtige Rolle gespielt.<\/p>\n\n\n\n<p>Gleichzeitig ist klargeworden, dass die meisten Galaxien massive Schwarze L\u00f6cher beherbergen und diese Schwarzen L\u00f6cher bereits etwa eine Milliarde Jahre nach dem Urknall entstanden sein m\u00fcssen.<\/p>\n\n\n\n<p>Es werden diese neuen Messungen und ihre Konsequenzen f\u00fcr die Entstehung von Schwarzen L\u00f6chern im fr\u00fchen Universum diskutiert.<\/p>\n\n\n\n<figure class=\"wp-block-image size-large\"><img decoding=\"async\" loading=\"lazy\" width=\"683\" height=\"1024\" src=\"https:\/\/xlab-stiftung.de\/wp-content\/uploads\/2023\/01\/Prof._Genzel_123-2-683x1024.jpg\" alt=\"\" class=\"wp-image-625\" srcset=\"https:\/\/xlab-stiftung.de\/wp-content\/uploads\/2023\/01\/Prof._Genzel_123-2-683x1024.jpg 683w, https:\/\/xlab-stiftung.de\/wp-content\/uploads\/2023\/01\/Prof._Genzel_123-2-200x300.jpg 200w, https:\/\/xlab-stiftung.de\/wp-content\/uploads\/2023\/01\/Prof._Genzel_123-2-768x1152.jpg 768w, https:\/\/xlab-stiftung.de\/wp-content\/uploads\/2023\/01\/Prof._Genzel_123-2-1024x1536.jpg 1024w, https:\/\/xlab-stiftung.de\/wp-content\/uploads\/2023\/01\/Prof._Genzel_123-2-1365x2048.jpg 1365w, https:\/\/xlab-stiftung.de\/wp-content\/uploads\/2023\/01\/Prof._Genzel_123-2-850x1275.jpg 850w, https:\/\/xlab-stiftung.de\/wp-content\/uploads\/2023\/01\/Prof._Genzel_123-2-scaled.jpg 1707w\" sizes=\"(max-width: 683px) 100vw, 683px\" \/><figcaption class=\"wp-element-caption\">Prof. Dr. Reinhard Genzel<\/figcaption><\/figure>\n\n\n\n<p><a href=\"https:\/\/xlab-stiftung.de\/en\/science-festival-2023\/#donnerstag\">Zur\u00fcck zur \u00dcbersicht XLAB Science Festival Donnerstag den 16.03.2023<\/a><\/p>\n\n\n\n<p><\/p>","protected":false},"excerpt":{"rendered":"<p>Prof. Dr. Reinhard Genzel, Max-Planck-Institut f\u00fcr extraterrestrische Physik, Garching Seit der Entdeckung der Quasare vor etwa 50 Jahren haben sich die Indizien geh\u00e4uft,&hellip;<\/p>","protected":false},"author":1,"featured_media":625,"parent":129,"menu_order":8,"comment_status":"closed","ping_status":"closed","template":"","meta":[],"yoast_head":"<!-- This site is optimized with the Yoast SEO plugin v21.2 - https:\/\/yoast.com\/wordpress\/plugins\/seo\/ -->\n<title>Galaxien und Schwarze L\u00f6cher - XLAB Stiftung<\/title>\n<meta name=\"description\" content=\"Seit der Entdeckung der Quasare vor etwa 50 Jahren haben sich die Indizien geh\u00e4uft, dass in den Zentren von Milchstra\u00dfensystemen massive Schwarze L\u00f6cher sitzen, die durch Akkretion von Gas und Sternen effizient Gravitationsenergie in Strahlung umwandeln. Durch hochaufl\u00f6sende Messungen im Infrarot- und Radiobereich ist es jetzt im Zentrum unserer eigenen Milchstra\u00dfe gelungen, einen \u00fcberzeugenden Beweis f\u00fcr diese Hypothese zu liefern. Gleichzeitig wurden neue und unerwartete Resultate \u00fcber den dichten Sternhaufen in der unmittelbaren Umgebung des Schwarzen Lochs erbracht.\" \/>\n<meta name=\"robots\" content=\"index, follow, max-snippet:-1, max-image-preview:large, max-video-preview:-1\" \/>\n<link rel=\"canonical\" href=\"https:\/\/xlab-stiftung.de\/en\/science-festival-2023\/galaxien-und-schwarze-loecher\/\" \/>\n<meta property=\"og:locale\" content=\"en_US\" \/>\n<meta property=\"og:type\" content=\"article\" \/>\n<meta property=\"og:title\" content=\"Galaxien und Schwarze L\u00f6cher - XLAB Stiftung\" \/>\n<meta property=\"og:description\" content=\"Seit der Entdeckung der Quasare vor etwa 50 Jahren haben sich die Indizien geh\u00e4uft, dass in den Zentren von Milchstra\u00dfensystemen massive Schwarze L\u00f6cher sitzen, die durch Akkretion von Gas und Sternen effizient Gravitationsenergie in Strahlung umwandeln. Durch hochaufl\u00f6sende Messungen im Infrarot- und Radiobereich ist es jetzt im Zentrum unserer eigenen Milchstra\u00dfe gelungen, einen \u00fcberzeugenden Beweis f\u00fcr diese Hypothese zu liefern. Gleichzeitig wurden neue und unerwartete Resultate \u00fcber den dichten Sternhaufen in der unmittelbaren Umgebung des Schwarzen Lochs erbracht.\" \/>\n<meta property=\"og:url\" content=\"https:\/\/xlab-stiftung.de\/en\/science-festival-2023\/galaxien-und-schwarze-loecher\/\" \/>\n<meta property=\"og:site_name\" content=\"XLAB Stiftung\" \/>\n<meta property=\"article:modified_time\" content=\"2023-02-23T21:26:06+00:00\" \/>\n<meta property=\"og:image\" content=\"https:\/\/xlab-stiftung.de\/wp-content\/uploads\/2023\/01\/Prof._Genzel_123-2-scaled.jpg\" \/>\n\t<meta property=\"og:image:width\" content=\"1707\" \/>\n\t<meta property=\"og:image:height\" content=\"2560\" \/>\n\t<meta property=\"og:image:type\" content=\"image\/jpeg\" \/>\n<meta name=\"twitter:card\" content=\"summary_large_image\" \/>\n<meta name=\"twitter:label1\" content=\"Est. reading time\" \/>\n\t<meta name=\"twitter:data1\" content=\"2 minutes\" \/>\n<script type=\"application\/ld+json\" class=\"yoast-schema-graph\">{\"@context\":\"https:\/\/schema.org\",\"@graph\":[{\"@type\":\"WebPage\",\"@id\":\"https:\/\/xlab-stiftung.de\/science-festival-2023\/galaxien-und-schwarze-loecher\/\",\"url\":\"https:\/\/xlab-stiftung.de\/science-festival-2023\/galaxien-und-schwarze-loecher\/\",\"name\":\"Galaxien und Schwarze L\u00f6cher - XLAB Stiftung\",\"isPartOf\":{\"@id\":\"https:\/\/xlab-stiftung.de\/#website\"},\"datePublished\":\"2023-01-19T08:27:36+00:00\",\"dateModified\":\"2023-02-23T21:26:06+00:00\",\"description\":\"Seit der Entdeckung der Quasare vor etwa 50 Jahren haben sich die Indizien geh\u00e4uft, dass in den Zentren von Milchstra\u00dfensystemen massive Schwarze L\u00f6cher sitzen, die durch Akkretion von Gas und Sternen effizient Gravitationsenergie in Strahlung umwandeln. Durch hochaufl\u00f6sende Messungen im Infrarot- und Radiobereich ist es jetzt im Zentrum unserer eigenen Milchstra\u00dfe gelungen, einen \u00fcberzeugenden Beweis f\u00fcr diese Hypothese zu liefern. Gleichzeitig wurden neue und unerwartete Resultate \u00fcber den dichten Sternhaufen in der unmittelbaren Umgebung des Schwarzen Lochs erbracht.\",\"breadcrumb\":{\"@id\":\"https:\/\/xlab-stiftung.de\/science-festival-2023\/galaxien-und-schwarze-loecher\/#breadcrumb\"},\"inLanguage\":\"en-US\",\"potentialAction\":[{\"@type\":\"ReadAction\",\"target\":[\"https:\/\/xlab-stiftung.de\/science-festival-2023\/galaxien-und-schwarze-loecher\/\"]}]},{\"@type\":\"BreadcrumbList\",\"@id\":\"https:\/\/xlab-stiftung.de\/science-festival-2023\/galaxien-und-schwarze-loecher\/#breadcrumb\",\"itemListElement\":[{\"@type\":\"ListItem\",\"position\":1,\"name\":\"Startseite\",\"item\":\"https:\/\/xlab-stiftung.de\/\"},{\"@type\":\"ListItem\",\"position\":2,\"name\":\"XLAB Science Festival 2023\",\"item\":\"https:\/\/xlab-stiftung.de\/science-festival-2023\/\"},{\"@type\":\"ListItem\",\"position\":3,\"name\":\"Galaxien und Schwarze L\u00f6cher\"}]},{\"@type\":\"WebSite\",\"@id\":\"https:\/\/xlab-stiftung.de\/#website\",\"url\":\"https:\/\/xlab-stiftung.de\/\",\"name\":\"XLAB Stiftung\",\"description\":\"\",\"publisher\":{\"@id\":\"https:\/\/xlab-stiftung.de\/#organization\"},\"potentialAction\":[{\"@type\":\"SearchAction\",\"target\":{\"@type\":\"EntryPoint\",\"urlTemplate\":\"https:\/\/xlab-stiftung.de\/?s={search_term_string}\"},\"query-input\":\"required name=search_term_string\"}],\"inLanguage\":\"en-US\"},{\"@type\":\"Organization\",\"@id\":\"https:\/\/xlab-stiftung.de\/#organization\",\"name\":\"XLAB Stiftung\",\"url\":\"https:\/\/xlab-stiftung.de\/\",\"logo\":{\"@type\":\"ImageObject\",\"inLanguage\":\"en-US\",\"@id\":\"https:\/\/xlab-stiftung.de\/#\/schema\/logo\/image\/\",\"url\":\"https:\/\/xlab-stiftung.de\/wp-content\/uploads\/2023\/01\/ezgif.com-gif-maker-5.gif\",\"contentUrl\":\"https:\/\/xlab-stiftung.de\/wp-content\/uploads\/2023\/01\/ezgif.com-gif-maker-5.gif\",\"width\":2048,\"height\":230,\"caption\":\"XLAB Stiftung\"},\"image\":{\"@id\":\"https:\/\/xlab-stiftung.de\/#\/schema\/logo\/image\/\"}}]}<\/script>\n<!-- \/ Yoast SEO plugin. -->","yoast_head_json":{"title":"Galaxien und Schwarze L\u00f6cher - XLAB Stiftung","description":"Seit der Entdeckung der Quasare vor etwa 50 Jahren haben sich die Indizien geh\u00e4uft, dass in den Zentren von Milchstra\u00dfensystemen massive Schwarze L\u00f6cher sitzen, die durch Akkretion von Gas und Sternen effizient Gravitationsenergie in Strahlung umwandeln. Durch hochaufl\u00f6sende Messungen im Infrarot- und Radiobereich ist es jetzt im Zentrum unserer eigenen Milchstra\u00dfe gelungen, einen \u00fcberzeugenden Beweis f\u00fcr diese Hypothese zu liefern. Gleichzeitig wurden neue und unerwartete Resultate \u00fcber den dichten Sternhaufen in der unmittelbaren Umgebung des Schwarzen Lochs erbracht.","robots":{"index":"index","follow":"follow","max-snippet":"max-snippet:-1","max-image-preview":"max-image-preview:large","max-video-preview":"max-video-preview:-1"},"canonical":"https:\/\/xlab-stiftung.de\/en\/science-festival-2023\/galaxien-und-schwarze-loecher\/","og_locale":"en_US","og_type":"article","og_title":"Galaxien und Schwarze L\u00f6cher - XLAB Stiftung","og_description":"Seit der Entdeckung der Quasare vor etwa 50 Jahren haben sich die Indizien geh\u00e4uft, dass in den Zentren von Milchstra\u00dfensystemen massive Schwarze L\u00f6cher sitzen, die durch Akkretion von Gas und Sternen effizient Gravitationsenergie in Strahlung umwandeln. Durch hochaufl\u00f6sende Messungen im Infrarot- und Radiobereich ist es jetzt im Zentrum unserer eigenen Milchstra\u00dfe gelungen, einen \u00fcberzeugenden Beweis f\u00fcr diese Hypothese zu liefern. Gleichzeitig wurden neue und unerwartete Resultate \u00fcber den dichten Sternhaufen in der unmittelbaren Umgebung des Schwarzen Lochs erbracht.","og_url":"https:\/\/xlab-stiftung.de\/en\/science-festival-2023\/galaxien-und-schwarze-loecher\/","og_site_name":"XLAB Stiftung","article_modified_time":"2023-02-23T21:26:06+00:00","og_image":[{"width":1707,"height":2560,"url":"https:\/\/xlab-stiftung.de\/wp-content\/uploads\/2023\/01\/Prof._Genzel_123-2-scaled.jpg","type":"image\/jpeg"}],"twitter_card":"summary_large_image","twitter_misc":{"Est. reading time":"2 minutes"},"schema":{"@context":"https:\/\/schema.org","@graph":[{"@type":"WebPage","@id":"https:\/\/xlab-stiftung.de\/science-festival-2023\/galaxien-und-schwarze-loecher\/","url":"https:\/\/xlab-stiftung.de\/science-festival-2023\/galaxien-und-schwarze-loecher\/","name":"Galaxien und Schwarze L\u00f6cher - XLAB Stiftung","isPartOf":{"@id":"https:\/\/xlab-stiftung.de\/#website"},"datePublished":"2023-01-19T08:27:36+00:00","dateModified":"2023-02-23T21:26:06+00:00","description":"Seit der Entdeckung der Quasare vor etwa 50 Jahren haben sich die Indizien geh\u00e4uft, dass in den Zentren von Milchstra\u00dfensystemen massive Schwarze L\u00f6cher sitzen, die durch Akkretion von Gas und Sternen effizient Gravitationsenergie in Strahlung umwandeln. Durch hochaufl\u00f6sende Messungen im Infrarot- und Radiobereich ist es jetzt im Zentrum unserer eigenen Milchstra\u00dfe gelungen, einen \u00fcberzeugenden Beweis f\u00fcr diese Hypothese zu liefern. Gleichzeitig wurden neue und unerwartete Resultate \u00fcber den dichten Sternhaufen in der unmittelbaren Umgebung des Schwarzen Lochs erbracht.","breadcrumb":{"@id":"https:\/\/xlab-stiftung.de\/science-festival-2023\/galaxien-und-schwarze-loecher\/#breadcrumb"},"inLanguage":"en-US","potentialAction":[{"@type":"ReadAction","target":["https:\/\/xlab-stiftung.de\/science-festival-2023\/galaxien-und-schwarze-loecher\/"]}]},{"@type":"BreadcrumbList","@id":"https:\/\/xlab-stiftung.de\/science-festival-2023\/galaxien-und-schwarze-loecher\/#breadcrumb","itemListElement":[{"@type":"ListItem","position":1,"name":"Startseite","item":"https:\/\/xlab-stiftung.de\/"},{"@type":"ListItem","position":2,"name":"XLAB Science Festival 2023","item":"https:\/\/xlab-stiftung.de\/science-festival-2023\/"},{"@type":"ListItem","position":3,"name":"Galaxien und Schwarze L\u00f6cher"}]},{"@type":"WebSite","@id":"https:\/\/xlab-stiftung.de\/#website","url":"https:\/\/xlab-stiftung.de\/","name":"XLAB Stiftung","description":"","publisher":{"@id":"https:\/\/xlab-stiftung.de\/#organization"},"potentialAction":[{"@type":"SearchAction","target":{"@type":"EntryPoint","urlTemplate":"https:\/\/xlab-stiftung.de\/?s={search_term_string}"},"query-input":"required name=search_term_string"}],"inLanguage":"en-US"},{"@type":"Organization","@id":"https:\/\/xlab-stiftung.de\/#organization","name":"XLAB Stiftung","url":"https:\/\/xlab-stiftung.de\/","logo":{"@type":"ImageObject","inLanguage":"en-US","@id":"https:\/\/xlab-stiftung.de\/#\/schema\/logo\/image\/","url":"https:\/\/xlab-stiftung.de\/wp-content\/uploads\/2023\/01\/ezgif.com-gif-maker-5.gif","contentUrl":"https:\/\/xlab-stiftung.de\/wp-content\/uploads\/2023\/01\/ezgif.com-gif-maker-5.gif","width":2048,"height":230,"caption":"XLAB Stiftung"},"image":{"@id":"https:\/\/xlab-stiftung.de\/#\/schema\/logo\/image\/"}}]}},"_links":{"self":[{"href":"https:\/\/xlab-stiftung.de\/en\/wp-json\/wp\/v2\/pages\/623"}],"collection":[{"href":"https:\/\/xlab-stiftung.de\/en\/wp-json\/wp\/v2\/pages"}],"about":[{"href":"https:\/\/xlab-stiftung.de\/en\/wp-json\/wp\/v2\/types\/page"}],"author":[{"embeddable":true,"href":"https:\/\/xlab-stiftung.de\/en\/wp-json\/wp\/v2\/users\/1"}],"replies":[{"embeddable":true,"href":"https:\/\/xlab-stiftung.de\/en\/wp-json\/wp\/v2\/comments?post=623"}],"version-history":[{"count":2,"href":"https:\/\/xlab-stiftung.de\/en\/wp-json\/wp\/v2\/pages\/623\/revisions"}],"predecessor-version":[{"id":3273,"href":"https:\/\/xlab-stiftung.de\/en\/wp-json\/wp\/v2\/pages\/623\/revisions\/3273"}],"up":[{"embeddable":true,"href":"https:\/\/xlab-stiftung.de\/en\/wp-json\/wp\/v2\/pages\/129"}],"wp:featuredmedia":[{"embeddable":true,"href":"https:\/\/xlab-stiftung.de\/en\/wp-json\/wp\/v2\/media\/625"}],"wp:attachment":[{"href":"https:\/\/xlab-stiftung.de\/en\/wp-json\/wp\/v2\/media?parent=623"}],"curies":[{"name":"wp","href":"https:\/\/api.w.org\/{rel}","templated":true}]}}