{"id":669,"date":"2023-01-19T09:20:45","date_gmt":"2023-01-19T09:20:45","guid":{"rendered":"https:\/\/xlab-stiftung.de\/?page_id=669"},"modified":"2023-02-25T12:26:19","modified_gmt":"2023-02-25T12:26:19","slug":"klimaschutz-geht-nicht-ohne-sehr-gute-wissenschaft-und-technik","status":"publish","type":"page","link":"https:\/\/xlab-stiftung.de\/en\/science-festival-2023\/klimaschutz-geht-nicht-ohne-sehr-gute-wissenschaft-und-technik\/","title":{"rendered":"Klimaschutz geht nicht ohne sehr gute Wissenschaft und Technik"},"content":{"rendered":"<p>Prof. Dr. Ernst Ulrich von Weizs\u00e4cker<\/p>\n\n\n\n<div style=\"height:19px\" aria-hidden=\"true\" class=\"wp-block-spacer\"><\/div>\n\n\n\n<p>Erst die wissenschaftlichen Eisbohrungen haben die \u00d6ffentlichkeit \u00fcberzeugt, dass wir in eine Klimakrise rutschen. Die besten Antworten f\u00fcr die Klimastabilisierung sind die erneuerbaren Energien und die Energieeffizienz, &#8211; beides wissenschaftsbasiert. Eine klimafreundliche \u00d6konomie muss erst erfunden und durchgesetzt werden. Und wir brauchen eine neue Aufkl\u00e4rung \u2013 sehr interdisziplin\u00e4r!<\/p>\n\n\n\n<p><strong>Publikationen von und mit Ernst Ulrich von Weizs\u00e4cker (in Auswahl):<\/strong><\/p>\n\n\n\n<p>Erdpolitik: \u00d6kologische Realpolitik an der Schwelle zum Jahhundert der Umwelt (1989)<br>Faktor Vier: Doppelter Wohlstand \u2013 halbierter Naturverbrauch (mit Amory B. Lovins und L. Hunter Lovins, 1995)<\/p>\n\n\n\n<p>Faktor F\u00fcnf: Die Formel f\u00fcr nachhaltiges Wachstum (mit Karlson Hargroves und Michael H. Smith, 2010)<\/p>\n\n\n\n<p>Wir sind dran. Was wir \u00e4ndern m\u00fcssen, wenn wir bleiben wollen. Eine neue Aufkl\u00e4rung f\u00fcr eine neue Zeit (mit Anders<br>Wijkman, 2017)<\/p>\n\n\n\n<p>Der Planet ist gepl\u00fcndert. Was wir jetzt tun m\u00fcssen (mit Franz Alt, 2022)<\/p>\n\n\n\n<p>So reicht das nicht! Au\u00dfenpolitik, neue \u00d6konomie, neue Aufkl\u00e4rung: Was wir in der Klimakrise jetzt wirklich brauchen<br>(2022)<\/p>\n\n\n\n<div style=\"height:16px\" aria-hidden=\"true\" class=\"wp-block-spacer\"><\/div>\n\n\n\n<figure class=\"wp-block-image size-full\"><img decoding=\"async\" loading=\"lazy\" width=\"800\" height=\"600\" src=\"https:\/\/xlab-stiftung.de\/wp-content\/uploads\/2023\/01\/weiz2.png\" alt=\"Prof. Dr. Ernst Ulrich von Weizs\u00e4cker\" class=\"wp-image-745\" srcset=\"https:\/\/xlab-stiftung.de\/wp-content\/uploads\/2023\/01\/weiz2.png 800w, https:\/\/xlab-stiftung.de\/wp-content\/uploads\/2023\/01\/weiz2-300x225.png 300w, https:\/\/xlab-stiftung.de\/wp-content\/uploads\/2023\/01\/weiz2-768x576.png 768w\" sizes=\"(max-width: 800px) 100vw, 800px\" \/><figcaption class=\"wp-element-caption\">Prof. Dr. Ernst Ulrich von Weizs\u00e4cker<\/figcaption><\/figure>\n\n\n\n<p><a href=\"https:\/\/xlab-stiftung.de\/en\/science-festival-2023\/#donnerstag\">Zur\u00fcck zur \u00dcbersicht XLAB Science Festival Donnerstag den 16.03.2023<\/a><\/p>","protected":false},"excerpt":{"rendered":"<p>Prof. Dr. Ernst Ulrich von Weizs\u00e4cker Erst die wissenschaftlichen Eisbohrungen haben die \u00d6ffentlichkeit \u00fcberzeugt, dass wir in eine Klimakrise rutschen. Die besten Antworten&hellip;<\/p>","protected":false},"author":1,"featured_media":745,"parent":129,"menu_order":11,"comment_status":"closed","ping_status":"closed","template":"","meta":[],"yoast_head":"<!-- This site is optimized with the Yoast SEO plugin v21.2 - https:\/\/yoast.com\/wordpress\/plugins\/seo\/ -->\n<title>Klimaschutz geht nicht ohne sehr gute Wissenschaft und Technik - XLAB Stiftung<\/title>\n<meta name=\"robots\" content=\"index, follow, max-snippet:-1, max-image-preview:large, max-video-preview:-1\" \/>\n<link rel=\"canonical\" href=\"https:\/\/xlab-stiftung.de\/en\/science-festival-2023\/klimaschutz-geht-nicht-ohne-sehr-gute-wissenschaft-und-technik\/\" \/>\n<meta property=\"og:locale\" content=\"en_US\" \/>\n<meta property=\"og:type\" content=\"article\" \/>\n<meta property=\"og:title\" content=\"Klimaschutz geht nicht ohne sehr gute Wissenschaft und Technik - XLAB Stiftung\" \/>\n<meta property=\"og:description\" content=\"Prof. Dr. Ernst Ulrich von Weizs\u00e4cker Erst die wissenschaftlichen Eisbohrungen haben die \u00d6ffentlichkeit \u00fcberzeugt, dass wir in eine Klimakrise rutschen. Die besten Antworten&hellip;\" \/>\n<meta property=\"og:url\" content=\"https:\/\/xlab-stiftung.de\/en\/science-festival-2023\/klimaschutz-geht-nicht-ohne-sehr-gute-wissenschaft-und-technik\/\" \/>\n<meta property=\"og:site_name\" content=\"XLAB Stiftung\" \/>\n<meta property=\"article:modified_time\" content=\"2023-02-25T12:26:19+00:00\" \/>\n<meta property=\"og:image\" content=\"https:\/\/xlab-stiftung.de\/wp-content\/uploads\/2023\/01\/weiz2.png\" \/>\n\t<meta property=\"og:image:width\" content=\"800\" \/>\n\t<meta property=\"og:image:height\" content=\"600\" \/>\n\t<meta property=\"og:image:type\" content=\"image\/png\" \/>\n<meta name=\"twitter:card\" content=\"summary_large_image\" \/>\n<meta name=\"twitter:label1\" content=\"Est. reading time\" \/>\n\t<meta name=\"twitter:data1\" content=\"2 minutes\" \/>\n<script type=\"application\/ld+json\" class=\"yoast-schema-graph\">{\"@context\":\"https:\/\/schema.org\",\"@graph\":[{\"@type\":\"WebPage\",\"@id\":\"https:\/\/xlab-stiftung.de\/science-festival-2023\/klimaschutz-geht-nicht-ohne-sehr-gute-wissenschaft-und-technik\/\",\"url\":\"https:\/\/xlab-stiftung.de\/science-festival-2023\/klimaschutz-geht-nicht-ohne-sehr-gute-wissenschaft-und-technik\/\",\"name\":\"Klimaschutz geht nicht ohne sehr gute Wissenschaft und Technik - XLAB Stiftung\",\"isPartOf\":{\"@id\":\"https:\/\/xlab-stiftung.de\/#website\"},\"datePublished\":\"2023-01-19T09:20:45+00:00\",\"dateModified\":\"2023-02-25T12:26:19+00:00\",\"breadcrumb\":{\"@id\":\"https:\/\/xlab-stiftung.de\/science-festival-2023\/klimaschutz-geht-nicht-ohne-sehr-gute-wissenschaft-und-technik\/#breadcrumb\"},\"inLanguage\":\"en-US\",\"potentialAction\":[{\"@type\":\"ReadAction\",\"target\":[\"https:\/\/xlab-stiftung.de\/science-festival-2023\/klimaschutz-geht-nicht-ohne-sehr-gute-wissenschaft-und-technik\/\"]}]},{\"@type\":\"BreadcrumbList\",\"@id\":\"https:\/\/xlab-stiftung.de\/science-festival-2023\/klimaschutz-geht-nicht-ohne-sehr-gute-wissenschaft-und-technik\/#breadcrumb\",\"itemListElement\":[{\"@type\":\"ListItem\",\"position\":1,\"name\":\"Startseite\",\"item\":\"https:\/\/xlab-stiftung.de\/\"},{\"@type\":\"ListItem\",\"position\":2,\"name\":\"XLAB Science Festival 2023\",\"item\":\"https:\/\/xlab-stiftung.de\/science-festival-2023\/\"},{\"@type\":\"ListItem\",\"position\":3,\"name\":\"Klimaschutz geht nicht ohne sehr gute Wissenschaft und Technik\"}]},{\"@type\":\"WebSite\",\"@id\":\"https:\/\/xlab-stiftung.de\/#website\",\"url\":\"https:\/\/xlab-stiftung.de\/\",\"name\":\"XLAB Stiftung\",\"description\":\"\",\"publisher\":{\"@id\":\"https:\/\/xlab-stiftung.de\/#organization\"},\"potentialAction\":[{\"@type\":\"SearchAction\",\"target\":{\"@type\":\"EntryPoint\",\"urlTemplate\":\"https:\/\/xlab-stiftung.de\/?s={search_term_string}\"},\"query-input\":\"required name=search_term_string\"}],\"inLanguage\":\"en-US\"},{\"@type\":\"Organization\",\"@id\":\"https:\/\/xlab-stiftung.de\/#organization\",\"name\":\"XLAB Stiftung\",\"url\":\"https:\/\/xlab-stiftung.de\/\",\"logo\":{\"@type\":\"ImageObject\",\"inLanguage\":\"en-US\",\"@id\":\"https:\/\/xlab-stiftung.de\/#\/schema\/logo\/image\/\",\"url\":\"https:\/\/xlab-stiftung.de\/wp-content\/uploads\/2023\/01\/ezgif.com-gif-maker-5.gif\",\"contentUrl\":\"https:\/\/xlab-stiftung.de\/wp-content\/uploads\/2023\/01\/ezgif.com-gif-maker-5.gif\",\"width\":2048,\"height\":230,\"caption\":\"XLAB Stiftung\"},\"image\":{\"@id\":\"https:\/\/xlab-stiftung.de\/#\/schema\/logo\/image\/\"}}]}<\/script>\n<!-- \/ Yoast SEO plugin. -->","yoast_head_json":{"title":"Klimaschutz geht nicht ohne sehr gute Wissenschaft und Technik - XLAB Stiftung","robots":{"index":"index","follow":"follow","max-snippet":"max-snippet:-1","max-image-preview":"max-image-preview:large","max-video-preview":"max-video-preview:-1"},"canonical":"https:\/\/xlab-stiftung.de\/en\/science-festival-2023\/klimaschutz-geht-nicht-ohne-sehr-gute-wissenschaft-und-technik\/","og_locale":"en_US","og_type":"article","og_title":"Klimaschutz geht nicht ohne sehr gute Wissenschaft und Technik - XLAB Stiftung","og_description":"Prof. Dr. Ernst Ulrich von Weizs\u00e4cker Erst die wissenschaftlichen Eisbohrungen haben die \u00d6ffentlichkeit \u00fcberzeugt, dass wir in eine Klimakrise rutschen. Die besten Antworten&hellip;","og_url":"https:\/\/xlab-stiftung.de\/en\/science-festival-2023\/klimaschutz-geht-nicht-ohne-sehr-gute-wissenschaft-und-technik\/","og_site_name":"XLAB Stiftung","article_modified_time":"2023-02-25T12:26:19+00:00","og_image":[{"width":800,"height":600,"url":"https:\/\/xlab-stiftung.de\/wp-content\/uploads\/2023\/01\/weiz2.png","type":"image\/png"}],"twitter_card":"summary_large_image","twitter_misc":{"Est. reading time":"2 minutes"},"schema":{"@context":"https:\/\/schema.org","@graph":[{"@type":"WebPage","@id":"https:\/\/xlab-stiftung.de\/science-festival-2023\/klimaschutz-geht-nicht-ohne-sehr-gute-wissenschaft-und-technik\/","url":"https:\/\/xlab-stiftung.de\/science-festival-2023\/klimaschutz-geht-nicht-ohne-sehr-gute-wissenschaft-und-technik\/","name":"Klimaschutz geht nicht ohne sehr gute Wissenschaft und Technik - XLAB Stiftung","isPartOf":{"@id":"https:\/\/xlab-stiftung.de\/#website"},"datePublished":"2023-01-19T09:20:45+00:00","dateModified":"2023-02-25T12:26:19+00:00","breadcrumb":{"@id":"https:\/\/xlab-stiftung.de\/science-festival-2023\/klimaschutz-geht-nicht-ohne-sehr-gute-wissenschaft-und-technik\/#breadcrumb"},"inLanguage":"en-US","potentialAction":[{"@type":"ReadAction","target":["https:\/\/xlab-stiftung.de\/science-festival-2023\/klimaschutz-geht-nicht-ohne-sehr-gute-wissenschaft-und-technik\/"]}]},{"@type":"BreadcrumbList","@id":"https:\/\/xlab-stiftung.de\/science-festival-2023\/klimaschutz-geht-nicht-ohne-sehr-gute-wissenschaft-und-technik\/#breadcrumb","itemListElement":[{"@type":"ListItem","position":1,"name":"Startseite","item":"https:\/\/xlab-stiftung.de\/"},{"@type":"ListItem","position":2,"name":"XLAB Science Festival 2023","item":"https:\/\/xlab-stiftung.de\/science-festival-2023\/"},{"@type":"ListItem","position":3,"name":"Klimaschutz geht nicht ohne sehr gute Wissenschaft und Technik"}]},{"@type":"WebSite","@id":"https:\/\/xlab-stiftung.de\/#website","url":"https:\/\/xlab-stiftung.de\/","name":"XLAB Stiftung","description":"","publisher":{"@id":"https:\/\/xlab-stiftung.de\/#organization"},"potentialAction":[{"@type":"SearchAction","target":{"@type":"EntryPoint","urlTemplate":"https:\/\/xlab-stiftung.de\/?s={search_term_string}"},"query-input":"required name=search_term_string"}],"inLanguage":"en-US"},{"@type":"Organization","@id":"https:\/\/xlab-stiftung.de\/#organization","name":"XLAB Stiftung","url":"https:\/\/xlab-stiftung.de\/","logo":{"@type":"ImageObject","inLanguage":"en-US","@id":"https:\/\/xlab-stiftung.de\/#\/schema\/logo\/image\/","url":"https:\/\/xlab-stiftung.de\/wp-content\/uploads\/2023\/01\/ezgif.com-gif-maker-5.gif","contentUrl":"https:\/\/xlab-stiftung.de\/wp-content\/uploads\/2023\/01\/ezgif.com-gif-maker-5.gif","width":2048,"height":230,"caption":"XLAB Stiftung"},"image":{"@id":"https:\/\/xlab-stiftung.de\/#\/schema\/logo\/image\/"}}]}},"_links":{"self":[{"href":"https:\/\/xlab-stiftung.de\/en\/wp-json\/wp\/v2\/pages\/669"}],"collection":[{"href":"https:\/\/xlab-stiftung.de\/en\/wp-json\/wp\/v2\/pages"}],"about":[{"href":"https:\/\/xlab-stiftung.de\/en\/wp-json\/wp\/v2\/types\/page"}],"author":[{"embeddable":true,"href":"https:\/\/xlab-stiftung.de\/en\/wp-json\/wp\/v2\/users\/1"}],"replies":[{"embeddable":true,"href":"https:\/\/xlab-stiftung.de\/en\/wp-json\/wp\/v2\/comments?post=669"}],"version-history":[{"count":6,"href":"https:\/\/xlab-stiftung.de\/en\/wp-json\/wp\/v2\/pages\/669\/revisions"}],"predecessor-version":[{"id":3323,"href":"https:\/\/xlab-stiftung.de\/en\/wp-json\/wp\/v2\/pages\/669\/revisions\/3323"}],"up":[{"embeddable":true,"href":"https:\/\/xlab-stiftung.de\/en\/wp-json\/wp\/v2\/pages\/129"}],"wp:featuredmedia":[{"embeddable":true,"href":"https:\/\/xlab-stiftung.de\/en\/wp-json\/wp\/v2\/media\/745"}],"wp:attachment":[{"href":"https:\/\/xlab-stiftung.de\/en\/wp-json\/wp\/v2\/media?parent=669"}],"curies":[{"name":"wp","href":"https:\/\/api.w.org\/{rel}","templated":true}]}}