{"id":723,"date":"2023-01-19T10:50:10","date_gmt":"2023-01-19T10:50:10","guid":{"rendered":"https:\/\/xlab-stiftung.de\/?page_id=723"},"modified":"2023-02-23T21:32:31","modified_gmt":"2023-02-23T21:32:31","slug":"der-russische-eroberungsfeldzug-gegen-die-ukraine-rechtliche-aspekte-und-konsequenzen","status":"publish","type":"page","link":"https:\/\/xlab-stiftung.de\/en\/science-festival-2023\/der-russische-eroberungsfeldzug-gegen-die-ukraine-rechtliche-aspekte-und-konsequenzen\/","title":{"rendered":"Der russische Eroberungsfeldzug gegen die Ukraine. Rechtliche Aspekte und Konsequenzen"},"content":{"rendered":"<p><em>Prof. Dr. Christian Tomuschat, Humboldt Universit\u00e4t<\/em><\/p>\n\n\n\n<p>Der vom russischen Diktator ausgel\u00f6ste Ukraine-Krieg hat mit seinem Bruch des Gewalt- und Kriegsverbots als einem grundlegenden Pfeiler des gegenw\u00e4rtigen V\u00f6lkerrechts vor allem in Europa einen Schock verursacht. Nicht nur ist die UN-Charta zusammen mit einem spezifischen Gewaltverzichtsversprechen von Seiten Russlands verletzt worden, auch die gesamte europ\u00e4ische Friedensordnung, wie sie seit dem Jahr 1990 in gegenseitiger Verst\u00e4ndigung errichtet worden war, ist in ihren Grundfesten ersch\u00fcttert. In der Missbilligung des russischen Eroberungsfeldzuges ist sich fast die gesamte Staatenwelt einig. Heute geht es um die Konsequenzen dieses Handelns. Wie weit k\u00f6nnen Drittstaaten wie Deutschland die Ukraine milit\u00e4risch unterst\u00fctzen, ohne selbst zur Kriegspartei zu werden? Lassen sich die verantwortlichen Staats- und Milit\u00e4rf\u00fchrer in Russland bestrafen, und welche Gerichte kommen daf\u00fcr in Betracht? Kann es unter dem milit\u00e4rischen Druck Russlands einen Friedensvertrag geben, der auch den Verzicht auf ukrainisches Territorium umfasst? L\u00e4sst sich die allgemeine Regel des V\u00f6lkerrechts, dass jede v\u00f6lkerrechtswidrige Handlung zur Wiedergutmachung verpflichtet, auch auf ein komplexes Kriegsgeschehen anwenden? Muss die Blockadehaltung Russlands als st\u00e4ndiges Mitglied des UN-Sicherheitsrats Anlass sein, das Vetorecht eines solchen Mitglieds, das seine Vorrangstellung zur F\u00f6rderung des eigenen verbrecherischen Handelns missbraucht, einzuschr\u00e4nken oder zu beseitigen? Die Gefahr besteht, dass das System der internationalen Beziehungen von einer regelbasierten Ordnung zu einer Konstellation wird, in der nur die Macht des St\u00e4rkeren z\u00e4hlt.<\/p>\n\n\n\n<figure class=\"wp-block-image size-large\"><img decoding=\"async\" loading=\"lazy\" width=\"1024\" height=\"684\" src=\"https:\/\/xlab-stiftung.de\/wp-content\/uploads\/2023\/01\/Tomuschat-1024x684.jpg\" alt=\"\" class=\"wp-image-711\" srcset=\"https:\/\/xlab-stiftung.de\/wp-content\/uploads\/2023\/01\/Tomuschat-1024x684.jpg 1024w, https:\/\/xlab-stiftung.de\/wp-content\/uploads\/2023\/01\/Tomuschat-300x200.jpg 300w, https:\/\/xlab-stiftung.de\/wp-content\/uploads\/2023\/01\/Tomuschat-768x513.jpg 768w, https:\/\/xlab-stiftung.de\/wp-content\/uploads\/2023\/01\/Tomuschat-1536x1025.jpg 1536w, https:\/\/xlab-stiftung.de\/wp-content\/uploads\/2023\/01\/Tomuschat-850x567.jpg 850w, https:\/\/xlab-stiftung.de\/wp-content\/uploads\/2023\/01\/Tomuschat.jpg 2048w\" sizes=\"(max-width: 1024px) 100vw, 1024px\" \/><\/figure>\n\n\n\n<div style=\"height:22px\" aria-hidden=\"true\" class=\"wp-block-spacer\"><\/div>\n\n\n\n<p><a href=\"https:\/\/xlab-stiftung.de\/en\/science-festival-2023\/#freitag\">Zur\u00fcck zur \u00dcbersicht XLAB Science Festival Freitag den 17.03.2023<\/a><\/p>","protected":false},"excerpt":{"rendered":"<p>Prof. Dr. Christian Tomuschat, Humboldt Universit\u00e4t Der vom russischen Diktator ausgel\u00f6ste Ukraine-Krieg hat mit seinem Bruch des Gewalt- und Kriegsverbots als einem grundlegenden&hellip;<\/p>","protected":false},"author":1,"featured_media":0,"parent":129,"menu_order":9,"comment_status":"closed","ping_status":"closed","template":"","meta":[],"yoast_head":"<!-- This site is optimized with the Yoast SEO plugin v21.2 - https:\/\/yoast.com\/wordpress\/plugins\/seo\/ -->\n<title>Der russische Eroberungsfeldzug gegen die Ukraine. Rechtliche Aspekte und Konsequenzen - XLAB Stiftung<\/title>\n<meta name=\"robots\" content=\"index, follow, max-snippet:-1, max-image-preview:large, max-video-preview:-1\" \/>\n<link rel=\"canonical\" href=\"https:\/\/xlab-stiftung.de\/en\/science-festival-2023\/der-russische-eroberungsfeldzug-gegen-die-ukraine-rechtliche-aspekte-und-konsequenzen\/\" \/>\n<meta property=\"og:locale\" content=\"en_US\" \/>\n<meta property=\"og:type\" content=\"article\" \/>\n<meta property=\"og:title\" content=\"Der russische Eroberungsfeldzug gegen die Ukraine. Rechtliche Aspekte und Konsequenzen - XLAB Stiftung\" \/>\n<meta property=\"og:description\" content=\"Prof. Dr. Christian Tomuschat, Humboldt Universit\u00e4t Der vom russischen Diktator ausgel\u00f6ste Ukraine-Krieg hat mit seinem Bruch des Gewalt- und Kriegsverbots als einem grundlegenden&hellip;\" \/>\n<meta property=\"og:url\" content=\"https:\/\/xlab-stiftung.de\/en\/science-festival-2023\/der-russische-eroberungsfeldzug-gegen-die-ukraine-rechtliche-aspekte-und-konsequenzen\/\" \/>\n<meta property=\"og:site_name\" content=\"XLAB Stiftung\" \/>\n<meta property=\"article:modified_time\" content=\"2023-02-23T21:32:31+00:00\" \/>\n<meta property=\"og:image\" content=\"https:\/\/xlab-stiftung.de\/wp-content\/uploads\/2023\/01\/Tomuschat-1024x684.jpg\" \/>\n<meta name=\"twitter:card\" content=\"summary_large_image\" \/>\n<meta name=\"twitter:label1\" content=\"Est. reading time\" \/>\n\t<meta name=\"twitter:data1\" content=\"2 minutes\" \/>\n<script type=\"application\/ld+json\" class=\"yoast-schema-graph\">{\"@context\":\"https:\/\/schema.org\",\"@graph\":[{\"@type\":\"WebPage\",\"@id\":\"https:\/\/xlab-stiftung.de\/science-festival-2023\/der-russische-eroberungsfeldzug-gegen-die-ukraine-rechtliche-aspekte-und-konsequenzen\/\",\"url\":\"https:\/\/xlab-stiftung.de\/science-festival-2023\/der-russische-eroberungsfeldzug-gegen-die-ukraine-rechtliche-aspekte-und-konsequenzen\/\",\"name\":\"Der russische Eroberungsfeldzug gegen die Ukraine. Rechtliche Aspekte und Konsequenzen - XLAB Stiftung\",\"isPartOf\":{\"@id\":\"https:\/\/xlab-stiftung.de\/#website\"},\"datePublished\":\"2023-01-19T10:50:10+00:00\",\"dateModified\":\"2023-02-23T21:32:31+00:00\",\"breadcrumb\":{\"@id\":\"https:\/\/xlab-stiftung.de\/science-festival-2023\/der-russische-eroberungsfeldzug-gegen-die-ukraine-rechtliche-aspekte-und-konsequenzen\/#breadcrumb\"},\"inLanguage\":\"en-US\",\"potentialAction\":[{\"@type\":\"ReadAction\",\"target\":[\"https:\/\/xlab-stiftung.de\/science-festival-2023\/der-russische-eroberungsfeldzug-gegen-die-ukraine-rechtliche-aspekte-und-konsequenzen\/\"]}]},{\"@type\":\"BreadcrumbList\",\"@id\":\"https:\/\/xlab-stiftung.de\/science-festival-2023\/der-russische-eroberungsfeldzug-gegen-die-ukraine-rechtliche-aspekte-und-konsequenzen\/#breadcrumb\",\"itemListElement\":[{\"@type\":\"ListItem\",\"position\":1,\"name\":\"Startseite\",\"item\":\"https:\/\/xlab-stiftung.de\/\"},{\"@type\":\"ListItem\",\"position\":2,\"name\":\"XLAB Science Festival 2023\",\"item\":\"https:\/\/xlab-stiftung.de\/science-festival-2023\/\"},{\"@type\":\"ListItem\",\"position\":3,\"name\":\"Der russische Eroberungsfeldzug gegen die Ukraine. Rechtliche Aspekte und Konsequenzen\"}]},{\"@type\":\"WebSite\",\"@id\":\"https:\/\/xlab-stiftung.de\/#website\",\"url\":\"https:\/\/xlab-stiftung.de\/\",\"name\":\"XLAB Stiftung\",\"description\":\"\",\"publisher\":{\"@id\":\"https:\/\/xlab-stiftung.de\/#organization\"},\"potentialAction\":[{\"@type\":\"SearchAction\",\"target\":{\"@type\":\"EntryPoint\",\"urlTemplate\":\"https:\/\/xlab-stiftung.de\/?s={search_term_string}\"},\"query-input\":\"required name=search_term_string\"}],\"inLanguage\":\"en-US\"},{\"@type\":\"Organization\",\"@id\":\"https:\/\/xlab-stiftung.de\/#organization\",\"name\":\"XLAB Stiftung\",\"url\":\"https:\/\/xlab-stiftung.de\/\",\"logo\":{\"@type\":\"ImageObject\",\"inLanguage\":\"en-US\",\"@id\":\"https:\/\/xlab-stiftung.de\/#\/schema\/logo\/image\/\",\"url\":\"https:\/\/xlab-stiftung.de\/wp-content\/uploads\/2023\/01\/ezgif.com-gif-maker-5.gif\",\"contentUrl\":\"https:\/\/xlab-stiftung.de\/wp-content\/uploads\/2023\/01\/ezgif.com-gif-maker-5.gif\",\"width\":2048,\"height\":230,\"caption\":\"XLAB Stiftung\"},\"image\":{\"@id\":\"https:\/\/xlab-stiftung.de\/#\/schema\/logo\/image\/\"}}]}<\/script>\n<!-- \/ Yoast SEO plugin. -->","yoast_head_json":{"title":"Der russische Eroberungsfeldzug gegen die Ukraine. Rechtliche Aspekte und Konsequenzen - XLAB Stiftung","robots":{"index":"index","follow":"follow","max-snippet":"max-snippet:-1","max-image-preview":"max-image-preview:large","max-video-preview":"max-video-preview:-1"},"canonical":"https:\/\/xlab-stiftung.de\/en\/science-festival-2023\/der-russische-eroberungsfeldzug-gegen-die-ukraine-rechtliche-aspekte-und-konsequenzen\/","og_locale":"en_US","og_type":"article","og_title":"Der russische Eroberungsfeldzug gegen die Ukraine. Rechtliche Aspekte und Konsequenzen - XLAB Stiftung","og_description":"Prof. Dr. Christian Tomuschat, Humboldt Universit\u00e4t Der vom russischen Diktator ausgel\u00f6ste Ukraine-Krieg hat mit seinem Bruch des Gewalt- und Kriegsverbots als einem grundlegenden&hellip;","og_url":"https:\/\/xlab-stiftung.de\/en\/science-festival-2023\/der-russische-eroberungsfeldzug-gegen-die-ukraine-rechtliche-aspekte-und-konsequenzen\/","og_site_name":"XLAB Stiftung","article_modified_time":"2023-02-23T21:32:31+00:00","og_image":[{"url":"https:\/\/xlab-stiftung.de\/wp-content\/uploads\/2023\/01\/Tomuschat-1024x684.jpg"}],"twitter_card":"summary_large_image","twitter_misc":{"Est. reading time":"2 minutes"},"schema":{"@context":"https:\/\/schema.org","@graph":[{"@type":"WebPage","@id":"https:\/\/xlab-stiftung.de\/science-festival-2023\/der-russische-eroberungsfeldzug-gegen-die-ukraine-rechtliche-aspekte-und-konsequenzen\/","url":"https:\/\/xlab-stiftung.de\/science-festival-2023\/der-russische-eroberungsfeldzug-gegen-die-ukraine-rechtliche-aspekte-und-konsequenzen\/","name":"Der russische Eroberungsfeldzug gegen die Ukraine. Rechtliche Aspekte und Konsequenzen - XLAB Stiftung","isPartOf":{"@id":"https:\/\/xlab-stiftung.de\/#website"},"datePublished":"2023-01-19T10:50:10+00:00","dateModified":"2023-02-23T21:32:31+00:00","breadcrumb":{"@id":"https:\/\/xlab-stiftung.de\/science-festival-2023\/der-russische-eroberungsfeldzug-gegen-die-ukraine-rechtliche-aspekte-und-konsequenzen\/#breadcrumb"},"inLanguage":"en-US","potentialAction":[{"@type":"ReadAction","target":["https:\/\/xlab-stiftung.de\/science-festival-2023\/der-russische-eroberungsfeldzug-gegen-die-ukraine-rechtliche-aspekte-und-konsequenzen\/"]}]},{"@type":"BreadcrumbList","@id":"https:\/\/xlab-stiftung.de\/science-festival-2023\/der-russische-eroberungsfeldzug-gegen-die-ukraine-rechtliche-aspekte-und-konsequenzen\/#breadcrumb","itemListElement":[{"@type":"ListItem","position":1,"name":"Startseite","item":"https:\/\/xlab-stiftung.de\/"},{"@type":"ListItem","position":2,"name":"XLAB Science Festival 2023","item":"https:\/\/xlab-stiftung.de\/science-festival-2023\/"},{"@type":"ListItem","position":3,"name":"Der russische Eroberungsfeldzug gegen die Ukraine. Rechtliche Aspekte und Konsequenzen"}]},{"@type":"WebSite","@id":"https:\/\/xlab-stiftung.de\/#website","url":"https:\/\/xlab-stiftung.de\/","name":"XLAB Stiftung","description":"","publisher":{"@id":"https:\/\/xlab-stiftung.de\/#organization"},"potentialAction":[{"@type":"SearchAction","target":{"@type":"EntryPoint","urlTemplate":"https:\/\/xlab-stiftung.de\/?s={search_term_string}"},"query-input":"required name=search_term_string"}],"inLanguage":"en-US"},{"@type":"Organization","@id":"https:\/\/xlab-stiftung.de\/#organization","name":"XLAB Stiftung","url":"https:\/\/xlab-stiftung.de\/","logo":{"@type":"ImageObject","inLanguage":"en-US","@id":"https:\/\/xlab-stiftung.de\/#\/schema\/logo\/image\/","url":"https:\/\/xlab-stiftung.de\/wp-content\/uploads\/2023\/01\/ezgif.com-gif-maker-5.gif","contentUrl":"https:\/\/xlab-stiftung.de\/wp-content\/uploads\/2023\/01\/ezgif.com-gif-maker-5.gif","width":2048,"height":230,"caption":"XLAB Stiftung"},"image":{"@id":"https:\/\/xlab-stiftung.de\/#\/schema\/logo\/image\/"}}]}},"_links":{"self":[{"href":"https:\/\/xlab-stiftung.de\/en\/wp-json\/wp\/v2\/pages\/723"}],"collection":[{"href":"https:\/\/xlab-stiftung.de\/en\/wp-json\/wp\/v2\/pages"}],"about":[{"href":"https:\/\/xlab-stiftung.de\/en\/wp-json\/wp\/v2\/types\/page"}],"author":[{"embeddable":true,"href":"https:\/\/xlab-stiftung.de\/en\/wp-json\/wp\/v2\/users\/1"}],"replies":[{"embeddable":true,"href":"https:\/\/xlab-stiftung.de\/en\/wp-json\/wp\/v2\/comments?post=723"}],"version-history":[{"count":3,"href":"https:\/\/xlab-stiftung.de\/en\/wp-json\/wp\/v2\/pages\/723\/revisions"}],"predecessor-version":[{"id":3287,"href":"https:\/\/xlab-stiftung.de\/en\/wp-json\/wp\/v2\/pages\/723\/revisions\/3287"}],"up":[{"embeddable":true,"href":"https:\/\/xlab-stiftung.de\/en\/wp-json\/wp\/v2\/pages\/129"}],"wp:attachment":[{"href":"https:\/\/xlab-stiftung.de\/en\/wp-json\/wp\/v2\/media?parent=723"}],"curies":[{"name":"wp","href":"https:\/\/api.w.org\/{rel}","templated":true}]}}