{"id":767,"date":"2023-01-23T07:21:10","date_gmt":"2023-01-23T07:21:10","guid":{"rendered":"https:\/\/xlab-stiftung.de\/?page_id=767"},"modified":"2023-02-23T21:31:55","modified_gmt":"2023-02-23T21:31:55","slug":"eine-welt-im-wandel-wie-ist-es-um-die-biologische-vielfalt-unseres-planeten-bestellt","status":"publish","type":"page","link":"https:\/\/xlab-stiftung.de\/en\/science-festival-2023\/eine-welt-im-wandel-wie-ist-es-um-die-biologische-vielfalt-unseres-planeten-bestellt\/","title":{"rendered":"Eine Welt im Wandel &#8211; Wie ist es um die biologische Vielfalt unseres Planeten bestellt?"},"content":{"rendered":"<p><em>Prof. Dr. Holger Kreft, Forstwissenschaftliche Fakult\u00e4t, Universit\u00e4t G\u00f6ttingen<\/em><\/p>\n\n\n\n<p>Weltweit schwinden nat\u00fcrliche Lebensr\u00e4ume, viele Arten sind akut vom Aussterben bedroht. Auf Grundlage von tausenden Studien zeichnet der Weltbiodiversit\u00e4tsrat in seinem aktuellen Bericht ein d\u00fcsteres Bild \u00fcber den Zustand und die Zukunft der biologischen Vielfalt unseres Planeten. Viele sprechen von einer Biodiversit\u00e4tskrise und dem sechsten Massenaussterben der Erdgeschichte. Doch was geht uns das an?<br>Der Vortrag geht der Frage nach, was wir eigentlich \u00fcber die Tier- und Pflanzenarten auf unserem Planeten wissen. In vielen Artengruppen stehen wir noch ganz am Anfang der Entdeckungen und neuer Sch\u00e4tzungen gehen davon aus, dass von den 5-10 Millionen Arten erste der kleinere Teil der Wissenschaft bekannt ist. Damit ist f\u00fcr die meisten Arten nicht klar, was Ihre Rolle in den komplexen \u00f6kologischen Netzwerken oder der Nutzen f\u00fcr Menschen ist. Die neuere Biodiversit\u00e4tsforschung zeigt klar, dass das Wohlergehen der Menschheit von der Artenvielfalt abh\u00e4ngt. Biodiversit\u00e4t ist die Grundlage von leistungsf\u00e4higen \u00d6kosystemen, die sich an \u00e4ndernde Umweltbedingungen anpassen k\u00f6nnen. Die Gef\u00e4hrdungsursachen sind h\u00e4ufig komplex und variieren je nach \u00d6kosystem, Erdteil und Organismengruppen. Dennoch gibt es zahlreiche Handlungsm\u00f6glichkeiten um Schutz, Nutzung und Entwicklung in Einklang zu bringen, die am Ende des Vortrags beleuchtet werden sollen.<\/p>\n\n\n\n<figure class=\"wp-block-image size-large\"><img decoding=\"async\" loading=\"lazy\" width=\"685\" height=\"1024\" src=\"https:\/\/xlab-stiftung.de\/wp-content\/uploads\/2023\/01\/kraft2-685x1024.jpg\" alt=\"\" class=\"wp-image-775\" srcset=\"https:\/\/xlab-stiftung.de\/wp-content\/uploads\/2023\/01\/kraft2-685x1024.jpg 685w, https:\/\/xlab-stiftung.de\/wp-content\/uploads\/2023\/01\/kraft2-201x300.jpg 201w, https:\/\/xlab-stiftung.de\/wp-content\/uploads\/2023\/01\/kraft2-768x1147.jpg 768w, https:\/\/xlab-stiftung.de\/wp-content\/uploads\/2023\/01\/kraft2-850x1270.jpg 850w, https:\/\/xlab-stiftung.de\/wp-content\/uploads\/2023\/01\/kraft2.jpg 1004w\" sizes=\"(max-width: 685px) 100vw, 685px\" \/><\/figure>\n\n\n\n<p><em>Prof. Dr. Holger Kreft, Forstwissenschaftliche Fakult\u00e4t, Universit\u00e4t G\u00f6ttingen<\/em><\/p>\n\n\n\n<p><a href=\"https:\/\/xlab-stiftung.de\/en\/science-festival-2023\/#freitag\">Zur\u00fcck zur \u00dcbersicht XLAB Science Festival Freitag den 17.03.2023<\/a><\/p>","protected":false},"excerpt":{"rendered":"<p>Prof. Dr. Holger Kreft, Forstwissenschaftliche Fakult\u00e4t, Universit\u00e4t G\u00f6ttingen Weltweit schwinden nat\u00fcrliche Lebensr\u00e4ume, viele Arten sind akut vom Aussterben bedroht. Auf Grundlage von tausenden&hellip;<\/p>","protected":false},"author":1,"featured_media":0,"parent":129,"menu_order":10,"comment_status":"closed","ping_status":"closed","template":"","meta":[],"yoast_head":"<!-- This site is optimized with the Yoast SEO plugin v21.2 - https:\/\/yoast.com\/wordpress\/plugins\/seo\/ -->\n<title>Eine Welt im Wandel - Wie ist es um die biologische Vielfalt unseres Planeten bestellt? - XLAB Stiftung<\/title>\n<meta name=\"robots\" content=\"index, follow, max-snippet:-1, max-image-preview:large, max-video-preview:-1\" \/>\n<link rel=\"canonical\" href=\"https:\/\/xlab-stiftung.de\/en\/science-festival-2023\/eine-welt-im-wandel-wie-ist-es-um-die-biologische-vielfalt-unseres-planeten-bestellt\/\" \/>\n<meta property=\"og:locale\" content=\"en_US\" \/>\n<meta property=\"og:type\" content=\"article\" \/>\n<meta property=\"og:title\" content=\"Eine Welt im Wandel - Wie ist es um die biologische Vielfalt unseres Planeten bestellt? - XLAB Stiftung\" \/>\n<meta property=\"og:description\" content=\"Prof. Dr. Holger Kreft, Forstwissenschaftliche Fakult\u00e4t, Universit\u00e4t G\u00f6ttingen Weltweit schwinden nat\u00fcrliche Lebensr\u00e4ume, viele Arten sind akut vom Aussterben bedroht. Auf Grundlage von tausenden&hellip;\" \/>\n<meta property=\"og:url\" content=\"https:\/\/xlab-stiftung.de\/en\/science-festival-2023\/eine-welt-im-wandel-wie-ist-es-um-die-biologische-vielfalt-unseres-planeten-bestellt\/\" \/>\n<meta property=\"og:site_name\" content=\"XLAB Stiftung\" \/>\n<meta property=\"article:modified_time\" content=\"2023-02-23T21:31:55+00:00\" \/>\n<meta property=\"og:image\" content=\"https:\/\/xlab-stiftung.de\/wp-content\/uploads\/2023\/01\/kraft2-685x1024.jpg\" \/>\n<meta name=\"twitter:card\" content=\"summary_large_image\" \/>\n<meta name=\"twitter:label1\" content=\"Est. reading time\" \/>\n\t<meta name=\"twitter:data1\" content=\"2 minutes\" \/>\n<script type=\"application\/ld+json\" class=\"yoast-schema-graph\">{\"@context\":\"https:\/\/schema.org\",\"@graph\":[{\"@type\":\"WebPage\",\"@id\":\"https:\/\/xlab-stiftung.de\/science-festival-2023\/eine-welt-im-wandel-wie-ist-es-um-die-biologische-vielfalt-unseres-planeten-bestellt\/\",\"url\":\"https:\/\/xlab-stiftung.de\/science-festival-2023\/eine-welt-im-wandel-wie-ist-es-um-die-biologische-vielfalt-unseres-planeten-bestellt\/\",\"name\":\"Eine Welt im Wandel - Wie ist es um die biologische Vielfalt unseres Planeten bestellt? - XLAB Stiftung\",\"isPartOf\":{\"@id\":\"https:\/\/xlab-stiftung.de\/#website\"},\"datePublished\":\"2023-01-23T07:21:10+00:00\",\"dateModified\":\"2023-02-23T21:31:55+00:00\",\"breadcrumb\":{\"@id\":\"https:\/\/xlab-stiftung.de\/science-festival-2023\/eine-welt-im-wandel-wie-ist-es-um-die-biologische-vielfalt-unseres-planeten-bestellt\/#breadcrumb\"},\"inLanguage\":\"en-US\",\"potentialAction\":[{\"@type\":\"ReadAction\",\"target\":[\"https:\/\/xlab-stiftung.de\/science-festival-2023\/eine-welt-im-wandel-wie-ist-es-um-die-biologische-vielfalt-unseres-planeten-bestellt\/\"]}]},{\"@type\":\"BreadcrumbList\",\"@id\":\"https:\/\/xlab-stiftung.de\/science-festival-2023\/eine-welt-im-wandel-wie-ist-es-um-die-biologische-vielfalt-unseres-planeten-bestellt\/#breadcrumb\",\"itemListElement\":[{\"@type\":\"ListItem\",\"position\":1,\"name\":\"Startseite\",\"item\":\"https:\/\/xlab-stiftung.de\/\"},{\"@type\":\"ListItem\",\"position\":2,\"name\":\"XLAB Science Festival 2023\",\"item\":\"https:\/\/xlab-stiftung.de\/science-festival-2023\/\"},{\"@type\":\"ListItem\",\"position\":3,\"name\":\"Eine Welt im Wandel &#8211; Wie ist es um die biologische Vielfalt unseres Planeten bestellt?\"}]},{\"@type\":\"WebSite\",\"@id\":\"https:\/\/xlab-stiftung.de\/#website\",\"url\":\"https:\/\/xlab-stiftung.de\/\",\"name\":\"XLAB Stiftung\",\"description\":\"\",\"publisher\":{\"@id\":\"https:\/\/xlab-stiftung.de\/#organization\"},\"potentialAction\":[{\"@type\":\"SearchAction\",\"target\":{\"@type\":\"EntryPoint\",\"urlTemplate\":\"https:\/\/xlab-stiftung.de\/?s={search_term_string}\"},\"query-input\":\"required name=search_term_string\"}],\"inLanguage\":\"en-US\"},{\"@type\":\"Organization\",\"@id\":\"https:\/\/xlab-stiftung.de\/#organization\",\"name\":\"XLAB Stiftung\",\"url\":\"https:\/\/xlab-stiftung.de\/\",\"logo\":{\"@type\":\"ImageObject\",\"inLanguage\":\"en-US\",\"@id\":\"https:\/\/xlab-stiftung.de\/#\/schema\/logo\/image\/\",\"url\":\"https:\/\/xlab-stiftung.de\/wp-content\/uploads\/2023\/01\/ezgif.com-gif-maker-5.gif\",\"contentUrl\":\"https:\/\/xlab-stiftung.de\/wp-content\/uploads\/2023\/01\/ezgif.com-gif-maker-5.gif\",\"width\":2048,\"height\":230,\"caption\":\"XLAB Stiftung\"},\"image\":{\"@id\":\"https:\/\/xlab-stiftung.de\/#\/schema\/logo\/image\/\"}}]}<\/script>\n<!-- \/ Yoast SEO plugin. -->","yoast_head_json":{"title":"Eine Welt im Wandel - Wie ist es um die biologische Vielfalt unseres Planeten bestellt? - XLAB Stiftung","robots":{"index":"index","follow":"follow","max-snippet":"max-snippet:-1","max-image-preview":"max-image-preview:large","max-video-preview":"max-video-preview:-1"},"canonical":"https:\/\/xlab-stiftung.de\/en\/science-festival-2023\/eine-welt-im-wandel-wie-ist-es-um-die-biologische-vielfalt-unseres-planeten-bestellt\/","og_locale":"en_US","og_type":"article","og_title":"Eine Welt im Wandel - Wie ist es um die biologische Vielfalt unseres Planeten bestellt? - XLAB Stiftung","og_description":"Prof. Dr. Holger Kreft, Forstwissenschaftliche Fakult\u00e4t, Universit\u00e4t G\u00f6ttingen Weltweit schwinden nat\u00fcrliche Lebensr\u00e4ume, viele Arten sind akut vom Aussterben bedroht. Auf Grundlage von tausenden&hellip;","og_url":"https:\/\/xlab-stiftung.de\/en\/science-festival-2023\/eine-welt-im-wandel-wie-ist-es-um-die-biologische-vielfalt-unseres-planeten-bestellt\/","og_site_name":"XLAB Stiftung","article_modified_time":"2023-02-23T21:31:55+00:00","og_image":[{"url":"https:\/\/xlab-stiftung.de\/wp-content\/uploads\/2023\/01\/kraft2-685x1024.jpg"}],"twitter_card":"summary_large_image","twitter_misc":{"Est. reading time":"2 minutes"},"schema":{"@context":"https:\/\/schema.org","@graph":[{"@type":"WebPage","@id":"https:\/\/xlab-stiftung.de\/science-festival-2023\/eine-welt-im-wandel-wie-ist-es-um-die-biologische-vielfalt-unseres-planeten-bestellt\/","url":"https:\/\/xlab-stiftung.de\/science-festival-2023\/eine-welt-im-wandel-wie-ist-es-um-die-biologische-vielfalt-unseres-planeten-bestellt\/","name":"Eine Welt im Wandel - Wie ist es um die biologische Vielfalt unseres Planeten bestellt? - XLAB Stiftung","isPartOf":{"@id":"https:\/\/xlab-stiftung.de\/#website"},"datePublished":"2023-01-23T07:21:10+00:00","dateModified":"2023-02-23T21:31:55+00:00","breadcrumb":{"@id":"https:\/\/xlab-stiftung.de\/science-festival-2023\/eine-welt-im-wandel-wie-ist-es-um-die-biologische-vielfalt-unseres-planeten-bestellt\/#breadcrumb"},"inLanguage":"en-US","potentialAction":[{"@type":"ReadAction","target":["https:\/\/xlab-stiftung.de\/science-festival-2023\/eine-welt-im-wandel-wie-ist-es-um-die-biologische-vielfalt-unseres-planeten-bestellt\/"]}]},{"@type":"BreadcrumbList","@id":"https:\/\/xlab-stiftung.de\/science-festival-2023\/eine-welt-im-wandel-wie-ist-es-um-die-biologische-vielfalt-unseres-planeten-bestellt\/#breadcrumb","itemListElement":[{"@type":"ListItem","position":1,"name":"Startseite","item":"https:\/\/xlab-stiftung.de\/"},{"@type":"ListItem","position":2,"name":"XLAB Science Festival 2023","item":"https:\/\/xlab-stiftung.de\/science-festival-2023\/"},{"@type":"ListItem","position":3,"name":"Eine Welt im Wandel &#8211; Wie ist es um die biologische Vielfalt unseres Planeten bestellt?"}]},{"@type":"WebSite","@id":"https:\/\/xlab-stiftung.de\/#website","url":"https:\/\/xlab-stiftung.de\/","name":"XLAB Stiftung","description":"","publisher":{"@id":"https:\/\/xlab-stiftung.de\/#organization"},"potentialAction":[{"@type":"SearchAction","target":{"@type":"EntryPoint","urlTemplate":"https:\/\/xlab-stiftung.de\/?s={search_term_string}"},"query-input":"required name=search_term_string"}],"inLanguage":"en-US"},{"@type":"Organization","@id":"https:\/\/xlab-stiftung.de\/#organization","name":"XLAB Stiftung","url":"https:\/\/xlab-stiftung.de\/","logo":{"@type":"ImageObject","inLanguage":"en-US","@id":"https:\/\/xlab-stiftung.de\/#\/schema\/logo\/image\/","url":"https:\/\/xlab-stiftung.de\/wp-content\/uploads\/2023\/01\/ezgif.com-gif-maker-5.gif","contentUrl":"https:\/\/xlab-stiftung.de\/wp-content\/uploads\/2023\/01\/ezgif.com-gif-maker-5.gif","width":2048,"height":230,"caption":"XLAB Stiftung"},"image":{"@id":"https:\/\/xlab-stiftung.de\/#\/schema\/logo\/image\/"}}]}},"_links":{"self":[{"href":"https:\/\/xlab-stiftung.de\/en\/wp-json\/wp\/v2\/pages\/767"}],"collection":[{"href":"https:\/\/xlab-stiftung.de\/en\/wp-json\/wp\/v2\/pages"}],"about":[{"href":"https:\/\/xlab-stiftung.de\/en\/wp-json\/wp\/v2\/types\/page"}],"author":[{"embeddable":true,"href":"https:\/\/xlab-stiftung.de\/en\/wp-json\/wp\/v2\/users\/1"}],"replies":[{"embeddable":true,"href":"https:\/\/xlab-stiftung.de\/en\/wp-json\/wp\/v2\/comments?post=767"}],"version-history":[{"count":6,"href":"https:\/\/xlab-stiftung.de\/en\/wp-json\/wp\/v2\/pages\/767\/revisions"}],"predecessor-version":[{"id":3285,"href":"https:\/\/xlab-stiftung.de\/en\/wp-json\/wp\/v2\/pages\/767\/revisions\/3285"}],"up":[{"embeddable":true,"href":"https:\/\/xlab-stiftung.de\/en\/wp-json\/wp\/v2\/pages\/129"}],"wp:attachment":[{"href":"https:\/\/xlab-stiftung.de\/en\/wp-json\/wp\/v2\/media?parent=767"}],"curies":[{"name":"wp","href":"https:\/\/api.w.org\/{rel}","templated":true}]}}