{"id":907,"date":"2023-01-25T08:14:43","date_gmt":"2023-01-25T08:14:43","guid":{"rendered":"https:\/\/xlab-stiftung.de\/?page_id=907"},"modified":"2023-01-25T08:19:46","modified_gmt":"2023-01-25T08:19:46","slug":"sf-2013","status":"publish","type":"page","link":"https:\/\/xlab-stiftung.de\/en\/science-festival-2023\/sf-2013\/","title":{"rendered":"SF-2013 Ribosomen \u2013 die \u00e4ltesten Nanomaschinen der Welt"},"content":{"rendered":"<p><em>Prof. Dr. Marina Rodnina<\/em><br><em>MPI f\u00fcr biophysikalische Chemie, G\u00f6ttingen<\/em><\/p>\n\n\n\n<p>Die Ribosomen sind der Ort der Proteinsynthese im Cytoplasma der Zelle. Dort werden alle Proteine durch Verkn\u00fcpfung von Aminos\u00e4uren in der durch die Gene festgelegten Reihenfolge hergestellt. Pro Sekunde werden dabei 10 bis 20 Aminos\u00e4uren aneinandergereiht. Die fertigen Proteine k\u00f6nnen hunderte, manchmal tausende Aminos\u00e4uren lang sein. Ein einziger Falscheinbau kann das Protein funktionslos machen. Um die Fehlerh\u00e4ufigkeit m\u00f6glichst niedrig zu halten und gleichzeitig den Prozess nicht zu langsam zu machen, erkennen Ribosomen ihre Substrate, die Aminoacyl-tRNAs, mit hoher Spezifit\u00e4t, die durch einen komplexen, mehrstufigen Selektionsmechanismus zustande kommt. Das aktive Zentrum des Ribosoms, in dem die Peptidverkn\u00fcpfung stattfindet, besteht aus ribosomaler RNA. Demnach ist das Ribosom ein sehr gro\u00dfes RNA-Enzym oder Ribozym, das offenbar bereits in der pr\u00e4biotischen Phase der Evolution vor \u00fcber vier Milliarden Jahren entstanden ist.&nbsp;<\/p>\n\n\n\n<p>In den letzten Jahren wurden gro\u00dfe Fortschritte im Verst\u00e4ndnis von Struktur und Funktion des Ribosoms erzielt, wesentlich durch die Kombination von mechanistischen Untersuchungen mit biophysikalischen Methoden und die Aufkl\u00e4rung der r\u00e4umlichen Struktur mittels Kryo-Elektronenmikroskopie und R\u00f6ntgenkristallographie.<\/p>\n\n\n\n<p>Im Vortrag werden die Meilensteine der Erforschung der Translation beschrieben, die zu dem in den Schulb\u00fcchern dargestellten Wissensstand gef\u00fchrt haben, und neuere Forschungsergebnisse der Abteilung Physikalische Biochemie vorgestellt. Sie betreffen besonders die Qualit\u00e4tskontrolle bei der Translation, den Mechanismus der Katalyse und die Mechanik dieser faszinierenden Nanomaschine.<\/p>","protected":false},"excerpt":{"rendered":"<p>Prof. Dr. Marina RodninaMPI f\u00fcr biophysikalische Chemie, G\u00f6ttingen Die Ribosomen sind der Ort der Proteinsynthese im Cytoplasma der Zelle. Dort werden alle Proteine&hellip;<\/p>","protected":false},"author":1,"featured_media":0,"parent":129,"menu_order":0,"comment_status":"closed","ping_status":"closed","template":"","meta":[],"yoast_head":"<!-- This site is optimized with the Yoast SEO plugin v21.2 - https:\/\/yoast.com\/wordpress\/plugins\/seo\/ -->\n<title>SF-2013 Ribosomen \u2013 die \u00e4ltesten Nanomaschinen der Welt - XLAB Stiftung<\/title>\n<meta name=\"robots\" content=\"index, follow, max-snippet:-1, max-image-preview:large, max-video-preview:-1\" \/>\n<link rel=\"canonical\" href=\"https:\/\/xlab-stiftung.de\/en\/science-festival-2023\/sf-2013\/\" \/>\n<meta property=\"og:locale\" content=\"en_US\" \/>\n<meta property=\"og:type\" content=\"article\" \/>\n<meta property=\"og:title\" content=\"SF-2013 Ribosomen \u2013 die \u00e4ltesten Nanomaschinen der Welt - XLAB Stiftung\" \/>\n<meta property=\"og:description\" content=\"Prof. Dr. Marina RodninaMPI f\u00fcr biophysikalische Chemie, G\u00f6ttingen Die Ribosomen sind der Ort der Proteinsynthese im Cytoplasma der Zelle. Dort werden alle Proteine&hellip;\" \/>\n<meta property=\"og:url\" content=\"https:\/\/xlab-stiftung.de\/en\/science-festival-2023\/sf-2013\/\" \/>\n<meta property=\"og:site_name\" content=\"XLAB Stiftung\" \/>\n<meta property=\"article:modified_time\" content=\"2023-01-25T08:19:46+00:00\" \/>\n<meta name=\"twitter:card\" content=\"summary_large_image\" \/>\n<meta name=\"twitter:label1\" content=\"Est. reading time\" \/>\n\t<meta name=\"twitter:data1\" content=\"2 minutes\" \/>\n<script type=\"application\/ld+json\" class=\"yoast-schema-graph\">{\"@context\":\"https:\/\/schema.org\",\"@graph\":[{\"@type\":\"WebPage\",\"@id\":\"https:\/\/xlab-stiftung.de\/science-festival-2023\/sf-2013\/\",\"url\":\"https:\/\/xlab-stiftung.de\/science-festival-2023\/sf-2013\/\",\"name\":\"SF-2013 Ribosomen \u2013 die \u00e4ltesten Nanomaschinen der Welt - XLAB Stiftung\",\"isPartOf\":{\"@id\":\"https:\/\/xlab-stiftung.de\/#website\"},\"datePublished\":\"2023-01-25T08:14:43+00:00\",\"dateModified\":\"2023-01-25T08:19:46+00:00\",\"breadcrumb\":{\"@id\":\"https:\/\/xlab-stiftung.de\/science-festival-2023\/sf-2013\/#breadcrumb\"},\"inLanguage\":\"en-US\",\"potentialAction\":[{\"@type\":\"ReadAction\",\"target\":[\"https:\/\/xlab-stiftung.de\/science-festival-2023\/sf-2013\/\"]}]},{\"@type\":\"BreadcrumbList\",\"@id\":\"https:\/\/xlab-stiftung.de\/science-festival-2023\/sf-2013\/#breadcrumb\",\"itemListElement\":[{\"@type\":\"ListItem\",\"position\":1,\"name\":\"Startseite\",\"item\":\"https:\/\/xlab-stiftung.de\/\"},{\"@type\":\"ListItem\",\"position\":2,\"name\":\"XLAB Science Festival 2023\",\"item\":\"https:\/\/xlab-stiftung.de\/science-festival-2023\/\"},{\"@type\":\"ListItem\",\"position\":3,\"name\":\"SF-2013 Ribosomen \u2013 die \u00e4ltesten Nanomaschinen der Welt\"}]},{\"@type\":\"WebSite\",\"@id\":\"https:\/\/xlab-stiftung.de\/#website\",\"url\":\"https:\/\/xlab-stiftung.de\/\",\"name\":\"XLAB Stiftung\",\"description\":\"\",\"publisher\":{\"@id\":\"https:\/\/xlab-stiftung.de\/#organization\"},\"potentialAction\":[{\"@type\":\"SearchAction\",\"target\":{\"@type\":\"EntryPoint\",\"urlTemplate\":\"https:\/\/xlab-stiftung.de\/?s={search_term_string}\"},\"query-input\":\"required name=search_term_string\"}],\"inLanguage\":\"en-US\"},{\"@type\":\"Organization\",\"@id\":\"https:\/\/xlab-stiftung.de\/#organization\",\"name\":\"XLAB Stiftung\",\"url\":\"https:\/\/xlab-stiftung.de\/\",\"logo\":{\"@type\":\"ImageObject\",\"inLanguage\":\"en-US\",\"@id\":\"https:\/\/xlab-stiftung.de\/#\/schema\/logo\/image\/\",\"url\":\"https:\/\/xlab-stiftung.de\/wp-content\/uploads\/2023\/01\/ezgif.com-gif-maker-5.gif\",\"contentUrl\":\"https:\/\/xlab-stiftung.de\/wp-content\/uploads\/2023\/01\/ezgif.com-gif-maker-5.gif\",\"width\":2048,\"height\":230,\"caption\":\"XLAB Stiftung\"},\"image\":{\"@id\":\"https:\/\/xlab-stiftung.de\/#\/schema\/logo\/image\/\"}}]}<\/script>\n<!-- \/ Yoast SEO plugin. -->","yoast_head_json":{"title":"SF-2013 Ribosomen \u2013 die \u00e4ltesten Nanomaschinen der Welt - XLAB Stiftung","robots":{"index":"index","follow":"follow","max-snippet":"max-snippet:-1","max-image-preview":"max-image-preview:large","max-video-preview":"max-video-preview:-1"},"canonical":"https:\/\/xlab-stiftung.de\/en\/science-festival-2023\/sf-2013\/","og_locale":"en_US","og_type":"article","og_title":"SF-2013 Ribosomen \u2013 die \u00e4ltesten Nanomaschinen der Welt - XLAB Stiftung","og_description":"Prof. Dr. Marina RodninaMPI f\u00fcr biophysikalische Chemie, G\u00f6ttingen Die Ribosomen sind der Ort der Proteinsynthese im Cytoplasma der Zelle. Dort werden alle Proteine&hellip;","og_url":"https:\/\/xlab-stiftung.de\/en\/science-festival-2023\/sf-2013\/","og_site_name":"XLAB Stiftung","article_modified_time":"2023-01-25T08:19:46+00:00","twitter_card":"summary_large_image","twitter_misc":{"Est. reading time":"2 minutes"},"schema":{"@context":"https:\/\/schema.org","@graph":[{"@type":"WebPage","@id":"https:\/\/xlab-stiftung.de\/science-festival-2023\/sf-2013\/","url":"https:\/\/xlab-stiftung.de\/science-festival-2023\/sf-2013\/","name":"SF-2013 Ribosomen \u2013 die \u00e4ltesten Nanomaschinen der Welt - XLAB Stiftung","isPartOf":{"@id":"https:\/\/xlab-stiftung.de\/#website"},"datePublished":"2023-01-25T08:14:43+00:00","dateModified":"2023-01-25T08:19:46+00:00","breadcrumb":{"@id":"https:\/\/xlab-stiftung.de\/science-festival-2023\/sf-2013\/#breadcrumb"},"inLanguage":"en-US","potentialAction":[{"@type":"ReadAction","target":["https:\/\/xlab-stiftung.de\/science-festival-2023\/sf-2013\/"]}]},{"@type":"BreadcrumbList","@id":"https:\/\/xlab-stiftung.de\/science-festival-2023\/sf-2013\/#breadcrumb","itemListElement":[{"@type":"ListItem","position":1,"name":"Startseite","item":"https:\/\/xlab-stiftung.de\/"},{"@type":"ListItem","position":2,"name":"XLAB Science Festival 2023","item":"https:\/\/xlab-stiftung.de\/science-festival-2023\/"},{"@type":"ListItem","position":3,"name":"SF-2013 Ribosomen \u2013 die \u00e4ltesten Nanomaschinen der Welt"}]},{"@type":"WebSite","@id":"https:\/\/xlab-stiftung.de\/#website","url":"https:\/\/xlab-stiftung.de\/","name":"XLAB Stiftung","description":"","publisher":{"@id":"https:\/\/xlab-stiftung.de\/#organization"},"potentialAction":[{"@type":"SearchAction","target":{"@type":"EntryPoint","urlTemplate":"https:\/\/xlab-stiftung.de\/?s={search_term_string}"},"query-input":"required name=search_term_string"}],"inLanguage":"en-US"},{"@type":"Organization","@id":"https:\/\/xlab-stiftung.de\/#organization","name":"XLAB Stiftung","url":"https:\/\/xlab-stiftung.de\/","logo":{"@type":"ImageObject","inLanguage":"en-US","@id":"https:\/\/xlab-stiftung.de\/#\/schema\/logo\/image\/","url":"https:\/\/xlab-stiftung.de\/wp-content\/uploads\/2023\/01\/ezgif.com-gif-maker-5.gif","contentUrl":"https:\/\/xlab-stiftung.de\/wp-content\/uploads\/2023\/01\/ezgif.com-gif-maker-5.gif","width":2048,"height":230,"caption":"XLAB Stiftung"},"image":{"@id":"https:\/\/xlab-stiftung.de\/#\/schema\/logo\/image\/"}}]}},"_links":{"self":[{"href":"https:\/\/xlab-stiftung.de\/en\/wp-json\/wp\/v2\/pages\/907"}],"collection":[{"href":"https:\/\/xlab-stiftung.de\/en\/wp-json\/wp\/v2\/pages"}],"about":[{"href":"https:\/\/xlab-stiftung.de\/en\/wp-json\/wp\/v2\/types\/page"}],"author":[{"embeddable":true,"href":"https:\/\/xlab-stiftung.de\/en\/wp-json\/wp\/v2\/users\/1"}],"replies":[{"embeddable":true,"href":"https:\/\/xlab-stiftung.de\/en\/wp-json\/wp\/v2\/comments?post=907"}],"version-history":[{"count":2,"href":"https:\/\/xlab-stiftung.de\/en\/wp-json\/wp\/v2\/pages\/907\/revisions"}],"predecessor-version":[{"id":937,"href":"https:\/\/xlab-stiftung.de\/en\/wp-json\/wp\/v2\/pages\/907\/revisions\/937"}],"up":[{"embeddable":true,"href":"https:\/\/xlab-stiftung.de\/en\/wp-json\/wp\/v2\/pages\/129"}],"wp:attachment":[{"href":"https:\/\/xlab-stiftung.de\/en\/wp-json\/wp\/v2\/media?parent=907"}],"curies":[{"name":"wp","href":"https:\/\/api.w.org\/{rel}","templated":true}]}}