{"id":911,"date":"2023-01-25T08:15:29","date_gmt":"2023-01-25T08:15:29","guid":{"rendered":"https:\/\/xlab-stiftung.de\/?page_id=911"},"modified":"2023-01-25T08:15:30","modified_gmt":"2023-01-25T08:15:30","slug":"sf-2013-evolutionaere-erfolgsrezepte-der-honigbiene","status":"publish","type":"page","link":"https:\/\/xlab-stiftung.de\/en\/science-festival-2023\/sf-2013-evolutionaere-erfolgsrezepte-der-honigbiene\/","title":{"rendered":"SF-2013 Evolution\u00e4re Erfolgsrezepte der Honigbiene"},"content":{"rendered":"<p><em>Prof. Dr. J\u00fcrgen Tautz<br>Universit\u00e4t W\u00fcrzburg, Communicator-Preis 2012<\/em><\/p>\n\n\n\n<p>Honigbienen haben eine bemerkenswert geringe Artenvielfalt hervorgebracht. Man kennt weltweit nur neun Spezies der Gattung&nbsp;<em>Apis<\/em>. In Asien leben acht Arten, w\u00e4hrend es auf den beiden Kontinenten Europa und Afrika erstaunlicherweise nur eine einzige Spezies, die Honigbiene&nbsp;<em>Apis mellifera<\/em>, gibt. Nur eine einzige Art auf zwei Kontinenten \u2013 das erweckt den Anschein einer erfolglosen, unscheinbaren Randgruppe. Man w\u00fcrde aber einen gro\u00dfen Fehler begehen, wenn man die Honigbienen aufgrund ihrer extrem geringen Artenzahl als bedeutungslos abt\u00e4te. Man halte sich nur vor Augen, was die artenarme Gruppe der Gattung&nbsp;<em>Homo<\/em>&nbsp;bisher zum Erscheinungsbild unseres Planeten beigetragen hat. Damit durchaus vergleichbar nachhaltig ist die gestaltende und erhaltende Rolle, welche die Honigbienen f\u00fcr die bl\u00fctenpflanzenbestimmte Vegetation spielten und immer noch spielen.<\/p>\n\n\n\n<p>Ein Vergleich bestimmter Eigenschaften des Superorganismus Bienenvolk mit denen einer anderen h\u00f6chst erfolgreichen Tiergruppe, den S\u00e4ugetieren, f\u00f6rdert Erstaunliches zu Tage: Der Staat der Honigbienen besitzt Eigenschaften von S\u00e4ugetieren: &nbsp;S\u00e4ugetiere haben eine extrem niedrige Vermehrungsrate, Honigbienen ebenfalls. S\u00e4ugetierweibchen erzeugen in speziellen Dr\u00fcsen Muttermilch zur Versorgung des Nachwuchses, Honigbienenweibchen erzeugen Schwesternmilch. Losgel\u00f6st von einer Au\u00dfenwelt mit schwankenden Eigenschaften bieten S\u00e4ugetiere ihren sich entwickelnden Nachkommen eine sch\u00fctzende Umwelt in Form exakt eingestellter Umweltwerte im Uterus der M\u00fctter. Honigbienen bieten ihren Jugendstadien den gleichen Schutz und die gleiche konstante Umwelt im sozialen Uterus des Bienennestes. S\u00e4ugetiere haben eine K\u00f6rpertemperatur von etwa 36 Grad Celsius, Honigbienen halten im sozialen Uterus ihre Puppen auf einer K\u00f6rpertemperatur von etwa 35 Grad Celsius. S\u00e4ugetiere mit ihren gro\u00dfen Gehirnen weisen unter den Wirbeltieren die ausgepr\u00e4gteste Lernf\u00e4higkeit und die h\u00f6chsten kognitiven Leistungen auf. Honigbienen besitzen eine ausnehmend hoch entwickelte Veranlagung zum Lernen sowie kognitive Eigenschaften, mit denen sie manche Wirbeltiere in den Schatten stellen.<\/p>\n\n\n\n<p>Im Vortrag werden diese Eigenschaften der Bienenkolonien n\u00e4her beleuchtet und ihre evolutiven Vorteile herausgestellt.<\/p>\n\n\n\n<p>Siehe auch:&nbsp;<em><a href=\"\/en\/50420c8.html\/?&amp;L=0%27\">HOneyBee Online Studies<\/a><\/em><a href=\"\/en\/50420c8.html\/?&amp;L=0%27\">&nbsp;(HOBOS)<\/a><\/p>","protected":false},"excerpt":{"rendered":"<p>Prof. Dr. J\u00fcrgen TautzUniversit\u00e4t W\u00fcrzburg, Communicator-Preis 2012 Honigbienen haben eine bemerkenswert geringe Artenvielfalt hervorgebracht. Man kennt weltweit nur neun Spezies der Gattung&nbsp;Apis. In&hellip;<\/p>","protected":false},"author":1,"featured_media":0,"parent":129,"menu_order":1,"comment_status":"closed","ping_status":"closed","template":"","meta":[],"yoast_head":"<!-- This site is optimized with the Yoast SEO plugin v21.2 - https:\/\/yoast.com\/wordpress\/plugins\/seo\/ -->\n<title>SF-2013 Evolution\u00e4re Erfolgsrezepte der Honigbiene - XLAB Stiftung<\/title>\n<meta name=\"robots\" content=\"index, follow, max-snippet:-1, max-image-preview:large, max-video-preview:-1\" \/>\n<link rel=\"canonical\" href=\"https:\/\/xlab-stiftung.de\/en\/science-festival-2023\/sf-2013-evolutionaere-erfolgsrezepte-der-honigbiene\/\" \/>\n<meta property=\"og:locale\" content=\"en_US\" \/>\n<meta property=\"og:type\" content=\"article\" \/>\n<meta property=\"og:title\" content=\"SF-2013 Evolution\u00e4re Erfolgsrezepte der Honigbiene - XLAB Stiftung\" \/>\n<meta property=\"og:description\" content=\"Prof. Dr. J\u00fcrgen TautzUniversit\u00e4t W\u00fcrzburg, Communicator-Preis 2012 Honigbienen haben eine bemerkenswert geringe Artenvielfalt hervorgebracht. Man kennt weltweit nur neun Spezies der Gattung&nbsp;Apis. In&hellip;\" \/>\n<meta property=\"og:url\" content=\"https:\/\/xlab-stiftung.de\/en\/science-festival-2023\/sf-2013-evolutionaere-erfolgsrezepte-der-honigbiene\/\" \/>\n<meta property=\"og:site_name\" content=\"XLAB Stiftung\" \/>\n<meta property=\"article:modified_time\" content=\"2023-01-25T08:15:30+00:00\" \/>\n<meta name=\"twitter:card\" content=\"summary_large_image\" \/>\n<meta name=\"twitter:label1\" content=\"Est. reading time\" \/>\n\t<meta name=\"twitter:data1\" content=\"2 minutes\" \/>\n<script type=\"application\/ld+json\" class=\"yoast-schema-graph\">{\"@context\":\"https:\/\/schema.org\",\"@graph\":[{\"@type\":\"WebPage\",\"@id\":\"https:\/\/xlab-stiftung.de\/science-festival-2023\/sf-2013-evolutionaere-erfolgsrezepte-der-honigbiene\/\",\"url\":\"https:\/\/xlab-stiftung.de\/science-festival-2023\/sf-2013-evolutionaere-erfolgsrezepte-der-honigbiene\/\",\"name\":\"SF-2013 Evolution\u00e4re Erfolgsrezepte der Honigbiene - XLAB Stiftung\",\"isPartOf\":{\"@id\":\"https:\/\/xlab-stiftung.de\/#website\"},\"datePublished\":\"2023-01-25T08:15:29+00:00\",\"dateModified\":\"2023-01-25T08:15:30+00:00\",\"breadcrumb\":{\"@id\":\"https:\/\/xlab-stiftung.de\/science-festival-2023\/sf-2013-evolutionaere-erfolgsrezepte-der-honigbiene\/#breadcrumb\"},\"inLanguage\":\"en-US\",\"potentialAction\":[{\"@type\":\"ReadAction\",\"target\":[\"https:\/\/xlab-stiftung.de\/science-festival-2023\/sf-2013-evolutionaere-erfolgsrezepte-der-honigbiene\/\"]}]},{\"@type\":\"BreadcrumbList\",\"@id\":\"https:\/\/xlab-stiftung.de\/science-festival-2023\/sf-2013-evolutionaere-erfolgsrezepte-der-honigbiene\/#breadcrumb\",\"itemListElement\":[{\"@type\":\"ListItem\",\"position\":1,\"name\":\"Startseite\",\"item\":\"https:\/\/xlab-stiftung.de\/\"},{\"@type\":\"ListItem\",\"position\":2,\"name\":\"XLAB Science Festival 2023\",\"item\":\"https:\/\/xlab-stiftung.de\/science-festival-2023\/\"},{\"@type\":\"ListItem\",\"position\":3,\"name\":\"SF-2013 Evolution\u00e4re Erfolgsrezepte der Honigbiene\"}]},{\"@type\":\"WebSite\",\"@id\":\"https:\/\/xlab-stiftung.de\/#website\",\"url\":\"https:\/\/xlab-stiftung.de\/\",\"name\":\"XLAB Stiftung\",\"description\":\"\",\"publisher\":{\"@id\":\"https:\/\/xlab-stiftung.de\/#organization\"},\"potentialAction\":[{\"@type\":\"SearchAction\",\"target\":{\"@type\":\"EntryPoint\",\"urlTemplate\":\"https:\/\/xlab-stiftung.de\/?s={search_term_string}\"},\"query-input\":\"required name=search_term_string\"}],\"inLanguage\":\"en-US\"},{\"@type\":\"Organization\",\"@id\":\"https:\/\/xlab-stiftung.de\/#organization\",\"name\":\"XLAB Stiftung\",\"url\":\"https:\/\/xlab-stiftung.de\/\",\"logo\":{\"@type\":\"ImageObject\",\"inLanguage\":\"en-US\",\"@id\":\"https:\/\/xlab-stiftung.de\/#\/schema\/logo\/image\/\",\"url\":\"https:\/\/xlab-stiftung.de\/wp-content\/uploads\/2023\/01\/ezgif.com-gif-maker-5.gif\",\"contentUrl\":\"https:\/\/xlab-stiftung.de\/wp-content\/uploads\/2023\/01\/ezgif.com-gif-maker-5.gif\",\"width\":2048,\"height\":230,\"caption\":\"XLAB Stiftung\"},\"image\":{\"@id\":\"https:\/\/xlab-stiftung.de\/#\/schema\/logo\/image\/\"}}]}<\/script>\n<!-- \/ Yoast SEO plugin. -->","yoast_head_json":{"title":"SF-2013 Evolution\u00e4re Erfolgsrezepte der Honigbiene - XLAB Stiftung","robots":{"index":"index","follow":"follow","max-snippet":"max-snippet:-1","max-image-preview":"max-image-preview:large","max-video-preview":"max-video-preview:-1"},"canonical":"https:\/\/xlab-stiftung.de\/en\/science-festival-2023\/sf-2013-evolutionaere-erfolgsrezepte-der-honigbiene\/","og_locale":"en_US","og_type":"article","og_title":"SF-2013 Evolution\u00e4re Erfolgsrezepte der Honigbiene - XLAB Stiftung","og_description":"Prof. Dr. J\u00fcrgen TautzUniversit\u00e4t W\u00fcrzburg, Communicator-Preis 2012 Honigbienen haben eine bemerkenswert geringe Artenvielfalt hervorgebracht. Man kennt weltweit nur neun Spezies der Gattung&nbsp;Apis. In&hellip;","og_url":"https:\/\/xlab-stiftung.de\/en\/science-festival-2023\/sf-2013-evolutionaere-erfolgsrezepte-der-honigbiene\/","og_site_name":"XLAB Stiftung","article_modified_time":"2023-01-25T08:15:30+00:00","twitter_card":"summary_large_image","twitter_misc":{"Est. reading time":"2 minutes"},"schema":{"@context":"https:\/\/schema.org","@graph":[{"@type":"WebPage","@id":"https:\/\/xlab-stiftung.de\/science-festival-2023\/sf-2013-evolutionaere-erfolgsrezepte-der-honigbiene\/","url":"https:\/\/xlab-stiftung.de\/science-festival-2023\/sf-2013-evolutionaere-erfolgsrezepte-der-honigbiene\/","name":"SF-2013 Evolution\u00e4re Erfolgsrezepte der Honigbiene - XLAB Stiftung","isPartOf":{"@id":"https:\/\/xlab-stiftung.de\/#website"},"datePublished":"2023-01-25T08:15:29+00:00","dateModified":"2023-01-25T08:15:30+00:00","breadcrumb":{"@id":"https:\/\/xlab-stiftung.de\/science-festival-2023\/sf-2013-evolutionaere-erfolgsrezepte-der-honigbiene\/#breadcrumb"},"inLanguage":"en-US","potentialAction":[{"@type":"ReadAction","target":["https:\/\/xlab-stiftung.de\/science-festival-2023\/sf-2013-evolutionaere-erfolgsrezepte-der-honigbiene\/"]}]},{"@type":"BreadcrumbList","@id":"https:\/\/xlab-stiftung.de\/science-festival-2023\/sf-2013-evolutionaere-erfolgsrezepte-der-honigbiene\/#breadcrumb","itemListElement":[{"@type":"ListItem","position":1,"name":"Startseite","item":"https:\/\/xlab-stiftung.de\/"},{"@type":"ListItem","position":2,"name":"XLAB Science Festival 2023","item":"https:\/\/xlab-stiftung.de\/science-festival-2023\/"},{"@type":"ListItem","position":3,"name":"SF-2013 Evolution\u00e4re Erfolgsrezepte der Honigbiene"}]},{"@type":"WebSite","@id":"https:\/\/xlab-stiftung.de\/#website","url":"https:\/\/xlab-stiftung.de\/","name":"XLAB Stiftung","description":"","publisher":{"@id":"https:\/\/xlab-stiftung.de\/#organization"},"potentialAction":[{"@type":"SearchAction","target":{"@type":"EntryPoint","urlTemplate":"https:\/\/xlab-stiftung.de\/?s={search_term_string}"},"query-input":"required name=search_term_string"}],"inLanguage":"en-US"},{"@type":"Organization","@id":"https:\/\/xlab-stiftung.de\/#organization","name":"XLAB Stiftung","url":"https:\/\/xlab-stiftung.de\/","logo":{"@type":"ImageObject","inLanguage":"en-US","@id":"https:\/\/xlab-stiftung.de\/#\/schema\/logo\/image\/","url":"https:\/\/xlab-stiftung.de\/wp-content\/uploads\/2023\/01\/ezgif.com-gif-maker-5.gif","contentUrl":"https:\/\/xlab-stiftung.de\/wp-content\/uploads\/2023\/01\/ezgif.com-gif-maker-5.gif","width":2048,"height":230,"caption":"XLAB Stiftung"},"image":{"@id":"https:\/\/xlab-stiftung.de\/#\/schema\/logo\/image\/"}}]}},"_links":{"self":[{"href":"https:\/\/xlab-stiftung.de\/en\/wp-json\/wp\/v2\/pages\/911"}],"collection":[{"href":"https:\/\/xlab-stiftung.de\/en\/wp-json\/wp\/v2\/pages"}],"about":[{"href":"https:\/\/xlab-stiftung.de\/en\/wp-json\/wp\/v2\/types\/page"}],"author":[{"embeddable":true,"href":"https:\/\/xlab-stiftung.de\/en\/wp-json\/wp\/v2\/users\/1"}],"replies":[{"embeddable":true,"href":"https:\/\/xlab-stiftung.de\/en\/wp-json\/wp\/v2\/comments?post=911"}],"version-history":[{"count":1,"href":"https:\/\/xlab-stiftung.de\/en\/wp-json\/wp\/v2\/pages\/911\/revisions"}],"predecessor-version":[{"id":913,"href":"https:\/\/xlab-stiftung.de\/en\/wp-json\/wp\/v2\/pages\/911\/revisions\/913"}],"up":[{"embeddable":true,"href":"https:\/\/xlab-stiftung.de\/en\/wp-json\/wp\/v2\/pages\/129"}],"wp:attachment":[{"href":"https:\/\/xlab-stiftung.de\/en\/wp-json\/wp\/v2\/media?parent=911"}],"curies":[{"name":"wp","href":"https:\/\/api.w.org\/{rel}","templated":true}]}}