{"id":919,"date":"2023-01-25T08:17:08","date_gmt":"2023-01-25T08:17:08","guid":{"rendered":"https:\/\/xlab-stiftung.de\/?page_id=919"},"modified":"2023-01-25T08:17:08","modified_gmt":"2023-01-25T08:17:08","slug":"sf-2013-uebeltaeter-trockne-schleicher-lichtgestalten-wissenschaftler-in-der-oeffentlichen-phantasie","status":"publish","type":"page","link":"https:\/\/xlab-stiftung.de\/en\/science-festival-2023\/sf-2013-uebeltaeter-trockne-schleicher-lichtgestalten-wissenschaftler-in-der-oeffentlichen-phantasie\/","title":{"rendered":"SF-2013 \u00dcbelt\u00e4ter trockne Schleicher Lichtgestalten: Wissenschaftler in der \u00f6ffentlichen Phantasie"},"content":{"rendered":"<p><em>Prof. Dr. Peter von Matt<br>Universit\u00e4t Z\u00fcrich<\/em><\/p>\n\n\n\n<p>Die \u00d6ffentlichkeit f\u00fchlt sich durch die Wissenschaftler provoziert und reagiert darauf mit bestimmten, wiederkehrenden Klischees: In ihren Debatten \u00fcber die so genannte Schulmedizin, die Gentechnologie und die Stammzellenforschung zeichnet sich das Schema des Wissenschaftlers als Verbrecher ab. Literatur und Film kennen dar\u00fcber hinaus den Wissenschaftler entweder als weltfremden Spinner oder als Wahnsinnigen, der die Vernichtung der Welt anstrebt. The Nutty Professor, Dr. Strangelove, Doktor Mabuse, Doktor Caligari, Dr. Jekyll, Victor Frankenstein und nat\u00fcrlich Doktor Faust sind ihre bekanntesten Protagonisten. Anhand von Johann Wolfgang von Goethes \u201eFaust\u201c zeigt der Vortrag, wie die moderne Wissenschaft dem Bed\u00fcrfnis der Menschen nach einer geschlossenen Weltdeutung widersteht.<\/p>\n\n\n\n<p>Festvortrag in der Aula<\/p>","protected":false},"excerpt":{"rendered":"<p>Prof. Dr. Peter von MattUniversit\u00e4t Z\u00fcrich Die \u00d6ffentlichkeit f\u00fchlt sich durch die Wissenschaftler provoziert und reagiert darauf mit bestimmten, wiederkehrenden Klischees: In ihren&hellip;<\/p>","protected":false},"author":1,"featured_media":0,"parent":129,"menu_order":2,"comment_status":"closed","ping_status":"closed","template":"","meta":[],"yoast_head":"<!-- This site is optimized with the Yoast SEO plugin v21.2 - https:\/\/yoast.com\/wordpress\/plugins\/seo\/ -->\n<title>SF-2013 \u00dcbelt\u00e4ter trockne Schleicher Lichtgestalten: Wissenschaftler in der \u00f6ffentlichen Phantasie - XLAB Stiftung<\/title>\n<meta name=\"robots\" content=\"index, follow, max-snippet:-1, max-image-preview:large, max-video-preview:-1\" \/>\n<link rel=\"canonical\" href=\"https:\/\/xlab-stiftung.de\/en\/science-festival-2023\/sf-2013-uebeltaeter-trockne-schleicher-lichtgestalten-wissenschaftler-in-der-oeffentlichen-phantasie\/\" \/>\n<meta property=\"og:locale\" content=\"en_US\" \/>\n<meta property=\"og:type\" content=\"article\" \/>\n<meta property=\"og:title\" content=\"SF-2013 \u00dcbelt\u00e4ter trockne Schleicher Lichtgestalten: Wissenschaftler in der \u00f6ffentlichen Phantasie - XLAB Stiftung\" \/>\n<meta property=\"og:description\" content=\"Prof. Dr. Peter von MattUniversit\u00e4t Z\u00fcrich Die \u00d6ffentlichkeit f\u00fchlt sich durch die Wissenschaftler provoziert und reagiert darauf mit bestimmten, wiederkehrenden Klischees: In ihren&hellip;\" \/>\n<meta property=\"og:url\" content=\"https:\/\/xlab-stiftung.de\/en\/science-festival-2023\/sf-2013-uebeltaeter-trockne-schleicher-lichtgestalten-wissenschaftler-in-der-oeffentlichen-phantasie\/\" \/>\n<meta property=\"og:site_name\" content=\"XLAB Stiftung\" \/>\n<meta name=\"twitter:card\" content=\"summary_large_image\" \/>\n<meta name=\"twitter:label1\" content=\"Est. reading time\" \/>\n\t<meta name=\"twitter:data1\" content=\"1 minute\" \/>\n<script type=\"application\/ld+json\" class=\"yoast-schema-graph\">{\"@context\":\"https:\/\/schema.org\",\"@graph\":[{\"@type\":\"WebPage\",\"@id\":\"https:\/\/xlab-stiftung.de\/science-festival-2023\/sf-2013-uebeltaeter-trockne-schleicher-lichtgestalten-wissenschaftler-in-der-oeffentlichen-phantasie\/\",\"url\":\"https:\/\/xlab-stiftung.de\/science-festival-2023\/sf-2013-uebeltaeter-trockne-schleicher-lichtgestalten-wissenschaftler-in-der-oeffentlichen-phantasie\/\",\"name\":\"SF-2013 \u00dcbelt\u00e4ter trockne Schleicher Lichtgestalten: Wissenschaftler in der \u00f6ffentlichen Phantasie - XLAB Stiftung\",\"isPartOf\":{\"@id\":\"https:\/\/xlab-stiftung.de\/#website\"},\"datePublished\":\"2023-01-25T08:17:08+00:00\",\"dateModified\":\"2023-01-25T08:17:08+00:00\",\"breadcrumb\":{\"@id\":\"https:\/\/xlab-stiftung.de\/science-festival-2023\/sf-2013-uebeltaeter-trockne-schleicher-lichtgestalten-wissenschaftler-in-der-oeffentlichen-phantasie\/#breadcrumb\"},\"inLanguage\":\"en-US\",\"potentialAction\":[{\"@type\":\"ReadAction\",\"target\":[\"https:\/\/xlab-stiftung.de\/science-festival-2023\/sf-2013-uebeltaeter-trockne-schleicher-lichtgestalten-wissenschaftler-in-der-oeffentlichen-phantasie\/\"]}]},{\"@type\":\"BreadcrumbList\",\"@id\":\"https:\/\/xlab-stiftung.de\/science-festival-2023\/sf-2013-uebeltaeter-trockne-schleicher-lichtgestalten-wissenschaftler-in-der-oeffentlichen-phantasie\/#breadcrumb\",\"itemListElement\":[{\"@type\":\"ListItem\",\"position\":1,\"name\":\"Startseite\",\"item\":\"https:\/\/xlab-stiftung.de\/\"},{\"@type\":\"ListItem\",\"position\":2,\"name\":\"XLAB Science Festival 2023\",\"item\":\"https:\/\/xlab-stiftung.de\/science-festival-2023\/\"},{\"@type\":\"ListItem\",\"position\":3,\"name\":\"SF-2013 \u00dcbelt\u00e4ter trockne Schleicher Lichtgestalten: Wissenschaftler in der \u00f6ffentlichen Phantasie\"}]},{\"@type\":\"WebSite\",\"@id\":\"https:\/\/xlab-stiftung.de\/#website\",\"url\":\"https:\/\/xlab-stiftung.de\/\",\"name\":\"XLAB Stiftung\",\"description\":\"\",\"publisher\":{\"@id\":\"https:\/\/xlab-stiftung.de\/#organization\"},\"potentialAction\":[{\"@type\":\"SearchAction\",\"target\":{\"@type\":\"EntryPoint\",\"urlTemplate\":\"https:\/\/xlab-stiftung.de\/?s={search_term_string}\"},\"query-input\":\"required name=search_term_string\"}],\"inLanguage\":\"en-US\"},{\"@type\":\"Organization\",\"@id\":\"https:\/\/xlab-stiftung.de\/#organization\",\"name\":\"XLAB Stiftung\",\"url\":\"https:\/\/xlab-stiftung.de\/\",\"logo\":{\"@type\":\"ImageObject\",\"inLanguage\":\"en-US\",\"@id\":\"https:\/\/xlab-stiftung.de\/#\/schema\/logo\/image\/\",\"url\":\"https:\/\/xlab-stiftung.de\/wp-content\/uploads\/2023\/01\/ezgif.com-gif-maker-5.gif\",\"contentUrl\":\"https:\/\/xlab-stiftung.de\/wp-content\/uploads\/2023\/01\/ezgif.com-gif-maker-5.gif\",\"width\":2048,\"height\":230,\"caption\":\"XLAB Stiftung\"},\"image\":{\"@id\":\"https:\/\/xlab-stiftung.de\/#\/schema\/logo\/image\/\"}}]}<\/script>\n<!-- \/ Yoast SEO plugin. -->","yoast_head_json":{"title":"SF-2013 \u00dcbelt\u00e4ter trockne Schleicher Lichtgestalten: Wissenschaftler in der \u00f6ffentlichen Phantasie - XLAB Stiftung","robots":{"index":"index","follow":"follow","max-snippet":"max-snippet:-1","max-image-preview":"max-image-preview:large","max-video-preview":"max-video-preview:-1"},"canonical":"https:\/\/xlab-stiftung.de\/en\/science-festival-2023\/sf-2013-uebeltaeter-trockne-schleicher-lichtgestalten-wissenschaftler-in-der-oeffentlichen-phantasie\/","og_locale":"en_US","og_type":"article","og_title":"SF-2013 \u00dcbelt\u00e4ter trockne Schleicher Lichtgestalten: Wissenschaftler in der \u00f6ffentlichen Phantasie - XLAB Stiftung","og_description":"Prof. Dr. Peter von MattUniversit\u00e4t Z\u00fcrich Die \u00d6ffentlichkeit f\u00fchlt sich durch die Wissenschaftler provoziert und reagiert darauf mit bestimmten, wiederkehrenden Klischees: In ihren&hellip;","og_url":"https:\/\/xlab-stiftung.de\/en\/science-festival-2023\/sf-2013-uebeltaeter-trockne-schleicher-lichtgestalten-wissenschaftler-in-der-oeffentlichen-phantasie\/","og_site_name":"XLAB Stiftung","twitter_card":"summary_large_image","twitter_misc":{"Est. reading time":"1 minute"},"schema":{"@context":"https:\/\/schema.org","@graph":[{"@type":"WebPage","@id":"https:\/\/xlab-stiftung.de\/science-festival-2023\/sf-2013-uebeltaeter-trockne-schleicher-lichtgestalten-wissenschaftler-in-der-oeffentlichen-phantasie\/","url":"https:\/\/xlab-stiftung.de\/science-festival-2023\/sf-2013-uebeltaeter-trockne-schleicher-lichtgestalten-wissenschaftler-in-der-oeffentlichen-phantasie\/","name":"SF-2013 \u00dcbelt\u00e4ter trockne Schleicher Lichtgestalten: Wissenschaftler in der \u00f6ffentlichen Phantasie - XLAB Stiftung","isPartOf":{"@id":"https:\/\/xlab-stiftung.de\/#website"},"datePublished":"2023-01-25T08:17:08+00:00","dateModified":"2023-01-25T08:17:08+00:00","breadcrumb":{"@id":"https:\/\/xlab-stiftung.de\/science-festival-2023\/sf-2013-uebeltaeter-trockne-schleicher-lichtgestalten-wissenschaftler-in-der-oeffentlichen-phantasie\/#breadcrumb"},"inLanguage":"en-US","potentialAction":[{"@type":"ReadAction","target":["https:\/\/xlab-stiftung.de\/science-festival-2023\/sf-2013-uebeltaeter-trockne-schleicher-lichtgestalten-wissenschaftler-in-der-oeffentlichen-phantasie\/"]}]},{"@type":"BreadcrumbList","@id":"https:\/\/xlab-stiftung.de\/science-festival-2023\/sf-2013-uebeltaeter-trockne-schleicher-lichtgestalten-wissenschaftler-in-der-oeffentlichen-phantasie\/#breadcrumb","itemListElement":[{"@type":"ListItem","position":1,"name":"Startseite","item":"https:\/\/xlab-stiftung.de\/"},{"@type":"ListItem","position":2,"name":"XLAB Science Festival 2023","item":"https:\/\/xlab-stiftung.de\/science-festival-2023\/"},{"@type":"ListItem","position":3,"name":"SF-2013 \u00dcbelt\u00e4ter trockne Schleicher Lichtgestalten: Wissenschaftler in der \u00f6ffentlichen Phantasie"}]},{"@type":"WebSite","@id":"https:\/\/xlab-stiftung.de\/#website","url":"https:\/\/xlab-stiftung.de\/","name":"XLAB Stiftung","description":"","publisher":{"@id":"https:\/\/xlab-stiftung.de\/#organization"},"potentialAction":[{"@type":"SearchAction","target":{"@type":"EntryPoint","urlTemplate":"https:\/\/xlab-stiftung.de\/?s={search_term_string}"},"query-input":"required name=search_term_string"}],"inLanguage":"en-US"},{"@type":"Organization","@id":"https:\/\/xlab-stiftung.de\/#organization","name":"XLAB Stiftung","url":"https:\/\/xlab-stiftung.de\/","logo":{"@type":"ImageObject","inLanguage":"en-US","@id":"https:\/\/xlab-stiftung.de\/#\/schema\/logo\/image\/","url":"https:\/\/xlab-stiftung.de\/wp-content\/uploads\/2023\/01\/ezgif.com-gif-maker-5.gif","contentUrl":"https:\/\/xlab-stiftung.de\/wp-content\/uploads\/2023\/01\/ezgif.com-gif-maker-5.gif","width":2048,"height":230,"caption":"XLAB Stiftung"},"image":{"@id":"https:\/\/xlab-stiftung.de\/#\/schema\/logo\/image\/"}}]}},"_links":{"self":[{"href":"https:\/\/xlab-stiftung.de\/en\/wp-json\/wp\/v2\/pages\/919"}],"collection":[{"href":"https:\/\/xlab-stiftung.de\/en\/wp-json\/wp\/v2\/pages"}],"about":[{"href":"https:\/\/xlab-stiftung.de\/en\/wp-json\/wp\/v2\/types\/page"}],"author":[{"embeddable":true,"href":"https:\/\/xlab-stiftung.de\/en\/wp-json\/wp\/v2\/users\/1"}],"replies":[{"embeddable":true,"href":"https:\/\/xlab-stiftung.de\/en\/wp-json\/wp\/v2\/comments?post=919"}],"version-history":[{"count":1,"href":"https:\/\/xlab-stiftung.de\/en\/wp-json\/wp\/v2\/pages\/919\/revisions"}],"predecessor-version":[{"id":921,"href":"https:\/\/xlab-stiftung.de\/en\/wp-json\/wp\/v2\/pages\/919\/revisions\/921"}],"up":[{"embeddable":true,"href":"https:\/\/xlab-stiftung.de\/en\/wp-json\/wp\/v2\/pages\/129"}],"wp:attachment":[{"href":"https:\/\/xlab-stiftung.de\/en\/wp-json\/wp\/v2\/media?parent=919"}],"curies":[{"name":"wp","href":"https:\/\/api.w.org\/{rel}","templated":true}]}}