{"id":923,"date":"2023-01-25T08:17:40","date_gmt":"2023-01-25T08:17:40","guid":{"rendered":"https:\/\/xlab-stiftung.de\/?page_id=923"},"modified":"2023-01-25T08:17:40","modified_gmt":"2023-01-25T08:17:40","slug":"sf-2013-was-wir-von-fetten-fliegen-lernen-die-genetik-des-uebergewichts","status":"publish","type":"page","link":"https:\/\/xlab-stiftung.de\/en\/science-festival-2023\/sf-2013-was-wir-von-fetten-fliegen-lernen-die-genetik-des-uebergewichts\/","title":{"rendered":"SF-2013 Was wir von fetten Fliegen lernen: die Genetik des \u00dcbergewichts"},"content":{"rendered":"<p><em>Prof. Dr. Herbert J\u00e4ckle<br>MPI f\u00fcr biophysikalische Chemie, G\u00f6ttingen<\/em>&nbsp;<\/p>\n\n\n\n<p>Fast die H\u00e4lfte der Bundesb\u00fcrger ist stark \u00fcbergewichtig \u2013 und das, obwohl sie in zunehmendem Ma\u00df Sport treiben. Prognosen lassen epidemische Ausma\u00dfe der Fettsucht in westlichen L\u00e4ndern erwarten. Diabetes, Fettstoffwechselst\u00f6rungen und Herz-Kreislauf-Erkrankungen sind die Folge und haben Infektionskrankheiten als begrenzenden Faktor der Lebenserwartung abgel\u00f6st.<\/p>\n\n\n\n<p>K\u00f6rpereigenes Fett ist ein Produkt des Stoffwechsels. Zum Fettaufbau aus der Nahrung tr\u00e4gt eine Vielzahl von Enzymen bei. Enzymaktivit\u00e4ten wiederum k\u00f6nnen prinzipiell auf Genexpression zur\u00fcckgef\u00fchrt werden. Die quantitative Untersuchung von Stoffwechselprodukten (Metabolomanalyse), Rezeptor-, Transport- und katalytischen Proteinen (Proteomanalyse) und der transkribierten Messenger-RNA jedes einzelnen Gens (Transkriptomanalyse) ist prinzipiell m\u00f6glich. Dennoch ist eine globale Studie zu den Auswirkungen der Ern\u00e4hrung auf den menschlichen Organismus undenkbar, weil jeder Mensch einen anderen Genotyp hat, Umwelteinfl\u00fcsse nicht vereinheitlicht werden k\u00f6nnen und es nicht zuletzt schlicht unzumutbar ist, f\u00fcr eine Studie zu hungern oder bis zum \u00dcbergewicht zu essen. Die Funktionsanalyse von Genen wird daher zunehmend an einfachen Modellorganismen durchgef\u00fchrt. Aber kann man von solchen Modellen \u00fcberhaupt etwas \u00fcber den Menschen lernen? Vor drei\u00dfig Jahren noch w\u00e4re man bel\u00e4chelt worden, h\u00e4tte man behauptet, dass Gene, die f\u00fcr die Entwicklung der Fruchtfliege Drosophila verantwortlich sind, sich mit \u00e4hnlicher Funktion im menschlichen Genom wiederfinden lassen und dass genetische Regelkreise und molekulare Mechanismen weitgehend universal sind. Doch so ist es \u2013 trotz Jahrmillionen evolution\u00e4rer Trennung und g\u00e4nzlich unterschiedlicher Baupl\u00e4ne. Das Repertoire an genetischen Methoden, der geringe experimentelle und finanzielle Aufwand sowie der vergleichsweise rasche Erkenntnisgewinn (Generationszeit: ca. 12 Tage) lassen Fliegen zum idealen Versuchstier werden, um biologische Prinzipien zu erforschen und diese zum Verst\u00e4ndnis menschlicher Krankheiten zu nutzen.<\/p>\n\n\n\n<p>Die Kombination von Formalgenetik, Biochemie und modernen Bildgebungsverfahren mit Transkriptom-, Protein- und Metabolitenanalysen hat bereits pharmakologisch wirksame Leitsubstanzen identifizieren lassen, die Fettsucht bei Fliegen heilen und erste Ans\u00e4tze zur Medikamentenentwicklung f\u00fcr Fettsuchtpatienten bieten<\/p>","protected":false},"excerpt":{"rendered":"<p>Prof. Dr. Herbert J\u00e4ckleMPI f\u00fcr biophysikalische Chemie, G\u00f6ttingen&nbsp; Fast die H\u00e4lfte der Bundesb\u00fcrger ist stark \u00fcbergewichtig \u2013 und das, obwohl sie in zunehmendem&hellip;<\/p>","protected":false},"author":1,"featured_media":0,"parent":129,"menu_order":3,"comment_status":"closed","ping_status":"closed","template":"","meta":[],"yoast_head":"<!-- This site is optimized with the Yoast SEO plugin v21.2 - https:\/\/yoast.com\/wordpress\/plugins\/seo\/ -->\n<title>SF-2013 Was wir von fetten Fliegen lernen: die Genetik des \u00dcbergewichts - XLAB Stiftung<\/title>\n<meta name=\"robots\" content=\"index, follow, max-snippet:-1, max-image-preview:large, max-video-preview:-1\" \/>\n<link rel=\"canonical\" href=\"https:\/\/xlab-stiftung.de\/en\/science-festival-2023\/sf-2013-was-wir-von-fetten-fliegen-lernen-die-genetik-des-uebergewichts\/\" \/>\n<meta property=\"og:locale\" content=\"en_US\" \/>\n<meta property=\"og:type\" content=\"article\" \/>\n<meta property=\"og:title\" content=\"SF-2013 Was wir von fetten Fliegen lernen: die Genetik des \u00dcbergewichts - XLAB Stiftung\" \/>\n<meta property=\"og:description\" content=\"Prof. Dr. Herbert J\u00e4ckleMPI f\u00fcr biophysikalische Chemie, G\u00f6ttingen&nbsp; Fast die H\u00e4lfte der Bundesb\u00fcrger ist stark \u00fcbergewichtig \u2013 und das, obwohl sie in zunehmendem&hellip;\" \/>\n<meta property=\"og:url\" content=\"https:\/\/xlab-stiftung.de\/en\/science-festival-2023\/sf-2013-was-wir-von-fetten-fliegen-lernen-die-genetik-des-uebergewichts\/\" \/>\n<meta property=\"og:site_name\" content=\"XLAB Stiftung\" \/>\n<meta name=\"twitter:card\" content=\"summary_large_image\" \/>\n<script type=\"application\/ld+json\" class=\"yoast-schema-graph\">{\"@context\":\"https:\/\/schema.org\",\"@graph\":[{\"@type\":\"WebPage\",\"@id\":\"https:\/\/xlab-stiftung.de\/science-festival-2023\/sf-2013-was-wir-von-fetten-fliegen-lernen-die-genetik-des-uebergewichts\/\",\"url\":\"https:\/\/xlab-stiftung.de\/science-festival-2023\/sf-2013-was-wir-von-fetten-fliegen-lernen-die-genetik-des-uebergewichts\/\",\"name\":\"SF-2013 Was wir von fetten Fliegen lernen: die Genetik des \u00dcbergewichts - XLAB Stiftung\",\"isPartOf\":{\"@id\":\"https:\/\/xlab-stiftung.de\/#website\"},\"datePublished\":\"2023-01-25T08:17:40+00:00\",\"dateModified\":\"2023-01-25T08:17:40+00:00\",\"breadcrumb\":{\"@id\":\"https:\/\/xlab-stiftung.de\/science-festival-2023\/sf-2013-was-wir-von-fetten-fliegen-lernen-die-genetik-des-uebergewichts\/#breadcrumb\"},\"inLanguage\":\"en-US\",\"potentialAction\":[{\"@type\":\"ReadAction\",\"target\":[\"https:\/\/xlab-stiftung.de\/science-festival-2023\/sf-2013-was-wir-von-fetten-fliegen-lernen-die-genetik-des-uebergewichts\/\"]}]},{\"@type\":\"BreadcrumbList\",\"@id\":\"https:\/\/xlab-stiftung.de\/science-festival-2023\/sf-2013-was-wir-von-fetten-fliegen-lernen-die-genetik-des-uebergewichts\/#breadcrumb\",\"itemListElement\":[{\"@type\":\"ListItem\",\"position\":1,\"name\":\"Startseite\",\"item\":\"https:\/\/xlab-stiftung.de\/\"},{\"@type\":\"ListItem\",\"position\":2,\"name\":\"XLAB Science Festival 2023\",\"item\":\"https:\/\/xlab-stiftung.de\/science-festival-2023\/\"},{\"@type\":\"ListItem\",\"position\":3,\"name\":\"SF-2013 Was wir von fetten Fliegen lernen: die Genetik des \u00dcbergewichts\"}]},{\"@type\":\"WebSite\",\"@id\":\"https:\/\/xlab-stiftung.de\/#website\",\"url\":\"https:\/\/xlab-stiftung.de\/\",\"name\":\"XLAB Stiftung\",\"description\":\"\",\"publisher\":{\"@id\":\"https:\/\/xlab-stiftung.de\/#organization\"},\"potentialAction\":[{\"@type\":\"SearchAction\",\"target\":{\"@type\":\"EntryPoint\",\"urlTemplate\":\"https:\/\/xlab-stiftung.de\/?s={search_term_string}\"},\"query-input\":\"required name=search_term_string\"}],\"inLanguage\":\"en-US\"},{\"@type\":\"Organization\",\"@id\":\"https:\/\/xlab-stiftung.de\/#organization\",\"name\":\"XLAB Stiftung\",\"url\":\"https:\/\/xlab-stiftung.de\/\",\"logo\":{\"@type\":\"ImageObject\",\"inLanguage\":\"en-US\",\"@id\":\"https:\/\/xlab-stiftung.de\/#\/schema\/logo\/image\/\",\"url\":\"https:\/\/xlab-stiftung.de\/wp-content\/uploads\/2023\/01\/ezgif.com-gif-maker-5.gif\",\"contentUrl\":\"https:\/\/xlab-stiftung.de\/wp-content\/uploads\/2023\/01\/ezgif.com-gif-maker-5.gif\",\"width\":2048,\"height\":230,\"caption\":\"XLAB Stiftung\"},\"image\":{\"@id\":\"https:\/\/xlab-stiftung.de\/#\/schema\/logo\/image\/\"}}]}<\/script>\n<!-- \/ Yoast SEO plugin. -->","yoast_head_json":{"title":"SF-2013 Was wir von fetten Fliegen lernen: die Genetik des \u00dcbergewichts - XLAB Stiftung","robots":{"index":"index","follow":"follow","max-snippet":"max-snippet:-1","max-image-preview":"max-image-preview:large","max-video-preview":"max-video-preview:-1"},"canonical":"https:\/\/xlab-stiftung.de\/en\/science-festival-2023\/sf-2013-was-wir-von-fetten-fliegen-lernen-die-genetik-des-uebergewichts\/","og_locale":"en_US","og_type":"article","og_title":"SF-2013 Was wir von fetten Fliegen lernen: die Genetik des \u00dcbergewichts - XLAB Stiftung","og_description":"Prof. Dr. Herbert J\u00e4ckleMPI f\u00fcr biophysikalische Chemie, G\u00f6ttingen&nbsp; Fast die H\u00e4lfte der Bundesb\u00fcrger ist stark \u00fcbergewichtig \u2013 und das, obwohl sie in zunehmendem&hellip;","og_url":"https:\/\/xlab-stiftung.de\/en\/science-festival-2023\/sf-2013-was-wir-von-fetten-fliegen-lernen-die-genetik-des-uebergewichts\/","og_site_name":"XLAB Stiftung","twitter_card":"summary_large_image","schema":{"@context":"https:\/\/schema.org","@graph":[{"@type":"WebPage","@id":"https:\/\/xlab-stiftung.de\/science-festival-2023\/sf-2013-was-wir-von-fetten-fliegen-lernen-die-genetik-des-uebergewichts\/","url":"https:\/\/xlab-stiftung.de\/science-festival-2023\/sf-2013-was-wir-von-fetten-fliegen-lernen-die-genetik-des-uebergewichts\/","name":"SF-2013 Was wir von fetten Fliegen lernen: die Genetik des \u00dcbergewichts - XLAB Stiftung","isPartOf":{"@id":"https:\/\/xlab-stiftung.de\/#website"},"datePublished":"2023-01-25T08:17:40+00:00","dateModified":"2023-01-25T08:17:40+00:00","breadcrumb":{"@id":"https:\/\/xlab-stiftung.de\/science-festival-2023\/sf-2013-was-wir-von-fetten-fliegen-lernen-die-genetik-des-uebergewichts\/#breadcrumb"},"inLanguage":"en-US","potentialAction":[{"@type":"ReadAction","target":["https:\/\/xlab-stiftung.de\/science-festival-2023\/sf-2013-was-wir-von-fetten-fliegen-lernen-die-genetik-des-uebergewichts\/"]}]},{"@type":"BreadcrumbList","@id":"https:\/\/xlab-stiftung.de\/science-festival-2023\/sf-2013-was-wir-von-fetten-fliegen-lernen-die-genetik-des-uebergewichts\/#breadcrumb","itemListElement":[{"@type":"ListItem","position":1,"name":"Startseite","item":"https:\/\/xlab-stiftung.de\/"},{"@type":"ListItem","position":2,"name":"XLAB Science Festival 2023","item":"https:\/\/xlab-stiftung.de\/science-festival-2023\/"},{"@type":"ListItem","position":3,"name":"SF-2013 Was wir von fetten Fliegen lernen: die Genetik des \u00dcbergewichts"}]},{"@type":"WebSite","@id":"https:\/\/xlab-stiftung.de\/#website","url":"https:\/\/xlab-stiftung.de\/","name":"XLAB Stiftung","description":"","publisher":{"@id":"https:\/\/xlab-stiftung.de\/#organization"},"potentialAction":[{"@type":"SearchAction","target":{"@type":"EntryPoint","urlTemplate":"https:\/\/xlab-stiftung.de\/?s={search_term_string}"},"query-input":"required name=search_term_string"}],"inLanguage":"en-US"},{"@type":"Organization","@id":"https:\/\/xlab-stiftung.de\/#organization","name":"XLAB Stiftung","url":"https:\/\/xlab-stiftung.de\/","logo":{"@type":"ImageObject","inLanguage":"en-US","@id":"https:\/\/xlab-stiftung.de\/#\/schema\/logo\/image\/","url":"https:\/\/xlab-stiftung.de\/wp-content\/uploads\/2023\/01\/ezgif.com-gif-maker-5.gif","contentUrl":"https:\/\/xlab-stiftung.de\/wp-content\/uploads\/2023\/01\/ezgif.com-gif-maker-5.gif","width":2048,"height":230,"caption":"XLAB Stiftung"},"image":{"@id":"https:\/\/xlab-stiftung.de\/#\/schema\/logo\/image\/"}}]}},"_links":{"self":[{"href":"https:\/\/xlab-stiftung.de\/en\/wp-json\/wp\/v2\/pages\/923"}],"collection":[{"href":"https:\/\/xlab-stiftung.de\/en\/wp-json\/wp\/v2\/pages"}],"about":[{"href":"https:\/\/xlab-stiftung.de\/en\/wp-json\/wp\/v2\/types\/page"}],"author":[{"embeddable":true,"href":"https:\/\/xlab-stiftung.de\/en\/wp-json\/wp\/v2\/users\/1"}],"replies":[{"embeddable":true,"href":"https:\/\/xlab-stiftung.de\/en\/wp-json\/wp\/v2\/comments?post=923"}],"version-history":[{"count":1,"href":"https:\/\/xlab-stiftung.de\/en\/wp-json\/wp\/v2\/pages\/923\/revisions"}],"predecessor-version":[{"id":925,"href":"https:\/\/xlab-stiftung.de\/en\/wp-json\/wp\/v2\/pages\/923\/revisions\/925"}],"up":[{"embeddable":true,"href":"https:\/\/xlab-stiftung.de\/en\/wp-json\/wp\/v2\/pages\/129"}],"wp:attachment":[{"href":"https:\/\/xlab-stiftung.de\/en\/wp-json\/wp\/v2\/media?parent=923"}],"curies":[{"name":"wp","href":"https:\/\/api.w.org\/{rel}","templated":true}]}}