{"id":931,"date":"2023-01-25T08:19:03","date_gmt":"2023-01-25T08:19:03","guid":{"rendered":"https:\/\/xlab-stiftung.de\/?page_id=931"},"modified":"2023-01-25T08:19:25","modified_gmt":"2023-01-25T08:19:25","slug":"sf-2014-dem-higgs-boson-auf-der-spur","status":"publish","type":"page","link":"https:\/\/xlab-stiftung.de\/en\/science-festival-2023\/sf-2014-dem-higgs-boson-auf-der-spur\/","title":{"rendered":"SF-2013 Dem Higgs-Boson auf der Spur"},"content":{"rendered":"<p><em>Prof. Dr. Arnulf Quadt&nbsp;<br>Universit\u00e4t G\u00f6ttingen<\/em>&nbsp;<\/p>\n\n\n\n<p>Das Standardmodell der Elementarteilchenphysik ist eine der pr\u00e4zisesten Theorien der modernen Naturwissenschaft. Dennoch enth\u00e4lt es einige Aspekte, die Fragen aufwerfen oder bisher ungekl\u00e4rt waren. Mit dem Large Hadron Collider (Gro\u00dfer Hadronen-Speicherring) am CERN in Genf versuchen Forscherinnen und Forscher aus aller Welt seit Beginn der Datennahme im Jahr 2010, Antworten auf einige dieser Fragen zu erhalten. Im Juli 2012 ist es dabei den beiden Experimenten ATLAS und CMS gelungen, ein neues Teilchen mit einer Masse von etwa 125 Gigaelektronenvolt zu entdecken, bei dem es sich um das lange gesuchte Higgs-Teilchen handeln k\u00f6nnte. Im Vortrag wird diese Suche nachgezeichnet und der aktuelle Stand zur Physik des Higgs-Bosons dargestellt.<\/p>","protected":false},"excerpt":{"rendered":"<p>Prof. Dr. Arnulf Quadt&nbsp;Universit\u00e4t G\u00f6ttingen&nbsp; Das Standardmodell der Elementarteilchenphysik ist eine der pr\u00e4zisesten Theorien der modernen Naturwissenschaft. Dennoch enth\u00e4lt es einige Aspekte, die&hellip;<\/p>","protected":false},"author":1,"featured_media":0,"parent":129,"menu_order":6,"comment_status":"closed","ping_status":"closed","template":"","meta":[],"yoast_head":"<!-- This site is optimized with the Yoast SEO plugin v21.2 - https:\/\/yoast.com\/wordpress\/plugins\/seo\/ -->\n<title>SF-2013 Dem Higgs-Boson auf der Spur - XLAB Stiftung<\/title>\n<meta name=\"robots\" content=\"index, follow, max-snippet:-1, max-image-preview:large, max-video-preview:-1\" \/>\n<link rel=\"canonical\" href=\"https:\/\/xlab-stiftung.de\/en\/science-festival-2023\/sf-2014-dem-higgs-boson-auf-der-spur\/\" \/>\n<meta property=\"og:locale\" content=\"en_US\" \/>\n<meta property=\"og:type\" content=\"article\" \/>\n<meta property=\"og:title\" content=\"SF-2013 Dem Higgs-Boson auf der Spur - XLAB Stiftung\" \/>\n<meta property=\"og:description\" content=\"Prof. Dr. Arnulf Quadt&nbsp;Universit\u00e4t G\u00f6ttingen&nbsp; Das Standardmodell der Elementarteilchenphysik ist eine der pr\u00e4zisesten Theorien der modernen Naturwissenschaft. Dennoch enth\u00e4lt es einige Aspekte, die&hellip;\" \/>\n<meta property=\"og:url\" content=\"https:\/\/xlab-stiftung.de\/en\/science-festival-2023\/sf-2014-dem-higgs-boson-auf-der-spur\/\" \/>\n<meta property=\"og:site_name\" content=\"XLAB Stiftung\" \/>\n<meta property=\"article:modified_time\" content=\"2023-01-25T08:19:25+00:00\" \/>\n<meta name=\"twitter:card\" content=\"summary_large_image\" \/>\n<meta name=\"twitter:label1\" content=\"Est. reading time\" \/>\n\t<meta name=\"twitter:data1\" content=\"1 minute\" \/>\n<script type=\"application\/ld+json\" class=\"yoast-schema-graph\">{\"@context\":\"https:\/\/schema.org\",\"@graph\":[{\"@type\":\"WebPage\",\"@id\":\"https:\/\/xlab-stiftung.de\/science-festival-2023\/sf-2014-dem-higgs-boson-auf-der-spur\/\",\"url\":\"https:\/\/xlab-stiftung.de\/science-festival-2023\/sf-2014-dem-higgs-boson-auf-der-spur\/\",\"name\":\"SF-2013 Dem Higgs-Boson auf der Spur - XLAB Stiftung\",\"isPartOf\":{\"@id\":\"https:\/\/xlab-stiftung.de\/#website\"},\"datePublished\":\"2023-01-25T08:19:03+00:00\",\"dateModified\":\"2023-01-25T08:19:25+00:00\",\"breadcrumb\":{\"@id\":\"https:\/\/xlab-stiftung.de\/science-festival-2023\/sf-2014-dem-higgs-boson-auf-der-spur\/#breadcrumb\"},\"inLanguage\":\"en-US\",\"potentialAction\":[{\"@type\":\"ReadAction\",\"target\":[\"https:\/\/xlab-stiftung.de\/science-festival-2023\/sf-2014-dem-higgs-boson-auf-der-spur\/\"]}]},{\"@type\":\"BreadcrumbList\",\"@id\":\"https:\/\/xlab-stiftung.de\/science-festival-2023\/sf-2014-dem-higgs-boson-auf-der-spur\/#breadcrumb\",\"itemListElement\":[{\"@type\":\"ListItem\",\"position\":1,\"name\":\"Startseite\",\"item\":\"https:\/\/xlab-stiftung.de\/\"},{\"@type\":\"ListItem\",\"position\":2,\"name\":\"XLAB Science Festival 2023\",\"item\":\"https:\/\/xlab-stiftung.de\/science-festival-2023\/\"},{\"@type\":\"ListItem\",\"position\":3,\"name\":\"SF-2013 Dem Higgs-Boson auf der Spur\"}]},{\"@type\":\"WebSite\",\"@id\":\"https:\/\/xlab-stiftung.de\/#website\",\"url\":\"https:\/\/xlab-stiftung.de\/\",\"name\":\"XLAB Stiftung\",\"description\":\"\",\"publisher\":{\"@id\":\"https:\/\/xlab-stiftung.de\/#organization\"},\"potentialAction\":[{\"@type\":\"SearchAction\",\"target\":{\"@type\":\"EntryPoint\",\"urlTemplate\":\"https:\/\/xlab-stiftung.de\/?s={search_term_string}\"},\"query-input\":\"required name=search_term_string\"}],\"inLanguage\":\"en-US\"},{\"@type\":\"Organization\",\"@id\":\"https:\/\/xlab-stiftung.de\/#organization\",\"name\":\"XLAB Stiftung\",\"url\":\"https:\/\/xlab-stiftung.de\/\",\"logo\":{\"@type\":\"ImageObject\",\"inLanguage\":\"en-US\",\"@id\":\"https:\/\/xlab-stiftung.de\/#\/schema\/logo\/image\/\",\"url\":\"https:\/\/xlab-stiftung.de\/wp-content\/uploads\/2023\/01\/ezgif.com-gif-maker-5.gif\",\"contentUrl\":\"https:\/\/xlab-stiftung.de\/wp-content\/uploads\/2023\/01\/ezgif.com-gif-maker-5.gif\",\"width\":2048,\"height\":230,\"caption\":\"XLAB Stiftung\"},\"image\":{\"@id\":\"https:\/\/xlab-stiftung.de\/#\/schema\/logo\/image\/\"}}]}<\/script>\n<!-- \/ Yoast SEO plugin. -->","yoast_head_json":{"title":"SF-2013 Dem Higgs-Boson auf der Spur - XLAB Stiftung","robots":{"index":"index","follow":"follow","max-snippet":"max-snippet:-1","max-image-preview":"max-image-preview:large","max-video-preview":"max-video-preview:-1"},"canonical":"https:\/\/xlab-stiftung.de\/en\/science-festival-2023\/sf-2014-dem-higgs-boson-auf-der-spur\/","og_locale":"en_US","og_type":"article","og_title":"SF-2013 Dem Higgs-Boson auf der Spur - XLAB Stiftung","og_description":"Prof. Dr. Arnulf Quadt&nbsp;Universit\u00e4t G\u00f6ttingen&nbsp; Das Standardmodell der Elementarteilchenphysik ist eine der pr\u00e4zisesten Theorien der modernen Naturwissenschaft. Dennoch enth\u00e4lt es einige Aspekte, die&hellip;","og_url":"https:\/\/xlab-stiftung.de\/en\/science-festival-2023\/sf-2014-dem-higgs-boson-auf-der-spur\/","og_site_name":"XLAB Stiftung","article_modified_time":"2023-01-25T08:19:25+00:00","twitter_card":"summary_large_image","twitter_misc":{"Est. reading time":"1 minute"},"schema":{"@context":"https:\/\/schema.org","@graph":[{"@type":"WebPage","@id":"https:\/\/xlab-stiftung.de\/science-festival-2023\/sf-2014-dem-higgs-boson-auf-der-spur\/","url":"https:\/\/xlab-stiftung.de\/science-festival-2023\/sf-2014-dem-higgs-boson-auf-der-spur\/","name":"SF-2013 Dem Higgs-Boson auf der Spur - XLAB Stiftung","isPartOf":{"@id":"https:\/\/xlab-stiftung.de\/#website"},"datePublished":"2023-01-25T08:19:03+00:00","dateModified":"2023-01-25T08:19:25+00:00","breadcrumb":{"@id":"https:\/\/xlab-stiftung.de\/science-festival-2023\/sf-2014-dem-higgs-boson-auf-der-spur\/#breadcrumb"},"inLanguage":"en-US","potentialAction":[{"@type":"ReadAction","target":["https:\/\/xlab-stiftung.de\/science-festival-2023\/sf-2014-dem-higgs-boson-auf-der-spur\/"]}]},{"@type":"BreadcrumbList","@id":"https:\/\/xlab-stiftung.de\/science-festival-2023\/sf-2014-dem-higgs-boson-auf-der-spur\/#breadcrumb","itemListElement":[{"@type":"ListItem","position":1,"name":"Startseite","item":"https:\/\/xlab-stiftung.de\/"},{"@type":"ListItem","position":2,"name":"XLAB Science Festival 2023","item":"https:\/\/xlab-stiftung.de\/science-festival-2023\/"},{"@type":"ListItem","position":3,"name":"SF-2013 Dem Higgs-Boson auf der Spur"}]},{"@type":"WebSite","@id":"https:\/\/xlab-stiftung.de\/#website","url":"https:\/\/xlab-stiftung.de\/","name":"XLAB Stiftung","description":"","publisher":{"@id":"https:\/\/xlab-stiftung.de\/#organization"},"potentialAction":[{"@type":"SearchAction","target":{"@type":"EntryPoint","urlTemplate":"https:\/\/xlab-stiftung.de\/?s={search_term_string}"},"query-input":"required name=search_term_string"}],"inLanguage":"en-US"},{"@type":"Organization","@id":"https:\/\/xlab-stiftung.de\/#organization","name":"XLAB Stiftung","url":"https:\/\/xlab-stiftung.de\/","logo":{"@type":"ImageObject","inLanguage":"en-US","@id":"https:\/\/xlab-stiftung.de\/#\/schema\/logo\/image\/","url":"https:\/\/xlab-stiftung.de\/wp-content\/uploads\/2023\/01\/ezgif.com-gif-maker-5.gif","contentUrl":"https:\/\/xlab-stiftung.de\/wp-content\/uploads\/2023\/01\/ezgif.com-gif-maker-5.gif","width":2048,"height":230,"caption":"XLAB Stiftung"},"image":{"@id":"https:\/\/xlab-stiftung.de\/#\/schema\/logo\/image\/"}}]}},"_links":{"self":[{"href":"https:\/\/xlab-stiftung.de\/en\/wp-json\/wp\/v2\/pages\/931"}],"collection":[{"href":"https:\/\/xlab-stiftung.de\/en\/wp-json\/wp\/v2\/pages"}],"about":[{"href":"https:\/\/xlab-stiftung.de\/en\/wp-json\/wp\/v2\/types\/page"}],"author":[{"embeddable":true,"href":"https:\/\/xlab-stiftung.de\/en\/wp-json\/wp\/v2\/users\/1"}],"replies":[{"embeddable":true,"href":"https:\/\/xlab-stiftung.de\/en\/wp-json\/wp\/v2\/comments?post=931"}],"version-history":[{"count":2,"href":"https:\/\/xlab-stiftung.de\/en\/wp-json\/wp\/v2\/pages\/931\/revisions"}],"predecessor-version":[{"id":935,"href":"https:\/\/xlab-stiftung.de\/en\/wp-json\/wp\/v2\/pages\/931\/revisions\/935"}],"up":[{"embeddable":true,"href":"https:\/\/xlab-stiftung.de\/en\/wp-json\/wp\/v2\/pages\/129"}],"wp:attachment":[{"href":"https:\/\/xlab-stiftung.de\/en\/wp-json\/wp\/v2\/media?parent=931"}],"curies":[{"name":"wp","href":"https:\/\/api.w.org\/{rel}","templated":true}]}}